{"id":1357,"date":"2025-01-29T15:20:23","date_gmt":"2025-01-29T15:20:23","guid":{"rendered":"https:\/\/halleyrecords.com\/avis-legal\/"},"modified":"2025-09-25T15:32:00","modified_gmt":"2025-09-25T15:32:00","slug":"aviso-legal","status":"publish","type":"page","link":"https:\/\/halleyrecords.com\/es\/aviso-legal\/","title":{"rendered":"Aviso legal"},"content":{"rendered":"\n<p>Este sitio web es propiedad de Halley Records S.L., con domicilio en Avinguda Frederic Rahola 12, baixos 08032 Barcelona, con NIF B67576223, y con correo electr\u00f3nico de contacto <a href=\"&#109;&#x61;&#105;&#x6c;t&#111;&#x3a;&#104;&#x65;y&#x40;h&#97;&#x6c;&#108;&#x65;y&#x72;&#x65;&#99;&#x6f;r&#x64;s&#46;&#x63;&#111;&#x6d;\" target=\"_blank\" rel=\"noreferrer noopener\">&#104;&#x65;&#121;&#x40;&#104;&#x61;&#108;&#x6c;&#101;&#x79;&#114;&#x65;c&#x6f;r&#x64;s&#x2e;c&#x6f;m<\/a>.<br><br>El acceso y uso del sitio web atribuye la condici\u00f3n de usuario, e implica la aceptaci\u00f3n plena y sin reservas de todas las disposiciones incluidas en este aviso legal.<\/p>\n\n\n\n<p>El titular se reserva el derecho de modificar cualquier tipo de informaci\u00f3n que pueda aparecer en el sitio web, sin que exista obligaci\u00f3n de preavisar o poner en conocimiento de los usuarios dichas modificaciones.<\/p>\n\n\n\n<p><strong>Propiedad intelectual e industrial:<br><\/strong>Los contenidos de este sitio web (textos, im\u00e1genes, sonidos, animaciones, software y el resto de contenidos incluidos) son propiedad exclusiva del titular o dispone de los derechos necesarios para su explotaci\u00f3n.<\/p>\n\n\n\n<p>Responsabilidad:<br>El titular no se hace responsable de la informaci\u00f3n y contenidos almacenados en foros, redes sociales o cualquier otro medio que permita a terceros publicar contenidos de forma independiente en la p\u00e1gina web del prestador.<\/p>\n\n\n\n<p>Ley aplicable y jurisdicci\u00f3n:<br>Para la resoluci\u00f3n de todas las controversias o cuestiones relacionadas con el presente sitio web o de las actividades que en \u00e9l se desarrollen, ser\u00e1 de aplicaci\u00f3n la legislaci\u00f3n espa\u00f1ola, a la cual se someten expresamente las partes, siendo competentes para la resoluci\u00f3n de todos los conflictos derivados o relacionados con su uso los Juzgados y Tribunales de Barcelona.<\/p>\n","protected":false},"excerpt":{"rendered":"<p>Este sitio web es propiedad de Halley Records S.L., con domicilio en Avinguda Frederic Rahola 12, baixos 08032 Barcelona, con NIF B67576223, y con correo electr\u00f3nico de contacto h&#101;&#121;&#x40;&#x68;al&#108;&#101;&#x79;&#x72;ec&#111;&#114;&#x64;&#x73;&#46;c&#111;&#x6d;. El acceso y uso del sitio web atribuye la condici\u00f3n de usuario, e implica la aceptaci\u00f3n&#8230;<\/p>\n","protected":false},"author":1,"featured_media":0,"parent":0,"menu_order":0,"comment_status":"closed","ping_status":"closed","template":"","meta":{"_acf_changed":false,"footnotes":""},"class_list":["post-1357","page","type-page","status-publish","hentry"],"acf":[],"yoast_head":"<!-- This site is optimized with the Yoast SEO plugin v27.4 - https:\/\/yoast.com\/product\/yoast-seo-wordpress\/ -->\n<title>Aviso legal - Halley Records<\/title>\n<meta name=\"description\" content=\"El acceso y uso del sitio web atribuye la condici\u00f3n de usuario, e implica la aceptaci\u00f3n plena y sin reservas de todas las disposiciones incluidas en este aviso legal.\" \/>\n<meta name=\"robots\" content=\"index, follow, max-snippet:-1, max-image-preview:large, max-video-preview:-1\" \/>\n<link rel=\"canonical\" href=\"https:\/\/halleyrecords.com\/es\/aviso-legal\/\" \/>\n<meta property=\"og:locale\" content=\"es_ES\" \/>\n<meta property=\"og:type\" content=\"article\" \/>\n<meta property=\"og:title\" content=\"Aviso legal - Halley Records\" \/>\n<meta property=\"og:description\" content=\"El acceso y uso del sitio web atribuye la condici\u00f3n de usuario, e implica la aceptaci\u00f3n plena y sin reservas de todas las disposiciones incluidas en este aviso legal.\" \/>\n<meta property=\"og:url\" content=\"https:\/\/halleyrecords.com\/es\/aviso-legal\/\" \/>\n<meta property=\"og:site_name\" content=\"Halley Records\" \/>\n<meta property=\"article:modified_time\" content=\"2025-09-25T15:32:00+00:00\" \/>\n<meta name=\"twitter:card\" content=\"summary_large_image\" \/>\n<meta name=\"twitter:label1\" content=\"Tiempo de lectura\" \/>\n\t<meta name=\"twitter:data1\" content=\"2 minutos\" \/>\n<script type=\"application\/ld+json\" class=\"yoast-schema-graph\">{\"@context\":\"https:\\\/\\\/schema.org\",\"@graph\":[{\"@type\":\"WebPage\",\"@id\":\"https:\\\/\\\/halleyrecords.com\\\/es\\\/aviso-legal\\\/\",\"url\":\"https:\\\/\\\/halleyrecords.com\\\/es\\\/aviso-legal\\\/\",\"name\":\"Aviso legal - Halley Records\",\"isPartOf\":{\"@id\":\"https:\\\/\\\/halleyrecords.com\\\/es\\\/#website\"},\"datePublished\":\"2025-01-29T15:20:23+00:00\",\"dateModified\":\"2025-09-25T15:32:00+00:00\",\"description\":\"El acceso y uso del sitio web atribuye la condici\u00f3n de usuario, e implica la aceptaci\u00f3n plena y sin reservas de todas las disposiciones incluidas en este aviso legal.\",\"breadcrumb\":{\"@id\":\"https:\\\/\\\/halleyrecords.com\\\/es\\\/aviso-legal\\\/#breadcrumb\"},\"inLanguage\":\"es\",\"potentialAction\":[{\"@type\":\"ReadAction\",\"target\":[\"https:\\\/\\\/halleyrecords.com\\\/es\\\/aviso-legal\\\/\"]}]},{\"@type\":\"BreadcrumbList\",\"@id\":\"https:\\\/\\\/halleyrecords.com\\\/es\\\/aviso-legal\\\/#breadcrumb\",\"itemListElement\":[{\"@type\":\"ListItem\",\"position\":1,\"name\":\"Home\",\"item\":\"https:\\\/\\\/halleyrecords.com\\\/es\\\/\"},{\"@type\":\"ListItem\",\"position\":2,\"name\":\"Aviso legal\"}]},{\"@type\":\"WebSite\",\"@id\":\"https:\\\/\\\/halleyrecords.com\\\/es\\\/#website\",\"url\":\"https:\\\/\\\/halleyrecords.com\\\/es\\\/\",\"name\":\"Halley Records\",\"description\":\"\",\"publisher\":{\"@id\":\"https:\\\/\\\/halleyrecords.com\\\/es\\\/#organization\"},\"potentialAction\":[{\"@type\":\"SearchAction\",\"target\":{\"@type\":\"EntryPoint\",\"urlTemplate\":\"https:\\\/\\\/halleyrecords.com\\\/es\\\/?s={search_term_string}\"},\"query-input\":{\"@type\":\"PropertyValueSpecification\",\"valueRequired\":true,\"valueName\":\"search_term_string\"}}],\"inLanguage\":\"es\"},{\"@type\":\"Organization\",\"@id\":\"https:\\\/\\\/halleyrecords.com\\\/es\\\/#organization\",\"name\":\"Halley Records\",\"url\":\"https:\\\/\\\/halleyrecords.com\\\/es\\\/\",\"logo\":{\"@type\":\"ImageObject\",\"inLanguage\":\"es\",\"@id\":\"https:\\\/\\\/halleyrecords.com\\\/es\\\/#\\\/schema\\\/logo\\\/image\\\/\",\"url\":\"https:\\\/\\\/halleyrecords.com\\\/wp-content\\\/uploads\\\/2025\\\/09\\\/Halley_logo_positiu.png\",\"contentUrl\":\"https:\\\/\\\/halleyrecords.com\\\/wp-content\\\/uploads\\\/2025\\\/09\\\/Halley_logo_positiu.png\",\"width\":2008,\"height\":1521,\"caption\":\"Halley Records\"},\"image\":{\"@id\":\"https:\\\/\\\/halleyrecords.com\\\/es\\\/#\\\/schema\\\/logo\\\/image\\\/\"},\"sameAs\":[\"https:\\\/\\\/www.instagram.com\\\/halleyrecords\"]}]}<\/script>\n<!-- \/ Yoast SEO plugin. -->","yoast_head_json":{"title":"Aviso legal - Halley Records","description":"El acceso y uso del sitio web atribuye la condici\u00f3n de usuario, e implica la aceptaci\u00f3n plena y sin reservas de todas las disposiciones incluidas en este aviso legal.","robots":{"index":"index","follow":"follow","max-snippet":"max-snippet:-1","max-image-preview":"max-image-preview:large","max-video-preview":"max-video-preview:-1"},"canonical":"https:\/\/halleyrecords.com\/es\/aviso-legal\/","og_locale":"es_ES","og_type":"article","og_title":"Aviso legal - Halley Records","og_description":"El acceso y uso del sitio web atribuye la condici\u00f3n de usuario, e implica la aceptaci\u00f3n plena y sin reservas de todas las disposiciones incluidas en este aviso legal.","og_url":"https:\/\/halleyrecords.com\/es\/aviso-legal\/","og_site_name":"Halley Records","article_modified_time":"2025-09-25T15:32:00+00:00","twitter_card":"summary_large_image","twitter_misc":{"Tiempo de lectura":"2 minutos"},"schema":{"@context":"https:\/\/schema.org","@graph":[{"@type":"WebPage","@id":"https:\/\/halleyrecords.com\/es\/aviso-legal\/","url":"https:\/\/halleyrecords.com\/es\/aviso-legal\/","name":"Aviso legal - Halley Records","isPartOf":{"@id":"https:\/\/halleyrecords.com\/es\/#website"},"datePublished":"2025-01-29T15:20:23+00:00","dateModified":"2025-09-25T15:32:00+00:00","description":"El acceso y uso del sitio web atribuye la condici\u00f3n de usuario, e implica la aceptaci\u00f3n plena y sin reservas de todas las disposiciones incluidas en este aviso legal.","breadcrumb":{"@id":"https:\/\/halleyrecords.com\/es\/aviso-legal\/#breadcrumb"},"inLanguage":"es","potentialAction":[{"@type":"ReadAction","target":["https:\/\/halleyrecords.com\/es\/aviso-legal\/"]}]},{"@type":"BreadcrumbList","@id":"https:\/\/halleyrecords.com\/es\/aviso-legal\/#breadcrumb","itemListElement":[{"@type":"ListItem","position":1,"name":"Home","item":"https:\/\/halleyrecords.com\/es\/"},{"@type":"ListItem","position":2,"name":"Aviso legal"}]},{"@type":"WebSite","@id":"https:\/\/halleyrecords.com\/es\/#website","url":"https:\/\/halleyrecords.com\/es\/","name":"Halley Records","description":"","publisher":{"@id":"https:\/\/halleyrecords.com\/es\/#organization"},"potentialAction":[{"@type":"SearchAction","target":{"@type":"EntryPoint","urlTemplate":"https:\/\/halleyrecords.com\/es\/?s={search_term_string}"},"query-input":{"@type":"PropertyValueSpecification","valueRequired":true,"valueName":"search_term_string"}}],"inLanguage":"es"},{"@type":"Organization","@id":"https:\/\/halleyrecords.com\/es\/#organization","name":"Halley Records","url":"https:\/\/halleyrecords.com\/es\/","logo":{"@type":"ImageObject","inLanguage":"es","@id":"https:\/\/halleyrecords.com\/es\/#\/schema\/logo\/image\/","url":"https:\/\/halleyrecords.com\/wp-content\/uploads\/2025\/09\/Halley_logo_positiu.png","contentUrl":"https:\/\/halleyrecords.com\/wp-content\/uploads\/2025\/09\/Halley_logo_positiu.png","width":2008,"height":1521,"caption":"Halley Records"},"image":{"@id":"https:\/\/halleyrecords.com\/es\/#\/schema\/logo\/image\/"},"sameAs":["https:\/\/www.instagram.com\/halleyrecords"]}]}},"_links":{"self":[{"href":"https:\/\/halleyrecords.com\/es\/wp-json\/wp\/v2\/pages\/1357","targetHints":{"allow":["GET"]}}],"collection":[{"href":"https:\/\/halleyrecords.com\/es\/wp-json\/wp\/v2\/pages"}],"about":[{"href":"https:\/\/halleyrecords.com\/es\/wp-json\/wp\/v2\/types\/page"}],"author":[{"embeddable":true,"href":"https:\/\/halleyrecords.com\/es\/wp-json\/wp\/v2\/users\/1"}],"replies":[{"embeddable":true,"href":"https:\/\/halleyrecords.com\/es\/wp-json\/wp\/v2\/comments?post=1357"}],"version-history":[{"count":2,"href":"https:\/\/halleyrecords.com\/es\/wp-json\/wp\/v2\/pages\/1357\/revisions"}],"predecessor-version":[{"id":1385,"href":"https:\/\/halleyrecords.com\/es\/wp-json\/wp\/v2\/pages\/1357\/revisions\/1385"}],"wp:attachment":[{"href":"https:\/\/halleyrecords.com\/es\/wp-json\/wp\/v2\/media?parent=1357"}],"curies":[{"name":"wp","href":"https:\/\/api.w.org\/{rel}","templated":true}]}}