{"id":1395,"date":"2025-01-29T15:19:52","date_gmt":"2025-01-29T15:19:52","guid":{"rendered":"https:\/\/halleyrecords.com\/?page_id=1395"},"modified":"2025-08-05T09:58:57","modified_gmt":"2025-08-05T09:58:57","slug":"envios-y-devoluciones","status":"publish","type":"page","link":"https:\/\/halleyrecords.com\/es\/envios-y-devoluciones\/","title":{"rendered":"Env\u00edos y devoluciones"},"content":{"rendered":"\n<p><\/p>\n\n\n\n<p>Todos los vinilos comercializados por Halley Records han pasado por un test pressing y un posterior control de calidad para garantizar su correcto funcionamiento. A pesar de este proceso de verificaci\u00f3n, si alg\u00fan producto presenta defectos de fabricaci\u00f3n, el\/la cliente tiene derecho a solicitar su sustituci\u00f3n o devoluci\u00f3n, de acuerdo con la normativa vigente en materia de derechos del consumidor. Esta garant\u00eda tiene una duraci\u00f3n m\u00ednima de tres a\u00f1os desde la fecha de compra.<\/p>\n\n\n\n<p>En caso de que el problema provenga del aparato reproductor de vinilos o de condiciones inadecuadas de uso, no se proceder\u00e1 a su sustituci\u00f3n ni reembolso, de acuerdo con el art\u00edculo 118 y siguientes del Real Decreto Legislativo 1\/2007. Antes de aceptar cualquier cambio o devoluci\u00f3n, Halley Records comprobar\u00e1 si el producto presenta realmente un defecto de fabricaci\u00f3n.<\/p>\n\n\n\n<p>El env\u00edo del vinilo para su comprobaci\u00f3n inicial corre a cargo del\/la comprador\/a. Si se confirma un defecto de fabricaci\u00f3n, Halley Records asumir\u00e1 los costes de env\u00edo correspondientes.<\/p>\n\n\n\n<p>Esta garant\u00eda no afecta los derechos legales del consumidor establecidos por la normativa vigente.<\/p>\n\n\n\n<p><\/p>\n","protected":false},"excerpt":{"rendered":"<p>Todos los vinilos comercializados por Halley Records han pasado por un test pressing y un posterior control de calidad para garantizar su correcto funcionamiento. A pesar de este proceso de verificaci\u00f3n, si alg\u00fan producto presenta defectos de fabricaci\u00f3n, el\/la cliente tiene derecho a solicitar su&#8230;<\/p>\n","protected":false},"author":3,"featured_media":0,"parent":0,"menu_order":0,"comment_status":"closed","ping_status":"closed","template":"","meta":{"_acf_changed":false,"footnotes":""},"class_list":["post-1395","page","type-page","status-publish","hentry"],"acf":[],"yoast_head":"<!-- This site is optimized with the Yoast SEO plugin v27.4 - https:\/\/yoast.com\/product\/yoast-seo-wordpress\/ -->\n<title>Env\u00edos y devoluciones - Halley Records<\/title>\n<meta name=\"robots\" content=\"index, follow, max-snippet:-1, max-image-preview:large, max-video-preview:-1\" \/>\n<link rel=\"canonical\" href=\"https:\/\/halleyrecords.com\/es\/envios-y-devoluciones\/\" \/>\n<meta property=\"og:locale\" content=\"es_ES\" \/>\n<meta property=\"og:type\" content=\"article\" \/>\n<meta property=\"og:title\" content=\"Env\u00edos y devoluciones - Halley Records\" \/>\n<meta property=\"og:description\" content=\"Todos los vinilos comercializados por Halley Records han pasado por un test pressing y un posterior control de calidad para garantizar su correcto funcionamiento. A pesar de este proceso de verificaci\u00f3n, si alg\u00fan producto presenta defectos de fabricaci\u00f3n, el\/la cliente tiene derecho a solicitar su...\" \/>\n<meta property=\"og:url\" content=\"https:\/\/halleyrecords.com\/es\/envios-y-devoluciones\/\" \/>\n<meta property=\"og:site_name\" content=\"Halley Records\" \/>\n<meta property=\"article:modified_time\" content=\"2025-08-05T09:58:57+00:00\" \/>\n<meta name=\"twitter:card\" content=\"summary_large_image\" \/>\n<meta name=\"twitter:label1\" content=\"Tiempo de lectura\" \/>\n\t<meta name=\"twitter:data1\" content=\"1 minuto\" \/>\n<script type=\"application\/ld+json\" class=\"yoast-schema-graph\">{\"@context\":\"https:\\\/\\\/schema.org\",\"@graph\":[{\"@type\":\"WebPage\",\"@id\":\"https:\\\/\\\/halleyrecords.com\\\/es\\\/envios-y-devoluciones\\\/\",\"url\":\"https:\\\/\\\/halleyrecords.com\\\/es\\\/envios-y-devoluciones\\\/\",\"name\":\"Env\u00edos y devoluciones - Halley Records\",\"isPartOf\":{\"@id\":\"https:\\\/\\\/halleyrecords.com\\\/es\\\/#website\"},\"datePublished\":\"2025-01-29T15:19:52+00:00\",\"dateModified\":\"2025-08-05T09:58:57+00:00\",\"breadcrumb\":{\"@id\":\"https:\\\/\\\/halleyrecords.com\\\/es\\\/envios-y-devoluciones\\\/#breadcrumb\"},\"inLanguage\":\"es\",\"potentialAction\":[{\"@type\":\"ReadAction\",\"target\":[\"https:\\\/\\\/halleyrecords.com\\\/es\\\/envios-y-devoluciones\\\/\"]}]},{\"@type\":\"BreadcrumbList\",\"@id\":\"https:\\\/\\\/halleyrecords.com\\\/es\\\/envios-y-devoluciones\\\/#breadcrumb\",\"itemListElement\":[{\"@type\":\"ListItem\",\"position\":1,\"name\":\"Home\",\"item\":\"https:\\\/\\\/halleyrecords.com\\\/es\\\/\"},{\"@type\":\"ListItem\",\"position\":2,\"name\":\"Env\u00edos y devoluciones\"}]},{\"@type\":\"WebSite\",\"@id\":\"https:\\\/\\\/halleyrecords.com\\\/es\\\/#website\",\"url\":\"https:\\\/\\\/halleyrecords.com\\\/es\\\/\",\"name\":\"Halley Records\",\"description\":\"\",\"publisher\":{\"@id\":\"https:\\\/\\\/halleyrecords.com\\\/es\\\/#organization\"},\"potentialAction\":[{\"@type\":\"SearchAction\",\"target\":{\"@type\":\"EntryPoint\",\"urlTemplate\":\"https:\\\/\\\/halleyrecords.com\\\/es\\\/?s={search_term_string}\"},\"query-input\":{\"@type\":\"PropertyValueSpecification\",\"valueRequired\":true,\"valueName\":\"search_term_string\"}}],\"inLanguage\":\"es\"},{\"@type\":\"Organization\",\"@id\":\"https:\\\/\\\/halleyrecords.com\\\/es\\\/#organization\",\"name\":\"Halley Records\",\"url\":\"https:\\\/\\\/halleyrecords.com\\\/es\\\/\",\"logo\":{\"@type\":\"ImageObject\",\"inLanguage\":\"es\",\"@id\":\"https:\\\/\\\/halleyrecords.com\\\/es\\\/#\\\/schema\\\/logo\\\/image\\\/\",\"url\":\"https:\\\/\\\/halleyrecords.com\\\/wp-content\\\/uploads\\\/2025\\\/09\\\/Halley_logo_positiu.png\",\"contentUrl\":\"https:\\\/\\\/halleyrecords.com\\\/wp-content\\\/uploads\\\/2025\\\/09\\\/Halley_logo_positiu.png\",\"width\":2008,\"height\":1521,\"caption\":\"Halley Records\"},\"image\":{\"@id\":\"https:\\\/\\\/halleyrecords.com\\\/es\\\/#\\\/schema\\\/logo\\\/image\\\/\"},\"sameAs\":[\"https:\\\/\\\/www.instagram.com\\\/halleyrecords\"]}]}<\/script>\n<!-- \/ Yoast SEO plugin. -->","yoast_head_json":{"title":"Env\u00edos y devoluciones - Halley Records","robots":{"index":"index","follow":"follow","max-snippet":"max-snippet:-1","max-image-preview":"max-image-preview:large","max-video-preview":"max-video-preview:-1"},"canonical":"https:\/\/halleyrecords.com\/es\/envios-y-devoluciones\/","og_locale":"es_ES","og_type":"article","og_title":"Env\u00edos y devoluciones - Halley Records","og_description":"Todos los vinilos comercializados por Halley Records han pasado por un test pressing y un posterior control de calidad para garantizar su correcto funcionamiento. A pesar de este proceso de verificaci\u00f3n, si alg\u00fan producto presenta defectos de fabricaci\u00f3n, el\/la cliente tiene derecho a solicitar su...","og_url":"https:\/\/halleyrecords.com\/es\/envios-y-devoluciones\/","og_site_name":"Halley Records","article_modified_time":"2025-08-05T09:58:57+00:00","twitter_card":"summary_large_image","twitter_misc":{"Tiempo de lectura":"1 minuto"},"schema":{"@context":"https:\/\/schema.org","@graph":[{"@type":"WebPage","@id":"https:\/\/halleyrecords.com\/es\/envios-y-devoluciones\/","url":"https:\/\/halleyrecords.com\/es\/envios-y-devoluciones\/","name":"Env\u00edos y devoluciones - Halley Records","isPartOf":{"@id":"https:\/\/halleyrecords.com\/es\/#website"},"datePublished":"2025-01-29T15:19:52+00:00","dateModified":"2025-08-05T09:58:57+00:00","breadcrumb":{"@id":"https:\/\/halleyrecords.com\/es\/envios-y-devoluciones\/#breadcrumb"},"inLanguage":"es","potentialAction":[{"@type":"ReadAction","target":["https:\/\/halleyrecords.com\/es\/envios-y-devoluciones\/"]}]},{"@type":"BreadcrumbList","@id":"https:\/\/halleyrecords.com\/es\/envios-y-devoluciones\/#breadcrumb","itemListElement":[{"@type":"ListItem","position":1,"name":"Home","item":"https:\/\/halleyrecords.com\/es\/"},{"@type":"ListItem","position":2,"name":"Env\u00edos y devoluciones"}]},{"@type":"WebSite","@id":"https:\/\/halleyrecords.com\/es\/#website","url":"https:\/\/halleyrecords.com\/es\/","name":"Halley Records","description":"","publisher":{"@id":"https:\/\/halleyrecords.com\/es\/#organization"},"potentialAction":[{"@type":"SearchAction","target":{"@type":"EntryPoint","urlTemplate":"https:\/\/halleyrecords.com\/es\/?s={search_term_string}"},"query-input":{"@type":"PropertyValueSpecification","valueRequired":true,"valueName":"search_term_string"}}],"inLanguage":"es"},{"@type":"Organization","@id":"https:\/\/halleyrecords.com\/es\/#organization","name":"Halley Records","url":"https:\/\/halleyrecords.com\/es\/","logo":{"@type":"ImageObject","inLanguage":"es","@id":"https:\/\/halleyrecords.com\/es\/#\/schema\/logo\/image\/","url":"https:\/\/halleyrecords.com\/wp-content\/uploads\/2025\/09\/Halley_logo_positiu.png","contentUrl":"https:\/\/halleyrecords.com\/wp-content\/uploads\/2025\/09\/Halley_logo_positiu.png","width":2008,"height":1521,"caption":"Halley Records"},"image":{"@id":"https:\/\/halleyrecords.com\/es\/#\/schema\/logo\/image\/"},"sameAs":["https:\/\/www.instagram.com\/halleyrecords"]}]}},"_links":{"self":[{"href":"https:\/\/halleyrecords.com\/es\/wp-json\/wp\/v2\/pages\/1395","targetHints":{"allow":["GET"]}}],"collection":[{"href":"https:\/\/halleyrecords.com\/es\/wp-json\/wp\/v2\/pages"}],"about":[{"href":"https:\/\/halleyrecords.com\/es\/wp-json\/wp\/v2\/types\/page"}],"author":[{"embeddable":true,"href":"https:\/\/halleyrecords.com\/es\/wp-json\/wp\/v2\/users\/3"}],"replies":[{"embeddable":true,"href":"https:\/\/halleyrecords.com\/es\/wp-json\/wp\/v2\/comments?post=1395"}],"version-history":[{"count":1,"href":"https:\/\/halleyrecords.com\/es\/wp-json\/wp\/v2\/pages\/1395\/revisions"}],"predecessor-version":[{"id":1396,"href":"https:\/\/halleyrecords.com\/es\/wp-json\/wp\/v2\/pages\/1395\/revisions\/1396"}],"wp:attachment":[{"href":"https:\/\/halleyrecords.com\/es\/wp-json\/wp\/v2\/media?parent=1395"}],"curies":[{"name":"wp","href":"https:\/\/api.w.org\/{rel}","templated":true}]}}