{"id":1400,"date":"2025-01-29T15:20:41","date_gmt":"2025-01-29T15:20:41","guid":{"rendered":"https:\/\/halleyrecords.com\/?page_id=1400"},"modified":"2025-08-05T10:08:57","modified_gmt":"2025-08-05T10:08:57","slug":"politica-de-cookies","status":"publish","type":"page","link":"https:\/\/halleyrecords.com\/es\/politica-de-cookies\/","title":{"rendered":"Pol\u00edtica de cookies"},"content":{"rendered":"\n<p><\/p>\n\n\n\n<p>Este sitio web utiliza cookies propias y de terceros para personalizar el contenido, ofrecer funcionalidades de redes sociales y analizar el tr\u00e1fico. Puede aceptar o rechazar todas las cookies o configurar sus preferencias desde el panel de configuraci\u00f3n.<\/p>\n\n\n\n<p><strong>\u00bfQu\u00e9 son las cookies?<\/strong><\/p>\n\n\n\n<p>Las cookies son peque\u00f1os archivos que se descargan en su dispositivo cuando visita determinadas p\u00e1ginas web. Sirven para almacenar y recuperar informaci\u00f3n sobre la navegaci\u00f3n del usuario y pueden utilizarse para reconocer al usuario.<\/p>\n\n\n\n<p><strong>Tipos de cookies utilizadas en este sitio web:<\/strong><\/p>\n\n\n\n<ul class=\"wp-block-list\">\n<li><strong>Cookies t\u00e9cnicas:<\/strong> Necesarias para el correcto funcionamiento del sitio web. No requieren consentimiento.<\/li>\n\n\n\n<li><strong>Cookies de an\u00e1lisis o medici\u00f3n:<\/strong> Nos permiten cuantificar el n\u00famero de usuarios y as\u00ed realizar un an\u00e1lisis estad\u00edstico del uso del servicio.<\/li>\n\n\n\n<li><strong>Cookies de publicidad comportamental:<\/strong> Almacenan informaci\u00f3n sobre los h\u00e1bitos de navegaci\u00f3n para mostrar publicidad relacionada con los intereses del usuario.<\/li>\n<\/ul>\n\n\n\n<p><strong>Gesti\u00f3n de cookies<\/strong><\/p>\n\n\n\n<p>El usuario puede configurar su navegador para bloquear o eliminar las cookies. No obstante, algunas funcionalidades del sitio pueden no funcionar correctamente. Puede gestionar sus preferencias en cualquier momento desde [enlace al panel de configuraci\u00f3n de cookies].<\/p>\n\n\n\n<p>Para m\u00e1s informaci\u00f3n sobre el tratamiento de sus datos personales, puede consultar nuestra Pol\u00edtica de privacidad.<\/p>\n\n\n\n<p><\/p>\n","protected":false},"excerpt":{"rendered":"<p>Este sitio web utiliza cookies propias y de terceros para personalizar el contenido, ofrecer funcionalidades de redes sociales y analizar el tr\u00e1fico. Puede aceptar o rechazar todas las cookies o configurar sus preferencias desde el panel de configuraci\u00f3n. \u00bfQu\u00e9 son las cookies? Las cookies son&#8230;<\/p>\n","protected":false},"author":3,"featured_media":0,"parent":0,"menu_order":0,"comment_status":"closed","ping_status":"closed","template":"","meta":{"_acf_changed":false,"footnotes":""},"class_list":["post-1400","page","type-page","status-publish","hentry"],"acf":[],"yoast_head":"<!-- This site is optimized with the Yoast SEO plugin v27.4 - https:\/\/yoast.com\/product\/yoast-seo-wordpress\/ -->\n<title>Pol\u00edtica de cookies - Halley Records<\/title>\n<meta name=\"robots\" content=\"index, follow, max-snippet:-1, max-image-preview:large, max-video-preview:-1\" \/>\n<link rel=\"canonical\" href=\"https:\/\/halleyrecords.com\/es\/politica-de-cookies\/\" \/>\n<meta property=\"og:locale\" content=\"es_ES\" \/>\n<meta property=\"og:type\" content=\"article\" \/>\n<meta property=\"og:title\" content=\"Pol\u00edtica de cookies - Halley Records\" \/>\n<meta property=\"og:description\" content=\"Este sitio web utiliza cookies propias y de terceros para personalizar el contenido, ofrecer funcionalidades de redes sociales y analizar el tr\u00e1fico. Puede aceptar o rechazar todas las cookies o configurar sus preferencias desde el panel de configuraci\u00f3n. \u00bfQu\u00e9 son las cookies? Las cookies son...\" \/>\n<meta property=\"og:url\" content=\"https:\/\/halleyrecords.com\/es\/politica-de-cookies\/\" \/>\n<meta property=\"og:site_name\" content=\"Halley Records\" \/>\n<meta property=\"article:modified_time\" content=\"2025-08-05T10:08:57+00:00\" \/>\n<meta name=\"twitter:card\" content=\"summary_large_image\" \/>\n<meta name=\"twitter:label1\" content=\"Tiempo de lectura\" \/>\n\t<meta name=\"twitter:data1\" content=\"2 minutos\" \/>\n<script type=\"application\/ld+json\" class=\"yoast-schema-graph\">{\"@context\":\"https:\\\/\\\/schema.org\",\"@graph\":[{\"@type\":\"WebPage\",\"@id\":\"https:\\\/\\\/halleyrecords.com\\\/es\\\/politica-de-cookies\\\/\",\"url\":\"https:\\\/\\\/halleyrecords.com\\\/es\\\/politica-de-cookies\\\/\",\"name\":\"Pol\u00edtica de cookies - Halley Records\",\"isPartOf\":{\"@id\":\"https:\\\/\\\/halleyrecords.com\\\/es\\\/#website\"},\"datePublished\":\"2025-01-29T15:20:41+00:00\",\"dateModified\":\"2025-08-05T10:08:57+00:00\",\"breadcrumb\":{\"@id\":\"https:\\\/\\\/halleyrecords.com\\\/es\\\/politica-de-cookies\\\/#breadcrumb\"},\"inLanguage\":\"es\",\"potentialAction\":[{\"@type\":\"ReadAction\",\"target\":[\"https:\\\/\\\/halleyrecords.com\\\/es\\\/politica-de-cookies\\\/\"]}]},{\"@type\":\"BreadcrumbList\",\"@id\":\"https:\\\/\\\/halleyrecords.com\\\/es\\\/politica-de-cookies\\\/#breadcrumb\",\"itemListElement\":[{\"@type\":\"ListItem\",\"position\":1,\"name\":\"Home\",\"item\":\"https:\\\/\\\/halleyrecords.com\\\/es\\\/\"},{\"@type\":\"ListItem\",\"position\":2,\"name\":\"Pol\u00edtica de cookies\"}]},{\"@type\":\"WebSite\",\"@id\":\"https:\\\/\\\/halleyrecords.com\\\/es\\\/#website\",\"url\":\"https:\\\/\\\/halleyrecords.com\\\/es\\\/\",\"name\":\"Halley Records\",\"description\":\"\",\"publisher\":{\"@id\":\"https:\\\/\\\/halleyrecords.com\\\/es\\\/#organization\"},\"potentialAction\":[{\"@type\":\"SearchAction\",\"target\":{\"@type\":\"EntryPoint\",\"urlTemplate\":\"https:\\\/\\\/halleyrecords.com\\\/es\\\/?s={search_term_string}\"},\"query-input\":{\"@type\":\"PropertyValueSpecification\",\"valueRequired\":true,\"valueName\":\"search_term_string\"}}],\"inLanguage\":\"es\"},{\"@type\":\"Organization\",\"@id\":\"https:\\\/\\\/halleyrecords.com\\\/es\\\/#organization\",\"name\":\"Halley Records\",\"url\":\"https:\\\/\\\/halleyrecords.com\\\/es\\\/\",\"logo\":{\"@type\":\"ImageObject\",\"inLanguage\":\"es\",\"@id\":\"https:\\\/\\\/halleyrecords.com\\\/es\\\/#\\\/schema\\\/logo\\\/image\\\/\",\"url\":\"https:\\\/\\\/halleyrecords.com\\\/wp-content\\\/uploads\\\/2025\\\/09\\\/Halley_logo_positiu.png\",\"contentUrl\":\"https:\\\/\\\/halleyrecords.com\\\/wp-content\\\/uploads\\\/2025\\\/09\\\/Halley_logo_positiu.png\",\"width\":2008,\"height\":1521,\"caption\":\"Halley Records\"},\"image\":{\"@id\":\"https:\\\/\\\/halleyrecords.com\\\/es\\\/#\\\/schema\\\/logo\\\/image\\\/\"},\"sameAs\":[\"https:\\\/\\\/www.instagram.com\\\/halleyrecords\"]}]}<\/script>\n<!-- \/ Yoast SEO plugin. -->","yoast_head_json":{"title":"Pol\u00edtica de cookies - Halley Records","robots":{"index":"index","follow":"follow","max-snippet":"max-snippet:-1","max-image-preview":"max-image-preview:large","max-video-preview":"max-video-preview:-1"},"canonical":"https:\/\/halleyrecords.com\/es\/politica-de-cookies\/","og_locale":"es_ES","og_type":"article","og_title":"Pol\u00edtica de cookies - Halley Records","og_description":"Este sitio web utiliza cookies propias y de terceros para personalizar el contenido, ofrecer funcionalidades de redes sociales y analizar el tr\u00e1fico. Puede aceptar o rechazar todas las cookies o configurar sus preferencias desde el panel de configuraci\u00f3n. \u00bfQu\u00e9 son las cookies? Las cookies son...","og_url":"https:\/\/halleyrecords.com\/es\/politica-de-cookies\/","og_site_name":"Halley Records","article_modified_time":"2025-08-05T10:08:57+00:00","twitter_card":"summary_large_image","twitter_misc":{"Tiempo de lectura":"2 minutos"},"schema":{"@context":"https:\/\/schema.org","@graph":[{"@type":"WebPage","@id":"https:\/\/halleyrecords.com\/es\/politica-de-cookies\/","url":"https:\/\/halleyrecords.com\/es\/politica-de-cookies\/","name":"Pol\u00edtica de cookies - Halley Records","isPartOf":{"@id":"https:\/\/halleyrecords.com\/es\/#website"},"datePublished":"2025-01-29T15:20:41+00:00","dateModified":"2025-08-05T10:08:57+00:00","breadcrumb":{"@id":"https:\/\/halleyrecords.com\/es\/politica-de-cookies\/#breadcrumb"},"inLanguage":"es","potentialAction":[{"@type":"ReadAction","target":["https:\/\/halleyrecords.com\/es\/politica-de-cookies\/"]}]},{"@type":"BreadcrumbList","@id":"https:\/\/halleyrecords.com\/es\/politica-de-cookies\/#breadcrumb","itemListElement":[{"@type":"ListItem","position":1,"name":"Home","item":"https:\/\/halleyrecords.com\/es\/"},{"@type":"ListItem","position":2,"name":"Pol\u00edtica de cookies"}]},{"@type":"WebSite","@id":"https:\/\/halleyrecords.com\/es\/#website","url":"https:\/\/halleyrecords.com\/es\/","name":"Halley Records","description":"","publisher":{"@id":"https:\/\/halleyrecords.com\/es\/#organization"},"potentialAction":[{"@type":"SearchAction","target":{"@type":"EntryPoint","urlTemplate":"https:\/\/halleyrecords.com\/es\/?s={search_term_string}"},"query-input":{"@type":"PropertyValueSpecification","valueRequired":true,"valueName":"search_term_string"}}],"inLanguage":"es"},{"@type":"Organization","@id":"https:\/\/halleyrecords.com\/es\/#organization","name":"Halley Records","url":"https:\/\/halleyrecords.com\/es\/","logo":{"@type":"ImageObject","inLanguage":"es","@id":"https:\/\/halleyrecords.com\/es\/#\/schema\/logo\/image\/","url":"https:\/\/halleyrecords.com\/wp-content\/uploads\/2025\/09\/Halley_logo_positiu.png","contentUrl":"https:\/\/halleyrecords.com\/wp-content\/uploads\/2025\/09\/Halley_logo_positiu.png","width":2008,"height":1521,"caption":"Halley Records"},"image":{"@id":"https:\/\/halleyrecords.com\/es\/#\/schema\/logo\/image\/"},"sameAs":["https:\/\/www.instagram.com\/halleyrecords"]}]}},"_links":{"self":[{"href":"https:\/\/halleyrecords.com\/es\/wp-json\/wp\/v2\/pages\/1400","targetHints":{"allow":["GET"]}}],"collection":[{"href":"https:\/\/halleyrecords.com\/es\/wp-json\/wp\/v2\/pages"}],"about":[{"href":"https:\/\/halleyrecords.com\/es\/wp-json\/wp\/v2\/types\/page"}],"author":[{"embeddable":true,"href":"https:\/\/halleyrecords.com\/es\/wp-json\/wp\/v2\/users\/3"}],"replies":[{"embeddable":true,"href":"https:\/\/halleyrecords.com\/es\/wp-json\/wp\/v2\/comments?post=1400"}],"version-history":[{"count":1,"href":"https:\/\/halleyrecords.com\/es\/wp-json\/wp\/v2\/pages\/1400\/revisions"}],"predecessor-version":[{"id":1401,"href":"https:\/\/halleyrecords.com\/es\/wp-json\/wp\/v2\/pages\/1400\/revisions\/1401"}],"wp:attachment":[{"href":"https:\/\/halleyrecords.com\/es\/wp-json\/wp\/v2\/media?parent=1400"}],"curies":[{"name":"wp","href":"https:\/\/api.w.org\/{rel}","templated":true}]}}