{"id":1402,"date":"2025-01-29T15:20:32","date_gmt":"2025-01-29T15:20:32","guid":{"rendered":"https:\/\/halleyrecords.com\/?page_id=1402"},"modified":"2025-08-05T10:10:30","modified_gmt":"2025-08-05T10:10:30","slug":"politica-de-privacidad","status":"publish","type":"page","link":"https:\/\/halleyrecords.com\/es\/politica-de-privacidad\/","title":{"rendered":"Pol\u00edtica de privacidad"},"content":{"rendered":"\n<p><\/p>\n\n\n\n<p>En cumplimiento del Reglamento (UE) 2016\/679 del Parlamento Europeo y del Consejo (RGPD), as\u00ed como de la Ley Org\u00e1nica 3\/2018 (LOPDGDD), informamos a los usuarios del sitio web sobre nuestra pol\u00edtica de privacidad.<\/p>\n\n\n\n<p>Responsable del tratamiento:<br>Halley Records S.L.<br>NIF: B67576223<br>Domicilio: Avinguda Frederic Rahola 12, bajos, 08032 Barcelona<br>Correo electr\u00f3nico: <a>&#104;&#x65;y&#64;&#x68;&#97;&#x6c;l&#101;&#x79;r&#x65;&#x63;&#111;&#x72;d&#115;&#x2e;c&#x6f;&#x6d;<\/a><\/p>\n\n\n\n<p>Finalidad del tratamiento:<br>Los datos personales recogidos a trav\u00e9s del sitio web se tratan con la finalidad de gestionar los pedidos realizados a trav\u00e9s de la tienda online, responder consultas y, en su caso, enviar comunicaciones comerciales relacionadas con nuestros productos.<\/p>\n\n\n\n<p>Legitimaci\u00f3n:<br>La base legal para el tratamiento de los datos es el consentimiento del interesado y la relaci\u00f3n contractual derivada de la compra de productos.<\/p>\n\n\n\n<p>Destinatarios:<br>No se ceder\u00e1n datos a terceros, salvo obligaci\u00f3n legal.<\/p>\n\n\n\n<p>Derechos:<br>Los usuarios pueden ejercer los derechos de acceso, rectificaci\u00f3n, supresi\u00f3n, oposici\u00f3n, limitaci\u00f3n y portabilidad mediante escrito al correo electr\u00f3nico indicado o a la direcci\u00f3n postal anteriormente mencionada, acompa\u00f1ado de copia de su documento identificativo.<\/p>\n\n\n\n<p>Conservaci\u00f3n:<br>Los datos se conservar\u00e1n durante el tiempo necesario para cumplir con la finalidad para la que fueron recogidos y durante los plazos establecidos para el cumplimiento de obligaciones legales.<\/p>\n\n\n\n<p>Cookies:<br>Este sitio web puede utilizar cookies. El usuario puede configurar su navegador para ser avisado de la recepci\u00f3n de cookies y para impedir su instalaci\u00f3n en su dispositivo.<br><br><\/p>\n","protected":false},"excerpt":{"rendered":"<p>En cumplimiento del Reglamento (UE) 2016\/679 del Parlamento Europeo y del Consejo (RGPD), as\u00ed como de la Ley Org\u00e1nica 3\/2018 (LOPDGDD), informamos a los usuarios del sitio web sobre nuestra pol\u00edtica de privacidad. Responsable del tratamiento:Halley Records S.L.NIF: B67576223Domicilio: Avinguda Frederic Rahola 12, bajos, 08032&#8230;<\/p>\n","protected":false},"author":3,"featured_media":0,"parent":0,"menu_order":0,"comment_status":"closed","ping_status":"closed","template":"","meta":{"_acf_changed":false,"footnotes":""},"class_list":["post-1402","page","type-page","status-publish","hentry"],"acf":[],"yoast_head":"<!-- This site is optimized with the Yoast SEO plugin v27.4 - https:\/\/yoast.com\/product\/yoast-seo-wordpress\/ -->\n<title>Pol\u00edtica de privacidad - Halley Records<\/title>\n<meta name=\"robots\" content=\"index, follow, max-snippet:-1, max-image-preview:large, max-video-preview:-1\" \/>\n<link rel=\"canonical\" href=\"https:\/\/halleyrecords.com\/es\/politica-de-privacidad\/\" \/>\n<meta property=\"og:locale\" content=\"es_ES\" \/>\n<meta property=\"og:type\" content=\"article\" \/>\n<meta property=\"og:title\" content=\"Pol\u00edtica de privacidad - Halley Records\" \/>\n<meta property=\"og:description\" content=\"En cumplimiento del Reglamento (UE) 2016\/679 del Parlamento Europeo y del Consejo (RGPD), as\u00ed como de la Ley Org\u00e1nica 3\/2018 (LOPDGDD), informamos a los usuarios del sitio web sobre nuestra pol\u00edtica de privacidad. Responsable del tratamiento:Halley Records S.L.NIF: B67576223Domicilio: Avinguda Frederic Rahola 12, bajos, 08032...\" \/>\n<meta property=\"og:url\" content=\"https:\/\/halleyrecords.com\/es\/politica-de-privacidad\/\" \/>\n<meta property=\"og:site_name\" content=\"Halley Records\" \/>\n<meta property=\"article:modified_time\" content=\"2025-08-05T10:10:30+00:00\" \/>\n<meta name=\"twitter:card\" content=\"summary_large_image\" \/>\n<meta name=\"twitter:label1\" content=\"Tiempo de lectura\" \/>\n\t<meta name=\"twitter:data1\" content=\"2 minutos\" \/>\n<script type=\"application\/ld+json\" class=\"yoast-schema-graph\">{\"@context\":\"https:\\\/\\\/schema.org\",\"@graph\":[{\"@type\":\"WebPage\",\"@id\":\"https:\\\/\\\/halleyrecords.com\\\/es\\\/politica-de-privacidad\\\/\",\"url\":\"https:\\\/\\\/halleyrecords.com\\\/es\\\/politica-de-privacidad\\\/\",\"name\":\"Pol\u00edtica de privacidad - Halley Records\",\"isPartOf\":{\"@id\":\"https:\\\/\\\/halleyrecords.com\\\/es\\\/#website\"},\"datePublished\":\"2025-01-29T15:20:32+00:00\",\"dateModified\":\"2025-08-05T10:10:30+00:00\",\"breadcrumb\":{\"@id\":\"https:\\\/\\\/halleyrecords.com\\\/es\\\/politica-de-privacidad\\\/#breadcrumb\"},\"inLanguage\":\"es\",\"potentialAction\":[{\"@type\":\"ReadAction\",\"target\":[\"https:\\\/\\\/halleyrecords.com\\\/es\\\/politica-de-privacidad\\\/\"]}]},{\"@type\":\"BreadcrumbList\",\"@id\":\"https:\\\/\\\/halleyrecords.com\\\/es\\\/politica-de-privacidad\\\/#breadcrumb\",\"itemListElement\":[{\"@type\":\"ListItem\",\"position\":1,\"name\":\"Home\",\"item\":\"https:\\\/\\\/halleyrecords.com\\\/es\\\/\"},{\"@type\":\"ListItem\",\"position\":2,\"name\":\"Pol\u00edtica de privacidad\"}]},{\"@type\":\"WebSite\",\"@id\":\"https:\\\/\\\/halleyrecords.com\\\/es\\\/#website\",\"url\":\"https:\\\/\\\/halleyrecords.com\\\/es\\\/\",\"name\":\"Halley Records\",\"description\":\"\",\"publisher\":{\"@id\":\"https:\\\/\\\/halleyrecords.com\\\/es\\\/#organization\"},\"potentialAction\":[{\"@type\":\"SearchAction\",\"target\":{\"@type\":\"EntryPoint\",\"urlTemplate\":\"https:\\\/\\\/halleyrecords.com\\\/es\\\/?s={search_term_string}\"},\"query-input\":{\"@type\":\"PropertyValueSpecification\",\"valueRequired\":true,\"valueName\":\"search_term_string\"}}],\"inLanguage\":\"es\"},{\"@type\":\"Organization\",\"@id\":\"https:\\\/\\\/halleyrecords.com\\\/es\\\/#organization\",\"name\":\"Halley Records\",\"url\":\"https:\\\/\\\/halleyrecords.com\\\/es\\\/\",\"logo\":{\"@type\":\"ImageObject\",\"inLanguage\":\"es\",\"@id\":\"https:\\\/\\\/halleyrecords.com\\\/es\\\/#\\\/schema\\\/logo\\\/image\\\/\",\"url\":\"https:\\\/\\\/halleyrecords.com\\\/wp-content\\\/uploads\\\/2025\\\/09\\\/Halley_logo_positiu.png\",\"contentUrl\":\"https:\\\/\\\/halleyrecords.com\\\/wp-content\\\/uploads\\\/2025\\\/09\\\/Halley_logo_positiu.png\",\"width\":2008,\"height\":1521,\"caption\":\"Halley Records\"},\"image\":{\"@id\":\"https:\\\/\\\/halleyrecords.com\\\/es\\\/#\\\/schema\\\/logo\\\/image\\\/\"},\"sameAs\":[\"https:\\\/\\\/www.instagram.com\\\/halleyrecords\"]}]}<\/script>\n<!-- \/ Yoast SEO plugin. -->","yoast_head_json":{"title":"Pol\u00edtica de privacidad - Halley Records","robots":{"index":"index","follow":"follow","max-snippet":"max-snippet:-1","max-image-preview":"max-image-preview:large","max-video-preview":"max-video-preview:-1"},"canonical":"https:\/\/halleyrecords.com\/es\/politica-de-privacidad\/","og_locale":"es_ES","og_type":"article","og_title":"Pol\u00edtica de privacidad - Halley Records","og_description":"En cumplimiento del Reglamento (UE) 2016\/679 del Parlamento Europeo y del Consejo (RGPD), as\u00ed como de la Ley Org\u00e1nica 3\/2018 (LOPDGDD), informamos a los usuarios del sitio web sobre nuestra pol\u00edtica de privacidad. Responsable del tratamiento:Halley Records S.L.NIF: B67576223Domicilio: Avinguda Frederic Rahola 12, bajos, 08032...","og_url":"https:\/\/halleyrecords.com\/es\/politica-de-privacidad\/","og_site_name":"Halley Records","article_modified_time":"2025-08-05T10:10:30+00:00","twitter_card":"summary_large_image","twitter_misc":{"Tiempo de lectura":"2 minutos"},"schema":{"@context":"https:\/\/schema.org","@graph":[{"@type":"WebPage","@id":"https:\/\/halleyrecords.com\/es\/politica-de-privacidad\/","url":"https:\/\/halleyrecords.com\/es\/politica-de-privacidad\/","name":"Pol\u00edtica de privacidad - Halley Records","isPartOf":{"@id":"https:\/\/halleyrecords.com\/es\/#website"},"datePublished":"2025-01-29T15:20:32+00:00","dateModified":"2025-08-05T10:10:30+00:00","breadcrumb":{"@id":"https:\/\/halleyrecords.com\/es\/politica-de-privacidad\/#breadcrumb"},"inLanguage":"es","potentialAction":[{"@type":"ReadAction","target":["https:\/\/halleyrecords.com\/es\/politica-de-privacidad\/"]}]},{"@type":"BreadcrumbList","@id":"https:\/\/halleyrecords.com\/es\/politica-de-privacidad\/#breadcrumb","itemListElement":[{"@type":"ListItem","position":1,"name":"Home","item":"https:\/\/halleyrecords.com\/es\/"},{"@type":"ListItem","position":2,"name":"Pol\u00edtica de privacidad"}]},{"@type":"WebSite","@id":"https:\/\/halleyrecords.com\/es\/#website","url":"https:\/\/halleyrecords.com\/es\/","name":"Halley Records","description":"","publisher":{"@id":"https:\/\/halleyrecords.com\/es\/#organization"},"potentialAction":[{"@type":"SearchAction","target":{"@type":"EntryPoint","urlTemplate":"https:\/\/halleyrecords.com\/es\/?s={search_term_string}"},"query-input":{"@type":"PropertyValueSpecification","valueRequired":true,"valueName":"search_term_string"}}],"inLanguage":"es"},{"@type":"Organization","@id":"https:\/\/halleyrecords.com\/es\/#organization","name":"Halley Records","url":"https:\/\/halleyrecords.com\/es\/","logo":{"@type":"ImageObject","inLanguage":"es","@id":"https:\/\/halleyrecords.com\/es\/#\/schema\/logo\/image\/","url":"https:\/\/halleyrecords.com\/wp-content\/uploads\/2025\/09\/Halley_logo_positiu.png","contentUrl":"https:\/\/halleyrecords.com\/wp-content\/uploads\/2025\/09\/Halley_logo_positiu.png","width":2008,"height":1521,"caption":"Halley Records"},"image":{"@id":"https:\/\/halleyrecords.com\/es\/#\/schema\/logo\/image\/"},"sameAs":["https:\/\/www.instagram.com\/halleyrecords"]}]}},"_links":{"self":[{"href":"https:\/\/halleyrecords.com\/es\/wp-json\/wp\/v2\/pages\/1402","targetHints":{"allow":["GET"]}}],"collection":[{"href":"https:\/\/halleyrecords.com\/es\/wp-json\/wp\/v2\/pages"}],"about":[{"href":"https:\/\/halleyrecords.com\/es\/wp-json\/wp\/v2\/types\/page"}],"author":[{"embeddable":true,"href":"https:\/\/halleyrecords.com\/es\/wp-json\/wp\/v2\/users\/3"}],"replies":[{"embeddable":true,"href":"https:\/\/halleyrecords.com\/es\/wp-json\/wp\/v2\/comments?post=1402"}],"version-history":[{"count":1,"href":"https:\/\/halleyrecords.com\/es\/wp-json\/wp\/v2\/pages\/1402\/revisions"}],"predecessor-version":[{"id":1403,"href":"https:\/\/halleyrecords.com\/es\/wp-json\/wp\/v2\/pages\/1402\/revisions\/1403"}],"wp:attachment":[{"href":"https:\/\/halleyrecords.com\/es\/wp-json\/wp\/v2\/media?parent=1402"}],"curies":[{"name":"wp","href":"https:\/\/api.w.org\/{rel}","templated":true}]}}