{"id":1408,"date":"2025-01-29T15:20:06","date_gmt":"2025-01-29T15:20:06","guid":{"rendered":"https:\/\/halleyrecords.com\/?page_id=1408"},"modified":"2025-08-05T10:14:25","modified_gmt":"2025-08-05T10:14:25","slug":"terminos-y-condiciones","status":"publish","type":"page","link":"https:\/\/halleyrecords.com\/es\/terminos-y-condiciones\/","title":{"rendered":"T\u00e9rminos y condiciones"},"content":{"rendered":"\n<p><\/p>\n\n\n\n<p>Titularidad del sitio web<br>Este sitio web es propiedad de Halley Records S.L., con NIF B67576223, domicilio social en Avinguda Frederic Rahola 12, bajos 08032 Barcelona], debidamente inscrita en el Registro Mercantil de Barcelona. Correo electr\u00f3nico de contacto: <a>&#x68;&#101;y&#x40;&#104;a&#x6c;&#108;e&#x79;&#x72;&#101;&#x63;&#x6f;&#114;d&#x73;&#46;c&#x6f;&#109;<\/a>.<\/p>\n\n\n\n<p>Objeto<br>Los presentes t\u00e9rminos y condiciones regulan el acceso y uso del sitio web de Halley Records S.L. (en adelante, \u201cel titular\u201d), as\u00ed como de los contenidos y servicios ofrecidos a trav\u00e9s del mismo.<\/p>\n\n\n\n<p>Condiciones de uso<br>El usuario se compromete a hacer un uso adecuado del sitio web y de sus contenidos, y a no utilizarlos para actividades il\u00edcitas o contrarias a la buena fe y al orden p\u00fablico.<\/p>\n\n\n\n<p>Propiedad intelectual e industrial<br>Todos los contenidos del sitio web (textos, im\u00e1genes, logotipos, marcas, etc.) son propiedad del titular o de terceros con autorizaci\u00f3n, y est\u00e1n protegidos por la normativa sobre propiedad intelectual e industrial. Queda prohibida su reproducci\u00f3n, distribuci\u00f3n o comunicaci\u00f3n p\u00fablica sin autorizaci\u00f3n expresa.<\/p>\n\n\n\n<p>Protecci\u00f3n de datos<br>Los datos personales recogidos a trav\u00e9s del sitio web ser\u00e1n tratados conforme a la normativa vigente sobre protecci\u00f3n de datos (Reglamento (UE) 2016\/679 y Ley Org\u00e1nica 3\/2018). Puedes consultar la pol\u00edtica de privacidad.<\/p>\n\n\n\n<p>Exclusi\u00f3n de responsabilidad<br>El titular no se hace responsable de los da\u00f1os derivados de interrupciones o errores en el acceso al sitio web, ni del uso indebido de los contenidos.<\/p>\n\n\n\n<p>Enlaces externos<br>Este sitio web puede contener enlaces a sitios web de terceros. El titular no se hace responsable de los contenidos ni de las pr\u00e1cticas de dichos sitios.<\/p>\n\n\n\n<p>Modificaciones de los t\u00e9rminos<br>El titular se reserva el derecho a modificar los presentes t\u00e9rminos y condiciones en cualquier momento. Las modificaciones se publicar\u00e1n en el sitio web y entrar\u00e1n en vigor desde el momento de su publicaci\u00f3n.<\/p>\n\n\n\n<p>Legislaci\u00f3n aplicable y jurisdicci\u00f3n<br>La relaci\u00f3n entre el usuario y el titular se regir\u00e1 por la legislaci\u00f3n espa\u00f1ola. Para cualquier controversia que pueda surgir, ambas partes se someten a los juzgados y tribunales de la ciudad de Barcelona.<\/p>\n\n\n\n<p><\/p>\n","protected":false},"excerpt":{"rendered":"<p>Titularidad del sitio webEste sitio web es propiedad de Halley Records S.L., con NIF B67576223, domicilio social en Avinguda Frederic Rahola 12, bajos 08032 Barcelona], debidamente inscrita en el Registro Mercantil de Barcelona. Correo electr\u00f3nico de contacto: &#x68;&#x65;&#x79;&#x40;&#x68;&#x61;&#x6c;&#x6c;&#x65;&#x79;&#x72;&#x65;&#x63;&#x6f;&#114;&#100;&#115;&#46;&#99;&#111;&#109;. ObjetoLos presentes t\u00e9rminos y condiciones regulan el&#8230;<\/p>\n","protected":false},"author":3,"featured_media":0,"parent":0,"menu_order":0,"comment_status":"closed","ping_status":"closed","template":"","meta":{"_acf_changed":false,"footnotes":""},"class_list":["post-1408","page","type-page","status-publish","hentry"],"acf":[],"yoast_head":"<!-- This site is optimized with the Yoast SEO plugin v27.4 - https:\/\/yoast.com\/product\/yoast-seo-wordpress\/ -->\n<title>T\u00e9rminos y condiciones - Halley Records<\/title>\n<meta name=\"robots\" content=\"index, follow, max-snippet:-1, max-image-preview:large, max-video-preview:-1\" \/>\n<link rel=\"canonical\" href=\"https:\/\/halleyrecords.com\/es\/terminos-y-condiciones\/\" \/>\n<meta property=\"og:locale\" content=\"es_ES\" \/>\n<meta property=\"og:type\" content=\"article\" \/>\n<meta property=\"og:title\" content=\"T\u00e9rminos y condiciones - Halley Records\" \/>\n<meta property=\"og:description\" content=\"Titularidad del sitio webEste sitio web es propiedad de Halley Records S.L., con NIF B67576223, domicilio social en Avinguda Frederic Rahola 12, bajos 08032 Barcelona], debidamente inscrita en el Registro Mercantil de Barcelona. Correo electr\u00f3nico de contacto: &#x68;&#101;&#121;&#064;&#x68;&#x61;&#108;l&#x65;&#x79;&#114;ec&#x6f;&#114;&#100;s&#x2e;&#x63;&#111;m. ObjetoLos presentes t\u00e9rminos y condiciones regulan el...\" \/>\n<meta property=\"og:url\" content=\"https:\/\/halleyrecords.com\/es\/terminos-y-condiciones\/\" \/>\n<meta property=\"og:site_name\" content=\"Halley Records\" \/>\n<meta property=\"article:modified_time\" content=\"2025-08-05T10:14:25+00:00\" \/>\n<meta name=\"twitter:card\" content=\"summary_large_image\" \/>\n<meta name=\"twitter:label1\" content=\"Tiempo de lectura\" \/>\n\t<meta name=\"twitter:data1\" content=\"2 minutos\" \/>\n<script type=\"application\/ld+json\" class=\"yoast-schema-graph\">{\"@context\":\"https:\\\/\\\/schema.org\",\"@graph\":[{\"@type\":\"WebPage\",\"@id\":\"https:\\\/\\\/halleyrecords.com\\\/es\\\/terminos-y-condiciones\\\/\",\"url\":\"https:\\\/\\\/halleyrecords.com\\\/es\\\/terminos-y-condiciones\\\/\",\"name\":\"T\u00e9rminos y condiciones - Halley Records\",\"isPartOf\":{\"@id\":\"https:\\\/\\\/halleyrecords.com\\\/es\\\/#website\"},\"datePublished\":\"2025-01-29T15:20:06+00:00\",\"dateModified\":\"2025-08-05T10:14:25+00:00\",\"breadcrumb\":{\"@id\":\"https:\\\/\\\/halleyrecords.com\\\/es\\\/terminos-y-condiciones\\\/#breadcrumb\"},\"inLanguage\":\"es\",\"potentialAction\":[{\"@type\":\"ReadAction\",\"target\":[\"https:\\\/\\\/halleyrecords.com\\\/es\\\/terminos-y-condiciones\\\/\"]}]},{\"@type\":\"BreadcrumbList\",\"@id\":\"https:\\\/\\\/halleyrecords.com\\\/es\\\/terminos-y-condiciones\\\/#breadcrumb\",\"itemListElement\":[{\"@type\":\"ListItem\",\"position\":1,\"name\":\"Home\",\"item\":\"https:\\\/\\\/halleyrecords.com\\\/es\\\/\"},{\"@type\":\"ListItem\",\"position\":2,\"name\":\"T\u00e9rminos y condiciones\"}]},{\"@type\":\"WebSite\",\"@id\":\"https:\\\/\\\/halleyrecords.com\\\/es\\\/#website\",\"url\":\"https:\\\/\\\/halleyrecords.com\\\/es\\\/\",\"name\":\"Halley Records\",\"description\":\"\",\"publisher\":{\"@id\":\"https:\\\/\\\/halleyrecords.com\\\/es\\\/#organization\"},\"potentialAction\":[{\"@type\":\"SearchAction\",\"target\":{\"@type\":\"EntryPoint\",\"urlTemplate\":\"https:\\\/\\\/halleyrecords.com\\\/es\\\/?s={search_term_string}\"},\"query-input\":{\"@type\":\"PropertyValueSpecification\",\"valueRequired\":true,\"valueName\":\"search_term_string\"}}],\"inLanguage\":\"es\"},{\"@type\":\"Organization\",\"@id\":\"https:\\\/\\\/halleyrecords.com\\\/es\\\/#organization\",\"name\":\"Halley Records\",\"url\":\"https:\\\/\\\/halleyrecords.com\\\/es\\\/\",\"logo\":{\"@type\":\"ImageObject\",\"inLanguage\":\"es\",\"@id\":\"https:\\\/\\\/halleyrecords.com\\\/es\\\/#\\\/schema\\\/logo\\\/image\\\/\",\"url\":\"https:\\\/\\\/halleyrecords.com\\\/wp-content\\\/uploads\\\/2025\\\/09\\\/Halley_logo_positiu.png\",\"contentUrl\":\"https:\\\/\\\/halleyrecords.com\\\/wp-content\\\/uploads\\\/2025\\\/09\\\/Halley_logo_positiu.png\",\"width\":2008,\"height\":1521,\"caption\":\"Halley Records\"},\"image\":{\"@id\":\"https:\\\/\\\/halleyrecords.com\\\/es\\\/#\\\/schema\\\/logo\\\/image\\\/\"},\"sameAs\":[\"https:\\\/\\\/www.instagram.com\\\/halleyrecords\"]}]}<\/script>\n<!-- \/ Yoast SEO plugin. -->","yoast_head_json":{"title":"T\u00e9rminos y condiciones - Halley Records","robots":{"index":"index","follow":"follow","max-snippet":"max-snippet:-1","max-image-preview":"max-image-preview:large","max-video-preview":"max-video-preview:-1"},"canonical":"https:\/\/halleyrecords.com\/es\/terminos-y-condiciones\/","og_locale":"es_ES","og_type":"article","og_title":"T\u00e9rminos y condiciones - Halley Records","og_description":"Titularidad del sitio webEste sitio web es propiedad de Halley Records S.L., con NIF B67576223, domicilio social en Avinguda Frederic Rahola 12, bajos 08032 Barcelona], debidamente inscrita en el Registro Mercantil de Barcelona. Correo electr\u00f3nico de contacto: &#104;&#101;&#x79;&#x40;&#104;&#97;&#x6c;&#x6c;&#101;&#121;&#x72;&#x65;&#99;&#111;&#x72;&#x64;&#115;&#46;&#x63;&#x6f;&#109;. ObjetoLos presentes t\u00e9rminos y condiciones regulan el...","og_url":"https:\/\/halleyrecords.com\/es\/terminos-y-condiciones\/","og_site_name":"Halley Records","article_modified_time":"2025-08-05T10:14:25+00:00","twitter_card":"summary_large_image","twitter_misc":{"Tiempo de lectura":"2 minutos"},"schema":{"@context":"https:\/\/schema.org","@graph":[{"@type":"WebPage","@id":"https:\/\/halleyrecords.com\/es\/terminos-y-condiciones\/","url":"https:\/\/halleyrecords.com\/es\/terminos-y-condiciones\/","name":"T\u00e9rminos y condiciones - Halley Records","isPartOf":{"@id":"https:\/\/halleyrecords.com\/es\/#website"},"datePublished":"2025-01-29T15:20:06+00:00","dateModified":"2025-08-05T10:14:25+00:00","breadcrumb":{"@id":"https:\/\/halleyrecords.com\/es\/terminos-y-condiciones\/#breadcrumb"},"inLanguage":"es","potentialAction":[{"@type":"ReadAction","target":["https:\/\/halleyrecords.com\/es\/terminos-y-condiciones\/"]}]},{"@type":"BreadcrumbList","@id":"https:\/\/halleyrecords.com\/es\/terminos-y-condiciones\/#breadcrumb","itemListElement":[{"@type":"ListItem","position":1,"name":"Home","item":"https:\/\/halleyrecords.com\/es\/"},{"@type":"ListItem","position":2,"name":"T\u00e9rminos y condiciones"}]},{"@type":"WebSite","@id":"https:\/\/halleyrecords.com\/es\/#website","url":"https:\/\/halleyrecords.com\/es\/","name":"Halley Records","description":"","publisher":{"@id":"https:\/\/halleyrecords.com\/es\/#organization"},"potentialAction":[{"@type":"SearchAction","target":{"@type":"EntryPoint","urlTemplate":"https:\/\/halleyrecords.com\/es\/?s={search_term_string}"},"query-input":{"@type":"PropertyValueSpecification","valueRequired":true,"valueName":"search_term_string"}}],"inLanguage":"es"},{"@type":"Organization","@id":"https:\/\/halleyrecords.com\/es\/#organization","name":"Halley Records","url":"https:\/\/halleyrecords.com\/es\/","logo":{"@type":"ImageObject","inLanguage":"es","@id":"https:\/\/halleyrecords.com\/es\/#\/schema\/logo\/image\/","url":"https:\/\/halleyrecords.com\/wp-content\/uploads\/2025\/09\/Halley_logo_positiu.png","contentUrl":"https:\/\/halleyrecords.com\/wp-content\/uploads\/2025\/09\/Halley_logo_positiu.png","width":2008,"height":1521,"caption":"Halley Records"},"image":{"@id":"https:\/\/halleyrecords.com\/es\/#\/schema\/logo\/image\/"},"sameAs":["https:\/\/www.instagram.com\/halleyrecords"]}]}},"_links":{"self":[{"href":"https:\/\/halleyrecords.com\/es\/wp-json\/wp\/v2\/pages\/1408","targetHints":{"allow":["GET"]}}],"collection":[{"href":"https:\/\/halleyrecords.com\/es\/wp-json\/wp\/v2\/pages"}],"about":[{"href":"https:\/\/halleyrecords.com\/es\/wp-json\/wp\/v2\/types\/page"}],"author":[{"embeddable":true,"href":"https:\/\/halleyrecords.com\/es\/wp-json\/wp\/v2\/users\/3"}],"replies":[{"embeddable":true,"href":"https:\/\/halleyrecords.com\/es\/wp-json\/wp\/v2\/comments?post=1408"}],"version-history":[{"count":1,"href":"https:\/\/halleyrecords.com\/es\/wp-json\/wp\/v2\/pages\/1408\/revisions"}],"predecessor-version":[{"id":1409,"href":"https:\/\/halleyrecords.com\/es\/wp-json\/wp\/v2\/pages\/1408\/revisions\/1409"}],"wp:attachment":[{"href":"https:\/\/halleyrecords.com\/es\/wp-json\/wp\/v2\/media?parent=1408"}],"curies":[{"name":"wp","href":"https:\/\/api.w.org\/{rel}","templated":true}]}}