{"id":1438,"date":"2025-05-08T08:49:15","date_gmt":"2025-05-08T08:49:15","guid":{"rendered":"https:\/\/halleyrecords.com\/producte\/mes-enlla-de-les-paraules\/"},"modified":"2025-08-05T16:07:14","modified_gmt":"2025-08-05T16:07:14","slug":"mes-enlla-de-les-paraules","status":"publish","type":"product","link":"https:\/\/halleyrecords.com\/es\/producte\/mes-enlla-de-les-paraules\/","title":{"rendered":"M\u00e9s Enll\u00e0 de Les Paraules"},"content":{"rendered":"<p><em><strong>M\u00e9s Enll\u00e0 de Les Paraules<\/strong><\/em> (2016) es el debut de <strong>Animal<\/strong>, un viaje sonoro vibrante que fusiona pop, reggae, soul y folk con una sensibilidad libre y aut\u00e9ntica. Con producci\u00f3n de Ermengol Mayol, el disco explora emociones como el amor, el desamor y la b\u00fasqueda de sentido a trav\u00e9s de melod\u00edas frescas y ritmos contagiosos. Temas como \u201cNom\u00e9s amb tu\u201d y \u201cDetalls\u201d combinan reggae y pop con toques africanos, mientras \u201cFets a mida\u201d y \u201cNo tindrem perd\u00f3\u201d exploran el soul y el funk con gran elegancia. Una obra llena de vitalidad y calidez que marc\u00f3 un punto de inflexi\u00f3n en el pop catal\u00e1n contempor\u00e1neo.<\/p>\n","protected":false},"excerpt":{"rendered":"<p>M\u00e9s Enll\u00e0 de Les Paraules (2016) es el debut de Animal, un viaje sonoro vibrante que fusiona pop, reggae, soul y folk con una sensibilidad libre y aut\u00e9ntica. Con producci\u00f3n de Ermengol Mayol, el disco explora emociones como el amor, el desamor y la b\u00fasqueda&#8230;<\/p>\n","protected":false},"featured_media":284,"template":"","meta":{"_acf_changed":false},"product_brand":[],"product_cat":[27],"product_tag":[],"class_list":{"0":"post-1438","1":"product","2":"type-product","3":"status-publish","4":"has-post-thumbnail","6":"product_cat-uncategorized-ca-es","8":"first","9":"instock","10":"shipping-taxable","11":"purchasable","12":"product-type-variable"},"bundled_by":[],"bundle_stock_status":"instock","bundle_stock_quantity":30,"bundle_virtual":false,"bundle_layout":"","bundle_add_to_cart_form_location":"","bundle_editable_in_cart":false,"bundle_sold_individually_context":"","bundle_item_grouping":"","bundle_min_size":"","bundle_max_size":"","bundle_price":[],"bundled_items":[],"bundle_sell_ids":[],"acf":[],"yoast_head":"<!-- This site is optimized with the Yoast SEO plugin v27.4 - https:\/\/yoast.com\/product\/yoast-seo-wordpress\/ -->\n<title>M\u00e9s Enll\u00e0 de Les Paraules - Halley Records<\/title>\n<meta name=\"description\" content=\"M\u00e9s Enll\u00e0 de Les Paraules es el debut de Animal, un viaje sonoro vibrante que fusiona pop, reggae, soul y folk con una sensibilidad libre y aut\u00e9ntica.\" \/>\n<meta name=\"robots\" content=\"index, follow, max-snippet:-1, max-image-preview:large, max-video-preview:-1\" \/>\n<link rel=\"canonical\" href=\"https:\/\/halleyrecords.com\/es\/producte\/mes-enlla-de-les-paraules\/\" \/>\n<meta property=\"og:locale\" content=\"es_ES\" \/>\n<meta property=\"og:type\" content=\"article\" \/>\n<meta property=\"og:title\" content=\"M\u00e9s Enll\u00e0 de Les Paraules - Halley Records\" \/>\n<meta property=\"og:description\" content=\"M\u00e9s Enll\u00e0 de Les Paraules es el debut de Animal, un viaje sonoro vibrante que fusiona pop, reggae, soul y folk con una sensibilidad libre y aut\u00e9ntica.\" \/>\n<meta property=\"og:url\" content=\"https:\/\/halleyrecords.com\/es\/producte\/mes-enlla-de-les-paraules\/\" \/>\n<meta property=\"og:site_name\" content=\"Halley Records\" \/>\n<meta property=\"article:modified_time\" content=\"2025-08-05T16:07:14+00:00\" \/>\n<meta property=\"og:image\" content=\"https:\/\/halleyrecords.com\/wp-content\/uploads\/2025\/05\/Mesenlladeles-paraules_Animal_P.png\" \/>\n\t<meta property=\"og:image:width\" content=\"700\" \/>\n\t<meta property=\"og:image:height\" content=\"700\" \/>\n\t<meta property=\"og:image:type\" content=\"image\/png\" \/>\n<meta name=\"twitter:card\" content=\"summary_large_image\" \/>\n<meta name=\"twitter:label1\" content=\"Tiempo de lectura\" \/>\n\t<meta name=\"twitter:data1\" content=\"1 minuto\" \/>\n<script type=\"application\/ld+json\" class=\"yoast-schema-graph\">{\"@context\":\"https:\\\/\\\/schema.org\",\"@graph\":[{\"@type\":\"WebPage\",\"@id\":\"https:\\\/\\\/halleyrecords.com\\\/es\\\/producte\\\/mes-enlla-de-les-paraules\\\/\",\"url\":\"https:\\\/\\\/halleyrecords.com\\\/es\\\/producte\\\/mes-enlla-de-les-paraules\\\/\",\"name\":\"M\u00e9s Enll\u00e0 de Les Paraules - Halley Records\",\"isPartOf\":{\"@id\":\"https:\\\/\\\/halleyrecords.com\\\/es\\\/#website\"},\"primaryImageOfPage\":{\"@id\":\"https:\\\/\\\/halleyrecords.com\\\/es\\\/producte\\\/mes-enlla-de-les-paraules\\\/#primaryimage\"},\"image\":{\"@id\":\"https:\\\/\\\/halleyrecords.com\\\/es\\\/producte\\\/mes-enlla-de-les-paraules\\\/#primaryimage\"},\"thumbnailUrl\":\"https:\\\/\\\/halleyrecords.com\\\/wp-content\\\/uploads\\\/2025\\\/05\\\/Mesenlladeles-paraules_Animal_P.png\",\"datePublished\":\"2025-05-08T08:49:15+00:00\",\"dateModified\":\"2025-08-05T16:07:14+00:00\",\"description\":\"M\u00e9s Enll\u00e0 de Les Paraules es el debut de Animal, un viaje sonoro vibrante que fusiona pop, reggae, soul y folk con una sensibilidad libre y aut\u00e9ntica.\",\"breadcrumb\":{\"@id\":\"https:\\\/\\\/halleyrecords.com\\\/es\\\/producte\\\/mes-enlla-de-les-paraules\\\/#breadcrumb\"},\"inLanguage\":\"es\",\"potentialAction\":[{\"@type\":\"ReadAction\",\"target\":[\"https:\\\/\\\/halleyrecords.com\\\/es\\\/producte\\\/mes-enlla-de-les-paraules\\\/\"]}]},{\"@type\":\"ImageObject\",\"inLanguage\":\"es\",\"@id\":\"https:\\\/\\\/halleyrecords.com\\\/es\\\/producte\\\/mes-enlla-de-les-paraules\\\/#primaryimage\",\"url\":\"https:\\\/\\\/halleyrecords.com\\\/wp-content\\\/uploads\\\/2025\\\/05\\\/Mesenlladeles-paraules_Animal_P.png\",\"contentUrl\":\"https:\\\/\\\/halleyrecords.com\\\/wp-content\\\/uploads\\\/2025\\\/05\\\/Mesenlladeles-paraules_Animal_P.png\",\"width\":700,\"height\":700},{\"@type\":\"BreadcrumbList\",\"@id\":\"https:\\\/\\\/halleyrecords.com\\\/es\\\/producte\\\/mes-enlla-de-les-paraules\\\/#breadcrumb\",\"itemListElement\":[{\"@type\":\"ListItem\",\"position\":1,\"name\":\"Home\",\"item\":\"https:\\\/\\\/halleyrecords.com\\\/es\\\/\"},{\"@type\":\"ListItem\",\"position\":2,\"name\":\"M\u00e9s Enll\u00e0 de Les Paraules\"}]},{\"@type\":\"WebSite\",\"@id\":\"https:\\\/\\\/halleyrecords.com\\\/es\\\/#website\",\"url\":\"https:\\\/\\\/halleyrecords.com\\\/es\\\/\",\"name\":\"Halley Records\",\"description\":\"\",\"publisher\":{\"@id\":\"https:\\\/\\\/halleyrecords.com\\\/es\\\/#organization\"},\"potentialAction\":[{\"@type\":\"SearchAction\",\"target\":{\"@type\":\"EntryPoint\",\"urlTemplate\":\"https:\\\/\\\/halleyrecords.com\\\/es\\\/?s={search_term_string}\"},\"query-input\":{\"@type\":\"PropertyValueSpecification\",\"valueRequired\":true,\"valueName\":\"search_term_string\"}}],\"inLanguage\":\"es\"},{\"@type\":\"Organization\",\"@id\":\"https:\\\/\\\/halleyrecords.com\\\/es\\\/#organization\",\"name\":\"Halley Records\",\"url\":\"https:\\\/\\\/halleyrecords.com\\\/es\\\/\",\"logo\":{\"@type\":\"ImageObject\",\"inLanguage\":\"es\",\"@id\":\"https:\\\/\\\/halleyrecords.com\\\/es\\\/#\\\/schema\\\/logo\\\/image\\\/\",\"url\":\"https:\\\/\\\/halleyrecords.com\\\/wp-content\\\/uploads\\\/2025\\\/09\\\/Halley_logo_positiu.png\",\"contentUrl\":\"https:\\\/\\\/halleyrecords.com\\\/wp-content\\\/uploads\\\/2025\\\/09\\\/Halley_logo_positiu.png\",\"width\":2008,\"height\":1521,\"caption\":\"Halley Records\"},\"image\":{\"@id\":\"https:\\\/\\\/halleyrecords.com\\\/es\\\/#\\\/schema\\\/logo\\\/image\\\/\"},\"sameAs\":[\"https:\\\/\\\/www.instagram.com\\\/halleyrecords\"]}]}<\/script>\n<!-- \/ Yoast SEO plugin. -->","yoast_head_json":{"title":"M\u00e9s Enll\u00e0 de Les Paraules - Halley Records","description":"M\u00e9s Enll\u00e0 de Les Paraules es el debut de Animal, un viaje sonoro vibrante que fusiona pop, reggae, soul y folk con una sensibilidad libre y aut\u00e9ntica.","robots":{"index":"index","follow":"follow","max-snippet":"max-snippet:-1","max-image-preview":"max-image-preview:large","max-video-preview":"max-video-preview:-1"},"canonical":"https:\/\/halleyrecords.com\/es\/producte\/mes-enlla-de-les-paraules\/","og_locale":"es_ES","og_type":"article","og_title":"M\u00e9s Enll\u00e0 de Les Paraules - Halley Records","og_description":"M\u00e9s Enll\u00e0 de Les Paraules es el debut de Animal, un viaje sonoro vibrante que fusiona pop, reggae, soul y folk con una sensibilidad libre y aut\u00e9ntica.","og_url":"https:\/\/halleyrecords.com\/es\/producte\/mes-enlla-de-les-paraules\/","og_site_name":"Halley Records","article_modified_time":"2025-08-05T16:07:14+00:00","og_image":[{"width":700,"height":700,"url":"https:\/\/halleyrecords.com\/wp-content\/uploads\/2025\/05\/Mesenlladeles-paraules_Animal_P.png","type":"image\/png"}],"twitter_card":"summary_large_image","twitter_misc":{"Tiempo de lectura":"1 minuto"},"schema":{"@context":"https:\/\/schema.org","@graph":[{"@type":"WebPage","@id":"https:\/\/halleyrecords.com\/es\/producte\/mes-enlla-de-les-paraules\/","url":"https:\/\/halleyrecords.com\/es\/producte\/mes-enlla-de-les-paraules\/","name":"M\u00e9s Enll\u00e0 de Les Paraules - Halley Records","isPartOf":{"@id":"https:\/\/halleyrecords.com\/es\/#website"},"primaryImageOfPage":{"@id":"https:\/\/halleyrecords.com\/es\/producte\/mes-enlla-de-les-paraules\/#primaryimage"},"image":{"@id":"https:\/\/halleyrecords.com\/es\/producte\/mes-enlla-de-les-paraules\/#primaryimage"},"thumbnailUrl":"https:\/\/halleyrecords.com\/wp-content\/uploads\/2025\/05\/Mesenlladeles-paraules_Animal_P.png","datePublished":"2025-05-08T08:49:15+00:00","dateModified":"2025-08-05T16:07:14+00:00","description":"M\u00e9s Enll\u00e0 de Les Paraules es el debut de Animal, un viaje sonoro vibrante que fusiona pop, reggae, soul y folk con una sensibilidad libre y aut\u00e9ntica.","breadcrumb":{"@id":"https:\/\/halleyrecords.com\/es\/producte\/mes-enlla-de-les-paraules\/#breadcrumb"},"inLanguage":"es","potentialAction":[{"@type":"ReadAction","target":["https:\/\/halleyrecords.com\/es\/producte\/mes-enlla-de-les-paraules\/"]}]},{"@type":"ImageObject","inLanguage":"es","@id":"https:\/\/halleyrecords.com\/es\/producte\/mes-enlla-de-les-paraules\/#primaryimage","url":"https:\/\/halleyrecords.com\/wp-content\/uploads\/2025\/05\/Mesenlladeles-paraules_Animal_P.png","contentUrl":"https:\/\/halleyrecords.com\/wp-content\/uploads\/2025\/05\/Mesenlladeles-paraules_Animal_P.png","width":700,"height":700},{"@type":"BreadcrumbList","@id":"https:\/\/halleyrecords.com\/es\/producte\/mes-enlla-de-les-paraules\/#breadcrumb","itemListElement":[{"@type":"ListItem","position":1,"name":"Home","item":"https:\/\/halleyrecords.com\/es\/"},{"@type":"ListItem","position":2,"name":"M\u00e9s Enll\u00e0 de Les Paraules"}]},{"@type":"WebSite","@id":"https:\/\/halleyrecords.com\/es\/#website","url":"https:\/\/halleyrecords.com\/es\/","name":"Halley Records","description":"","publisher":{"@id":"https:\/\/halleyrecords.com\/es\/#organization"},"potentialAction":[{"@type":"SearchAction","target":{"@type":"EntryPoint","urlTemplate":"https:\/\/halleyrecords.com\/es\/?s={search_term_string}"},"query-input":{"@type":"PropertyValueSpecification","valueRequired":true,"valueName":"search_term_string"}}],"inLanguage":"es"},{"@type":"Organization","@id":"https:\/\/halleyrecords.com\/es\/#organization","name":"Halley Records","url":"https:\/\/halleyrecords.com\/es\/","logo":{"@type":"ImageObject","inLanguage":"es","@id":"https:\/\/halleyrecords.com\/es\/#\/schema\/logo\/image\/","url":"https:\/\/halleyrecords.com\/wp-content\/uploads\/2025\/09\/Halley_logo_positiu.png","contentUrl":"https:\/\/halleyrecords.com\/wp-content\/uploads\/2025\/09\/Halley_logo_positiu.png","width":2008,"height":1521,"caption":"Halley Records"},"image":{"@id":"https:\/\/halleyrecords.com\/es\/#\/schema\/logo\/image\/"},"sameAs":["https:\/\/www.instagram.com\/halleyrecords"]}]}},"_links":{"self":[{"href":"https:\/\/halleyrecords.com\/es\/wp-json\/wp\/v2\/product\/1438","targetHints":{"allow":["GET"]}}],"collection":[{"href":"https:\/\/halleyrecords.com\/es\/wp-json\/wp\/v2\/product"}],"about":[{"href":"https:\/\/halleyrecords.com\/es\/wp-json\/wp\/v2\/types\/product"}],"wp:featuredmedia":[{"embeddable":true,"href":"https:\/\/halleyrecords.com\/es\/wp-json\/wp\/v2\/media\/284"}],"wp:attachment":[{"href":"https:\/\/halleyrecords.com\/es\/wp-json\/wp\/v2\/media?parent=1438"}],"wp:term":[{"taxonomy":"product_brand","embeddable":true,"href":"https:\/\/halleyrecords.com\/es\/wp-json\/wp\/v2\/product_brand?post=1438"},{"taxonomy":"product_cat","embeddable":true,"href":"https:\/\/halleyrecords.com\/es\/wp-json\/wp\/v2\/product_cat?post=1438"},{"taxonomy":"product_tag","embeddable":true,"href":"https:\/\/halleyrecords.com\/es\/wp-json\/wp\/v2\/product_tag?post=1438"}],"curies":[{"name":"wp","href":"https:\/\/api.w.org\/{rel}","templated":true}]}}