{"id":1528,"date":"2025-05-08T11:20:09","date_gmt":"2025-05-08T11:20:09","guid":{"rendered":"https:\/\/halleyrecords.com\/producte\/in-the-backyard-of-the-castle\/"},"modified":"2025-08-26T07:38:28","modified_gmt":"2025-08-26T07:38:28","slug":"in-the-backyard-of-the-castle","status":"publish","type":"product","link":"https:\/\/halleyrecords.com\/es\/producte\/in-the-backyard-of-the-castle\/","title":{"rendered":"In the Backyard of the Castle"},"content":{"rendered":"<p><em><strong>In The Backyard Of The Castle<\/strong><\/em> es el debut de <strong>Meritxell Neddermann<\/strong>, un \u00e1lbum que explora las emociones a trav\u00e9s de una amplia variedad de g\u00e9neros musicales. Desde el soul o el indie pop hasta el g\u00f3spel. El disco refleja un proceso de introspecci\u00f3n personal, con temas como \u201cInside\u201d, que aborda la necesidad de soledad, \u201cI Fall\u201d, sobre el abismo de la pasi\u00f3n, o \u201cJa no vull\u201d, un grito de empoderamiento personal. Publicado en 2020, el \u00e1lbum presenta dos versiones: una breve y una extendida para disfrutar de la m\u00fasica en su m\u00e1xima expresi\u00f3n (incluidas juntas en la edici\u00f3n doble en CD, y en vinilo la versi\u00f3n extendida). Con un sonido sofisticado y una composici\u00f3n sincera, <strong>Neddermann<\/strong> se revela como una artista capaz de transmitir vulnerabilidad y fuerza al mismo tiempo, dotando a sus canciones de una calidad casi m\u00e1gica. Con una t\u00e9cnica vocal precisa y un estilo \u00fanico que mezcla influencias diversas, ofrece una propuesta sonora que trasciende g\u00e9neros.<\/p>\n","protected":false},"excerpt":{"rendered":"<p>In The Backyard Of The Castle es el debut de Meritxell Neddermann, un \u00e1lbum que explora las emociones a trav\u00e9s de una amplia variedad de g\u00e9neros musicales. Desde el soul o el indie pop hasta el g\u00f3spel. El disco refleja un proceso de introspecci\u00f3n personal,&#8230;<\/p>\n","protected":false},"featured_media":356,"template":"","meta":{"_acf_changed":false},"product_brand":[],"product_cat":[27],"product_tag":[],"class_list":{"0":"post-1528","1":"product","2":"type-product","3":"status-publish","4":"has-post-thumbnail","6":"product_cat-uncategorized-ca-es","8":"first","9":"instock","10":"shipping-taxable","11":"purchasable","12":"product-type-variable"},"bundled_by":[],"bundle_stock_status":"instock","bundle_stock_quantity":null,"bundle_virtual":false,"bundle_layout":"","bundle_add_to_cart_form_location":"","bundle_editable_in_cart":false,"bundle_sold_individually_context":"","bundle_item_grouping":"","bundle_min_size":"","bundle_max_size":"","bundle_price":[],"bundled_items":[],"bundle_sell_ids":[],"acf":[],"yoast_head":"<!-- This site is optimized with the Yoast SEO plugin v27.4 - https:\/\/yoast.com\/product\/yoast-seo-wordpress\/ -->\n<title>In the Backyard of the Castle - Halley Records<\/title>\n<meta name=\"description\" content=\"In The Backyard Of The Castle es el debut de Meritxell Neddermann, un \u00e1lbum que explora las emociones a trav\u00e9s de una amplia variedad de g\u00e9neros musicales.\" \/>\n<meta name=\"robots\" content=\"index, follow, max-snippet:-1, max-image-preview:large, max-video-preview:-1\" \/>\n<link rel=\"canonical\" href=\"https:\/\/halleyrecords.com\/es\/producte\/in-the-backyard-of-the-castle\/\" \/>\n<meta property=\"og:locale\" content=\"es_ES\" \/>\n<meta property=\"og:type\" content=\"article\" \/>\n<meta property=\"og:title\" content=\"In the Backyard of the Castle - Halley Records\" \/>\n<meta property=\"og:description\" content=\"In The Backyard Of The Castle es el debut de Meritxell Neddermann, un \u00e1lbum que explora las emociones a trav\u00e9s de una amplia variedad de g\u00e9neros musicales.\" \/>\n<meta property=\"og:url\" content=\"https:\/\/halleyrecords.com\/es\/producte\/in-the-backyard-of-the-castle\/\" \/>\n<meta property=\"og:site_name\" content=\"Halley Records\" \/>\n<meta property=\"article:modified_time\" content=\"2025-08-26T07:38:28+00:00\" \/>\n<meta property=\"og:image\" content=\"https:\/\/halleyrecords.com\/wp-content\/uploads\/2025\/05\/Inthebackyardofthecastle_MeritxellNeddermann_P.png\" \/>\n\t<meta property=\"og:image:width\" content=\"700\" \/>\n\t<meta property=\"og:image:height\" content=\"700\" \/>\n\t<meta property=\"og:image:type\" content=\"image\/png\" \/>\n<meta name=\"twitter:card\" content=\"summary_large_image\" \/>\n<meta name=\"twitter:label1\" content=\"Tiempo de lectura\" \/>\n\t<meta name=\"twitter:data1\" content=\"2 minutos\" \/>\n<script type=\"application\/ld+json\" class=\"yoast-schema-graph\">{\"@context\":\"https:\\\/\\\/schema.org\",\"@graph\":[{\"@type\":\"WebPage\",\"@id\":\"https:\\\/\\\/halleyrecords.com\\\/es\\\/producte\\\/in-the-backyard-of-the-castle\\\/\",\"url\":\"https:\\\/\\\/halleyrecords.com\\\/es\\\/producte\\\/in-the-backyard-of-the-castle\\\/\",\"name\":\"In the Backyard of the Castle - Halley Records\",\"isPartOf\":{\"@id\":\"https:\\\/\\\/halleyrecords.com\\\/es\\\/#website\"},\"primaryImageOfPage\":{\"@id\":\"https:\\\/\\\/halleyrecords.com\\\/es\\\/producte\\\/in-the-backyard-of-the-castle\\\/#primaryimage\"},\"image\":{\"@id\":\"https:\\\/\\\/halleyrecords.com\\\/es\\\/producte\\\/in-the-backyard-of-the-castle\\\/#primaryimage\"},\"thumbnailUrl\":\"https:\\\/\\\/halleyrecords.com\\\/wp-content\\\/uploads\\\/2025\\\/05\\\/Inthebackyardofthecastle_MeritxellNeddermann_P.png\",\"datePublished\":\"2025-05-08T11:20:09+00:00\",\"dateModified\":\"2025-08-26T07:38:28+00:00\",\"description\":\"In The Backyard Of The Castle es el debut de Meritxell Neddermann, un \u00e1lbum que explora las emociones a trav\u00e9s de una amplia variedad de g\u00e9neros musicales.\",\"breadcrumb\":{\"@id\":\"https:\\\/\\\/halleyrecords.com\\\/es\\\/producte\\\/in-the-backyard-of-the-castle\\\/#breadcrumb\"},\"inLanguage\":\"es\",\"potentialAction\":[{\"@type\":\"ReadAction\",\"target\":[\"https:\\\/\\\/halleyrecords.com\\\/es\\\/producte\\\/in-the-backyard-of-the-castle\\\/\"]}]},{\"@type\":\"ImageObject\",\"inLanguage\":\"es\",\"@id\":\"https:\\\/\\\/halleyrecords.com\\\/es\\\/producte\\\/in-the-backyard-of-the-castle\\\/#primaryimage\",\"url\":\"https:\\\/\\\/halleyrecords.com\\\/wp-content\\\/uploads\\\/2025\\\/05\\\/Inthebackyardofthecastle_MeritxellNeddermann_P.png\",\"contentUrl\":\"https:\\\/\\\/halleyrecords.com\\\/wp-content\\\/uploads\\\/2025\\\/05\\\/Inthebackyardofthecastle_MeritxellNeddermann_P.png\",\"width\":700,\"height\":700},{\"@type\":\"BreadcrumbList\",\"@id\":\"https:\\\/\\\/halleyrecords.com\\\/es\\\/producte\\\/in-the-backyard-of-the-castle\\\/#breadcrumb\",\"itemListElement\":[{\"@type\":\"ListItem\",\"position\":1,\"name\":\"Home\",\"item\":\"https:\\\/\\\/halleyrecords.com\\\/es\\\/\"},{\"@type\":\"ListItem\",\"position\":2,\"name\":\"In the Backyard of the Castle\"}]},{\"@type\":\"WebSite\",\"@id\":\"https:\\\/\\\/halleyrecords.com\\\/es\\\/#website\",\"url\":\"https:\\\/\\\/halleyrecords.com\\\/es\\\/\",\"name\":\"Halley Records\",\"description\":\"\",\"publisher\":{\"@id\":\"https:\\\/\\\/halleyrecords.com\\\/es\\\/#organization\"},\"potentialAction\":[{\"@type\":\"SearchAction\",\"target\":{\"@type\":\"EntryPoint\",\"urlTemplate\":\"https:\\\/\\\/halleyrecords.com\\\/es\\\/?s={search_term_string}\"},\"query-input\":{\"@type\":\"PropertyValueSpecification\",\"valueRequired\":true,\"valueName\":\"search_term_string\"}}],\"inLanguage\":\"es\"},{\"@type\":\"Organization\",\"@id\":\"https:\\\/\\\/halleyrecords.com\\\/es\\\/#organization\",\"name\":\"Halley Records\",\"url\":\"https:\\\/\\\/halleyrecords.com\\\/es\\\/\",\"logo\":{\"@type\":\"ImageObject\",\"inLanguage\":\"es\",\"@id\":\"https:\\\/\\\/halleyrecords.com\\\/es\\\/#\\\/schema\\\/logo\\\/image\\\/\",\"url\":\"https:\\\/\\\/halleyrecords.com\\\/wp-content\\\/uploads\\\/2025\\\/09\\\/Halley_logo_positiu.png\",\"contentUrl\":\"https:\\\/\\\/halleyrecords.com\\\/wp-content\\\/uploads\\\/2025\\\/09\\\/Halley_logo_positiu.png\",\"width\":2008,\"height\":1521,\"caption\":\"Halley Records\"},\"image\":{\"@id\":\"https:\\\/\\\/halleyrecords.com\\\/es\\\/#\\\/schema\\\/logo\\\/image\\\/\"},\"sameAs\":[\"https:\\\/\\\/www.instagram.com\\\/halleyrecords\"]}]}<\/script>\n<!-- \/ Yoast SEO plugin. -->","yoast_head_json":{"title":"In the Backyard of the Castle - Halley Records","description":"In The Backyard Of The Castle es el debut de Meritxell Neddermann, un \u00e1lbum que explora las emociones a trav\u00e9s de una amplia variedad de g\u00e9neros musicales.","robots":{"index":"index","follow":"follow","max-snippet":"max-snippet:-1","max-image-preview":"max-image-preview:large","max-video-preview":"max-video-preview:-1"},"canonical":"https:\/\/halleyrecords.com\/es\/producte\/in-the-backyard-of-the-castle\/","og_locale":"es_ES","og_type":"article","og_title":"In the Backyard of the Castle - Halley Records","og_description":"In The Backyard Of The Castle es el debut de Meritxell Neddermann, un \u00e1lbum que explora las emociones a trav\u00e9s de una amplia variedad de g\u00e9neros musicales.","og_url":"https:\/\/halleyrecords.com\/es\/producte\/in-the-backyard-of-the-castle\/","og_site_name":"Halley Records","article_modified_time":"2025-08-26T07:38:28+00:00","og_image":[{"width":700,"height":700,"url":"https:\/\/halleyrecords.com\/wp-content\/uploads\/2025\/05\/Inthebackyardofthecastle_MeritxellNeddermann_P.png","type":"image\/png"}],"twitter_card":"summary_large_image","twitter_misc":{"Tiempo de lectura":"2 minutos"},"schema":{"@context":"https:\/\/schema.org","@graph":[{"@type":"WebPage","@id":"https:\/\/halleyrecords.com\/es\/producte\/in-the-backyard-of-the-castle\/","url":"https:\/\/halleyrecords.com\/es\/producte\/in-the-backyard-of-the-castle\/","name":"In the Backyard of the Castle - Halley Records","isPartOf":{"@id":"https:\/\/halleyrecords.com\/es\/#website"},"primaryImageOfPage":{"@id":"https:\/\/halleyrecords.com\/es\/producte\/in-the-backyard-of-the-castle\/#primaryimage"},"image":{"@id":"https:\/\/halleyrecords.com\/es\/producte\/in-the-backyard-of-the-castle\/#primaryimage"},"thumbnailUrl":"https:\/\/halleyrecords.com\/wp-content\/uploads\/2025\/05\/Inthebackyardofthecastle_MeritxellNeddermann_P.png","datePublished":"2025-05-08T11:20:09+00:00","dateModified":"2025-08-26T07:38:28+00:00","description":"In The Backyard Of The Castle es el debut de Meritxell Neddermann, un \u00e1lbum que explora las emociones a trav\u00e9s de una amplia variedad de g\u00e9neros musicales.","breadcrumb":{"@id":"https:\/\/halleyrecords.com\/es\/producte\/in-the-backyard-of-the-castle\/#breadcrumb"},"inLanguage":"es","potentialAction":[{"@type":"ReadAction","target":["https:\/\/halleyrecords.com\/es\/producte\/in-the-backyard-of-the-castle\/"]}]},{"@type":"ImageObject","inLanguage":"es","@id":"https:\/\/halleyrecords.com\/es\/producte\/in-the-backyard-of-the-castle\/#primaryimage","url":"https:\/\/halleyrecords.com\/wp-content\/uploads\/2025\/05\/Inthebackyardofthecastle_MeritxellNeddermann_P.png","contentUrl":"https:\/\/halleyrecords.com\/wp-content\/uploads\/2025\/05\/Inthebackyardofthecastle_MeritxellNeddermann_P.png","width":700,"height":700},{"@type":"BreadcrumbList","@id":"https:\/\/halleyrecords.com\/es\/producte\/in-the-backyard-of-the-castle\/#breadcrumb","itemListElement":[{"@type":"ListItem","position":1,"name":"Home","item":"https:\/\/halleyrecords.com\/es\/"},{"@type":"ListItem","position":2,"name":"In the Backyard of the Castle"}]},{"@type":"WebSite","@id":"https:\/\/halleyrecords.com\/es\/#website","url":"https:\/\/halleyrecords.com\/es\/","name":"Halley Records","description":"","publisher":{"@id":"https:\/\/halleyrecords.com\/es\/#organization"},"potentialAction":[{"@type":"SearchAction","target":{"@type":"EntryPoint","urlTemplate":"https:\/\/halleyrecords.com\/es\/?s={search_term_string}"},"query-input":{"@type":"PropertyValueSpecification","valueRequired":true,"valueName":"search_term_string"}}],"inLanguage":"es"},{"@type":"Organization","@id":"https:\/\/halleyrecords.com\/es\/#organization","name":"Halley Records","url":"https:\/\/halleyrecords.com\/es\/","logo":{"@type":"ImageObject","inLanguage":"es","@id":"https:\/\/halleyrecords.com\/es\/#\/schema\/logo\/image\/","url":"https:\/\/halleyrecords.com\/wp-content\/uploads\/2025\/09\/Halley_logo_positiu.png","contentUrl":"https:\/\/halleyrecords.com\/wp-content\/uploads\/2025\/09\/Halley_logo_positiu.png","width":2008,"height":1521,"caption":"Halley Records"},"image":{"@id":"https:\/\/halleyrecords.com\/es\/#\/schema\/logo\/image\/"},"sameAs":["https:\/\/www.instagram.com\/halleyrecords"]}]}},"_links":{"self":[{"href":"https:\/\/halleyrecords.com\/es\/wp-json\/wp\/v2\/product\/1528","targetHints":{"allow":["GET"]}}],"collection":[{"href":"https:\/\/halleyrecords.com\/es\/wp-json\/wp\/v2\/product"}],"about":[{"href":"https:\/\/halleyrecords.com\/es\/wp-json\/wp\/v2\/types\/product"}],"wp:featuredmedia":[{"embeddable":true,"href":"https:\/\/halleyrecords.com\/es\/wp-json\/wp\/v2\/media\/356"}],"wp:attachment":[{"href":"https:\/\/halleyrecords.com\/es\/wp-json\/wp\/v2\/media?parent=1528"}],"wp:term":[{"taxonomy":"product_brand","embeddable":true,"href":"https:\/\/halleyrecords.com\/es\/wp-json\/wp\/v2\/product_brand?post=1528"},{"taxonomy":"product_cat","embeddable":true,"href":"https:\/\/halleyrecords.com\/es\/wp-json\/wp\/v2\/product_cat?post=1528"},{"taxonomy":"product_tag","embeddable":true,"href":"https:\/\/halleyrecords.com\/es\/wp-json\/wp\/v2\/product_tag?post=1528"}],"curies":[{"name":"wp","href":"https:\/\/api.w.org\/{rel}","templated":true}]}}