{"id":1554,"date":"2025-05-08T12:14:37","date_gmt":"2025-05-08T12:14:37","guid":{"rendered":"https:\/\/halleyrecords.com\/producte\/tot-es-ara\/"},"modified":"2026-01-30T08:25:39","modified_gmt":"2026-01-30T08:25:39","slug":"tot-es-ara","status":"publish","type":"product","link":"https:\/\/halleyrecords.com\/es\/producte\/tot-es-ara\/","title":{"rendered":"Tot \u00e9s ara"},"content":{"rendered":"<p>Los valencianos <strong>Aspencat<\/strong> publicaron en 2015 su cuarto \u2014y \u00faltimo\u2014 disco de estudio, <strong><em>Tot \u00e9s <\/em><em><strong>ara<\/strong>.<\/em><\/strong> Todo un viaje musical que hace evolucionar su propuesta de rock, rap y reggae con letras combativas hacia unas sonoridades m\u00e1s electr\u00f3nicas como el dubstep o el dancehall. En el disco hay grandes \u00e9xitos como \u201cM\u00fasica naix de la r\u00e0bia\u201d, donde explican todo lo que les impulsa a escribir canciones, un grito de rabia desde la conciencia porque, con la m\u00fasica, se puede contribuir a cambiar las cosas. Tambi\u00e9n destacan canciones como el dubstep de \u201cLa hist\u00f2ria \u00e9s nostra\u201d, con una base instrumental de Martin Plan B, que habla de los hijos de los 80 y 90 que han tomado el protagonismo para construir un nuevo Pa\u00eds Valenci\u00e0; y \u201cS\u2019atura el temps\u201d, muy cr\u00edtica con el expolio de la riqueza mundial. Tambi\u00e9n resalta el dancehall de \u201cTrenca els miralls\u201d con la rapera catalana Mai, que resulta ser un grito a favor de la lucha feminista, o \u201cSense por\u201d, con la voz de Ander de Green Valley, que clama \u201c\u00a1ya no tenemos miedo!\u201d.<\/p>\n<p>El sonido genuino de <strong>Aspencat<\/strong> se encuentra en \u201cMantindre el foc\u201d, donde canta Train to Roots desde Cerde\u00f1a preguntando qui\u00e9n mueve los hilos del mundo, y en otras canciones destacables como \u201cEscriurem mil batalles\u201d, que reclama dar un paso adelante para transformar la sociedad, o \u201cVull brindar\u201d, con una colaboraci\u00f3n muy especial de su paisano \u00c0lex Segu\u00ed, donde cantan c\u00f3mo la vida puede girar de repente cuando conoces a una persona que te abre un nuevo mundo.<\/p>\n","protected":false},"excerpt":{"rendered":"<p>Los valencianos Aspencat publicaron en 2015 su cuarto \u2014y \u00faltimo\u2014 disco de estudio, Tot \u00e9s ara. Todo un viaje musical que hace evolucionar su propuesta de rock, rap y reggae con letras combativas hacia unas sonoridades m\u00e1s electr\u00f3nicas como el dubstep o el dancehall. En&#8230;<\/p>\n","protected":false},"featured_media":377,"template":"","meta":{"_acf_changed":false},"product_brand":[],"product_cat":[27],"product_tag":[],"class_list":{"0":"post-1554","1":"product","2":"type-product","3":"status-publish","4":"has-post-thumbnail","6":"product_cat-uncategorized-ca-es","8":"first","9":"instock","10":"shipping-taxable","11":"purchasable","12":"product-type-variable"},"bundled_by":[],"bundle_stock_status":"instock","bundle_stock_quantity":19,"bundle_virtual":false,"bundle_layout":"","bundle_add_to_cart_form_location":"","bundle_editable_in_cart":false,"bundle_sold_individually_context":"","bundle_item_grouping":"","bundle_min_size":"","bundle_max_size":"","bundle_price":[],"bundled_items":[],"bundle_sell_ids":[],"acf":[],"yoast_head":"<!-- This site is optimized with the Yoast SEO plugin v27.4 - https:\/\/yoast.com\/product\/yoast-seo-wordpress\/ -->\n<title>Tot \u00e9s ara - Halley Records<\/title>\n<meta name=\"description\" content=\"Tot \u00e9s ara esodo un viaje musical que hace evolucionar su propuesta de rock, rap y reggae con letras combativas hacia unas sonoridades m\u00e1s electr\u00f3nicas.\" \/>\n<meta name=\"robots\" content=\"index, follow, max-snippet:-1, max-image-preview:large, max-video-preview:-1\" \/>\n<link rel=\"canonical\" href=\"https:\/\/halleyrecords.com\/es\/producte\/tot-es-ara\/\" \/>\n<meta property=\"og:locale\" content=\"es_ES\" \/>\n<meta property=\"og:type\" content=\"article\" \/>\n<meta property=\"og:title\" content=\"Tot \u00e9s ara - Halley Records\" \/>\n<meta property=\"og:description\" content=\"Tot \u00e9s ara esodo un viaje musical que hace evolucionar su propuesta de rock, rap y reggae con letras combativas hacia unas sonoridades m\u00e1s electr\u00f3nicas.\" \/>\n<meta property=\"og:url\" content=\"https:\/\/halleyrecords.com\/es\/producte\/tot-es-ara\/\" \/>\n<meta property=\"og:site_name\" content=\"Halley Records\" \/>\n<meta property=\"article:modified_time\" content=\"2026-01-30T08:25:39+00:00\" \/>\n<meta property=\"og:image\" content=\"https:\/\/halleyrecords.com\/wp-content\/uploads\/2025\/05\/Totesara_Aspencat_P.png\" \/>\n\t<meta property=\"og:image:width\" content=\"700\" \/>\n\t<meta property=\"og:image:height\" content=\"700\" \/>\n\t<meta property=\"og:image:type\" content=\"image\/png\" \/>\n<meta name=\"twitter:card\" content=\"summary_large_image\" \/>\n<meta name=\"twitter:label1\" content=\"Tiempo de lectura\" \/>\n\t<meta name=\"twitter:data1\" content=\"2 minutos\" \/>\n<script type=\"application\/ld+json\" class=\"yoast-schema-graph\">{\"@context\":\"https:\\\/\\\/schema.org\",\"@graph\":[{\"@type\":\"WebPage\",\"@id\":\"https:\\\/\\\/halleyrecords.com\\\/es\\\/producte\\\/tot-es-ara\\\/\",\"url\":\"https:\\\/\\\/halleyrecords.com\\\/es\\\/producte\\\/tot-es-ara\\\/\",\"name\":\"Tot \u00e9s ara - Halley Records\",\"isPartOf\":{\"@id\":\"https:\\\/\\\/halleyrecords.com\\\/es\\\/#website\"},\"primaryImageOfPage\":{\"@id\":\"https:\\\/\\\/halleyrecords.com\\\/es\\\/producte\\\/tot-es-ara\\\/#primaryimage\"},\"image\":{\"@id\":\"https:\\\/\\\/halleyrecords.com\\\/es\\\/producte\\\/tot-es-ara\\\/#primaryimage\"},\"thumbnailUrl\":\"https:\\\/\\\/halleyrecords.com\\\/wp-content\\\/uploads\\\/2025\\\/05\\\/Totesara_Aspencat_P.png\",\"datePublished\":\"2025-05-08T12:14:37+00:00\",\"dateModified\":\"2026-01-30T08:25:39+00:00\",\"description\":\"Tot \u00e9s ara esodo un viaje musical que hace evolucionar su propuesta de rock, rap y reggae con letras combativas hacia unas sonoridades m\u00e1s electr\u00f3nicas.\",\"breadcrumb\":{\"@id\":\"https:\\\/\\\/halleyrecords.com\\\/es\\\/producte\\\/tot-es-ara\\\/#breadcrumb\"},\"inLanguage\":\"es\",\"potentialAction\":[{\"@type\":\"ReadAction\",\"target\":[\"https:\\\/\\\/halleyrecords.com\\\/es\\\/producte\\\/tot-es-ara\\\/\"]}]},{\"@type\":\"ImageObject\",\"inLanguage\":\"es\",\"@id\":\"https:\\\/\\\/halleyrecords.com\\\/es\\\/producte\\\/tot-es-ara\\\/#primaryimage\",\"url\":\"https:\\\/\\\/halleyrecords.com\\\/wp-content\\\/uploads\\\/2025\\\/05\\\/Totesara_Aspencat_P.png\",\"contentUrl\":\"https:\\\/\\\/halleyrecords.com\\\/wp-content\\\/uploads\\\/2025\\\/05\\\/Totesara_Aspencat_P.png\",\"width\":700,\"height\":700},{\"@type\":\"BreadcrumbList\",\"@id\":\"https:\\\/\\\/halleyrecords.com\\\/es\\\/producte\\\/tot-es-ara\\\/#breadcrumb\",\"itemListElement\":[{\"@type\":\"ListItem\",\"position\":1,\"name\":\"Home\",\"item\":\"https:\\\/\\\/halleyrecords.com\\\/es\\\/\"},{\"@type\":\"ListItem\",\"position\":2,\"name\":\"Tot \u00e9s ara\"}]},{\"@type\":\"WebSite\",\"@id\":\"https:\\\/\\\/halleyrecords.com\\\/es\\\/#website\",\"url\":\"https:\\\/\\\/halleyrecords.com\\\/es\\\/\",\"name\":\"Halley Records\",\"description\":\"\",\"publisher\":{\"@id\":\"https:\\\/\\\/halleyrecords.com\\\/es\\\/#organization\"},\"potentialAction\":[{\"@type\":\"SearchAction\",\"target\":{\"@type\":\"EntryPoint\",\"urlTemplate\":\"https:\\\/\\\/halleyrecords.com\\\/es\\\/?s={search_term_string}\"},\"query-input\":{\"@type\":\"PropertyValueSpecification\",\"valueRequired\":true,\"valueName\":\"search_term_string\"}}],\"inLanguage\":\"es\"},{\"@type\":\"Organization\",\"@id\":\"https:\\\/\\\/halleyrecords.com\\\/es\\\/#organization\",\"name\":\"Halley Records\",\"url\":\"https:\\\/\\\/halleyrecords.com\\\/es\\\/\",\"logo\":{\"@type\":\"ImageObject\",\"inLanguage\":\"es\",\"@id\":\"https:\\\/\\\/halleyrecords.com\\\/es\\\/#\\\/schema\\\/logo\\\/image\\\/\",\"url\":\"https:\\\/\\\/halleyrecords.com\\\/wp-content\\\/uploads\\\/2025\\\/09\\\/Halley_logo_positiu.png\",\"contentUrl\":\"https:\\\/\\\/halleyrecords.com\\\/wp-content\\\/uploads\\\/2025\\\/09\\\/Halley_logo_positiu.png\",\"width\":2008,\"height\":1521,\"caption\":\"Halley Records\"},\"image\":{\"@id\":\"https:\\\/\\\/halleyrecords.com\\\/es\\\/#\\\/schema\\\/logo\\\/image\\\/\"},\"sameAs\":[\"https:\\\/\\\/www.instagram.com\\\/halleyrecords\"]}]}<\/script>\n<!-- \/ Yoast SEO plugin. -->","yoast_head_json":{"title":"Tot \u00e9s ara - Halley Records","description":"Tot \u00e9s ara esodo un viaje musical que hace evolucionar su propuesta de rock, rap y reggae con letras combativas hacia unas sonoridades m\u00e1s electr\u00f3nicas.","robots":{"index":"index","follow":"follow","max-snippet":"max-snippet:-1","max-image-preview":"max-image-preview:large","max-video-preview":"max-video-preview:-1"},"canonical":"https:\/\/halleyrecords.com\/es\/producte\/tot-es-ara\/","og_locale":"es_ES","og_type":"article","og_title":"Tot \u00e9s ara - Halley Records","og_description":"Tot \u00e9s ara esodo un viaje musical que hace evolucionar su propuesta de rock, rap y reggae con letras combativas hacia unas sonoridades m\u00e1s electr\u00f3nicas.","og_url":"https:\/\/halleyrecords.com\/es\/producte\/tot-es-ara\/","og_site_name":"Halley Records","article_modified_time":"2026-01-30T08:25:39+00:00","og_image":[{"width":700,"height":700,"url":"https:\/\/halleyrecords.com\/wp-content\/uploads\/2025\/05\/Totesara_Aspencat_P.png","type":"image\/png"}],"twitter_card":"summary_large_image","twitter_misc":{"Tiempo de lectura":"2 minutos"},"schema":{"@context":"https:\/\/schema.org","@graph":[{"@type":"WebPage","@id":"https:\/\/halleyrecords.com\/es\/producte\/tot-es-ara\/","url":"https:\/\/halleyrecords.com\/es\/producte\/tot-es-ara\/","name":"Tot \u00e9s ara - Halley Records","isPartOf":{"@id":"https:\/\/halleyrecords.com\/es\/#website"},"primaryImageOfPage":{"@id":"https:\/\/halleyrecords.com\/es\/producte\/tot-es-ara\/#primaryimage"},"image":{"@id":"https:\/\/halleyrecords.com\/es\/producte\/tot-es-ara\/#primaryimage"},"thumbnailUrl":"https:\/\/halleyrecords.com\/wp-content\/uploads\/2025\/05\/Totesara_Aspencat_P.png","datePublished":"2025-05-08T12:14:37+00:00","dateModified":"2026-01-30T08:25:39+00:00","description":"Tot \u00e9s ara esodo un viaje musical que hace evolucionar su propuesta de rock, rap y reggae con letras combativas hacia unas sonoridades m\u00e1s electr\u00f3nicas.","breadcrumb":{"@id":"https:\/\/halleyrecords.com\/es\/producte\/tot-es-ara\/#breadcrumb"},"inLanguage":"es","potentialAction":[{"@type":"ReadAction","target":["https:\/\/halleyrecords.com\/es\/producte\/tot-es-ara\/"]}]},{"@type":"ImageObject","inLanguage":"es","@id":"https:\/\/halleyrecords.com\/es\/producte\/tot-es-ara\/#primaryimage","url":"https:\/\/halleyrecords.com\/wp-content\/uploads\/2025\/05\/Totesara_Aspencat_P.png","contentUrl":"https:\/\/halleyrecords.com\/wp-content\/uploads\/2025\/05\/Totesara_Aspencat_P.png","width":700,"height":700},{"@type":"BreadcrumbList","@id":"https:\/\/halleyrecords.com\/es\/producte\/tot-es-ara\/#breadcrumb","itemListElement":[{"@type":"ListItem","position":1,"name":"Home","item":"https:\/\/halleyrecords.com\/es\/"},{"@type":"ListItem","position":2,"name":"Tot \u00e9s ara"}]},{"@type":"WebSite","@id":"https:\/\/halleyrecords.com\/es\/#website","url":"https:\/\/halleyrecords.com\/es\/","name":"Halley Records","description":"","publisher":{"@id":"https:\/\/halleyrecords.com\/es\/#organization"},"potentialAction":[{"@type":"SearchAction","target":{"@type":"EntryPoint","urlTemplate":"https:\/\/halleyrecords.com\/es\/?s={search_term_string}"},"query-input":{"@type":"PropertyValueSpecification","valueRequired":true,"valueName":"search_term_string"}}],"inLanguage":"es"},{"@type":"Organization","@id":"https:\/\/halleyrecords.com\/es\/#organization","name":"Halley Records","url":"https:\/\/halleyrecords.com\/es\/","logo":{"@type":"ImageObject","inLanguage":"es","@id":"https:\/\/halleyrecords.com\/es\/#\/schema\/logo\/image\/","url":"https:\/\/halleyrecords.com\/wp-content\/uploads\/2025\/09\/Halley_logo_positiu.png","contentUrl":"https:\/\/halleyrecords.com\/wp-content\/uploads\/2025\/09\/Halley_logo_positiu.png","width":2008,"height":1521,"caption":"Halley Records"},"image":{"@id":"https:\/\/halleyrecords.com\/es\/#\/schema\/logo\/image\/"},"sameAs":["https:\/\/www.instagram.com\/halleyrecords"]}]}},"_links":{"self":[{"href":"https:\/\/halleyrecords.com\/es\/wp-json\/wp\/v2\/product\/1554","targetHints":{"allow":["GET"]}}],"collection":[{"href":"https:\/\/halleyrecords.com\/es\/wp-json\/wp\/v2\/product"}],"about":[{"href":"https:\/\/halleyrecords.com\/es\/wp-json\/wp\/v2\/types\/product"}],"wp:featuredmedia":[{"embeddable":true,"href":"https:\/\/halleyrecords.com\/es\/wp-json\/wp\/v2\/media\/377"}],"wp:attachment":[{"href":"https:\/\/halleyrecords.com\/es\/wp-json\/wp\/v2\/media?parent=1554"}],"wp:term":[{"taxonomy":"product_brand","embeddable":true,"href":"https:\/\/halleyrecords.com\/es\/wp-json\/wp\/v2\/product_brand?post=1554"},{"taxonomy":"product_cat","embeddable":true,"href":"https:\/\/halleyrecords.com\/es\/wp-json\/wp\/v2\/product_cat?post=1554"},{"taxonomy":"product_tag","embeddable":true,"href":"https:\/\/halleyrecords.com\/es\/wp-json\/wp\/v2\/product_tag?post=1554"}],"curies":[{"name":"wp","href":"https:\/\/api.w.org\/{rel}","templated":true}]}}