{"id":1589,"date":"2025-05-09T11:36:11","date_gmt":"2025-05-09T11:36:11","guid":{"rendered":"https:\/\/halleyrecords.com\/producte\/anima\/"},"modified":"2025-08-26T11:23:19","modified_gmt":"2025-08-26T11:23:19","slug":"anima","status":"publish","type":"product","link":"https:\/\/halleyrecords.com\/es\/producte\/anima\/","title":{"rendered":"\u00c0nima"},"content":{"rendered":"<p>\u00c0nima es el segundo disco de El Diluvi, una banda de l\u2019Alcoi\u00e0 que fusiona diversos estilos musicales como el mestizaje mediterr\u00e1neo, el folk, el reggae y la cumbia. El \u00e1lbum, publicado en 2017, se abre con su cl\u00e1sico \u201cTendresa Insubmisa\u201d, una de sus canciones m\u00e1s ic\u00f3nicas. Tambi\u00e9n encontramos \u201cEl foc\u201d, con la colaboraci\u00f3n de ZOO; \u201cEl N\u00f2mada (Bruno)\u201d, junto a Carles Belda; y \u201cAmor infinit\u201d, con La Trocamba Matanusca. Las letras abordan temas como el amor, la libertad y la identidad, reflejando la filosof\u00eda y el esp\u00edritu del grupo. \u00c0nima es el equilibrio perfecto entre vitalidad festiva y sensibilidad reflexiva.<\/p>\n","protected":false},"excerpt":{"rendered":"<p>\u00c0nima es el segundo disco de El Diluvi, una banda de l\u2019Alcoi\u00e0 que fusiona diversos estilos musicales como el mestizaje mediterr\u00e1neo, el folk, el reggae y la cumbia. El \u00e1lbum, publicado en 2017, se abre con su cl\u00e1sico \u201cTendresa Insubmisa\u201d, una de sus canciones m\u00e1s&#8230;<\/p>\n","protected":false},"featured_media":457,"template":"","meta":{"_acf_changed":false},"product_brand":[],"product_cat":[27],"product_tag":[],"class_list":{"0":"post-1589","1":"product","2":"type-product","3":"status-publish","4":"has-post-thumbnail","6":"product_cat-uncategorized-ca-es","8":"first","9":"outofstock","10":"shipping-taxable","11":"product-type-variable"},"bundled_by":[],"bundle_stock_status":"outofstock","bundle_stock_quantity":0,"bundle_virtual":false,"bundle_layout":"","bundle_add_to_cart_form_location":"","bundle_editable_in_cart":false,"bundle_sold_individually_context":"","bundle_item_grouping":"","bundle_min_size":"","bundle_max_size":"","bundle_price":[],"bundled_items":[],"bundle_sell_ids":[],"acf":[],"yoast_head":"<!-- This site is optimized with the Yoast SEO plugin v27.4 - https:\/\/yoast.com\/product\/yoast-seo-wordpress\/ -->\n<title>\u00c0nima - Halley Records<\/title>\n<meta name=\"description\" content=\"\u00c0nima es el segundo disco de El Diluvi, una banda de l\u2019Alcoi\u00e0 que fusiona diversos estilos musicales como el mestizaje mediterr\u00e1neo, el folk, el reggae\" \/>\n<meta name=\"robots\" content=\"index, follow, max-snippet:-1, max-image-preview:large, max-video-preview:-1\" \/>\n<link rel=\"canonical\" href=\"https:\/\/halleyrecords.com\/es\/producte\/anima\/\" \/>\n<meta property=\"og:locale\" content=\"es_ES\" \/>\n<meta property=\"og:type\" content=\"article\" \/>\n<meta property=\"og:title\" content=\"\u00c0nima - Halley Records\" \/>\n<meta property=\"og:description\" content=\"\u00c0nima es el segundo disco de El Diluvi, una banda de l\u2019Alcoi\u00e0 que fusiona diversos estilos musicales como el mestizaje mediterr\u00e1neo, el folk, el reggae\" \/>\n<meta property=\"og:url\" content=\"https:\/\/halleyrecords.com\/es\/producte\/anima\/\" \/>\n<meta property=\"og:site_name\" content=\"Halley Records\" \/>\n<meta property=\"article:modified_time\" content=\"2025-08-26T11:23:19+00:00\" \/>\n<meta property=\"og:image\" content=\"https:\/\/halleyrecords.com\/wp-content\/uploads\/2025\/05\/Anima_ElDiluvi_P.png\" \/>\n\t<meta property=\"og:image:width\" content=\"700\" \/>\n\t<meta property=\"og:image:height\" content=\"700\" \/>\n\t<meta property=\"og:image:type\" content=\"image\/png\" \/>\n<meta name=\"twitter:card\" content=\"summary_large_image\" \/>\n<meta name=\"twitter:label1\" content=\"Tiempo de lectura\" \/>\n\t<meta name=\"twitter:data1\" content=\"1 minuto\" \/>\n<script type=\"application\/ld+json\" class=\"yoast-schema-graph\">{\"@context\":\"https:\\\/\\\/schema.org\",\"@graph\":[{\"@type\":\"WebPage\",\"@id\":\"https:\\\/\\\/halleyrecords.com\\\/es\\\/producte\\\/anima\\\/\",\"url\":\"https:\\\/\\\/halleyrecords.com\\\/es\\\/producte\\\/anima\\\/\",\"name\":\"\u00c0nima - Halley Records\",\"isPartOf\":{\"@id\":\"https:\\\/\\\/halleyrecords.com\\\/es\\\/#website\"},\"primaryImageOfPage\":{\"@id\":\"https:\\\/\\\/halleyrecords.com\\\/es\\\/producte\\\/anima\\\/#primaryimage\"},\"image\":{\"@id\":\"https:\\\/\\\/halleyrecords.com\\\/es\\\/producte\\\/anima\\\/#primaryimage\"},\"thumbnailUrl\":\"https:\\\/\\\/halleyrecords.com\\\/wp-content\\\/uploads\\\/2025\\\/05\\\/Anima_ElDiluvi_P.png\",\"datePublished\":\"2025-05-09T11:36:11+00:00\",\"dateModified\":\"2025-08-26T11:23:19+00:00\",\"description\":\"\u00c0nima es el segundo disco de El Diluvi, una banda de l\u2019Alcoi\u00e0 que fusiona diversos estilos musicales como el mestizaje mediterr\u00e1neo, el folk, el reggae\",\"breadcrumb\":{\"@id\":\"https:\\\/\\\/halleyrecords.com\\\/es\\\/producte\\\/anima\\\/#breadcrumb\"},\"inLanguage\":\"es\",\"potentialAction\":[{\"@type\":\"ReadAction\",\"target\":[\"https:\\\/\\\/halleyrecords.com\\\/es\\\/producte\\\/anima\\\/\"]}]},{\"@type\":\"ImageObject\",\"inLanguage\":\"es\",\"@id\":\"https:\\\/\\\/halleyrecords.com\\\/es\\\/producte\\\/anima\\\/#primaryimage\",\"url\":\"https:\\\/\\\/halleyrecords.com\\\/wp-content\\\/uploads\\\/2025\\\/05\\\/Anima_ElDiluvi_P.png\",\"contentUrl\":\"https:\\\/\\\/halleyrecords.com\\\/wp-content\\\/uploads\\\/2025\\\/05\\\/Anima_ElDiluvi_P.png\",\"width\":700,\"height\":700},{\"@type\":\"BreadcrumbList\",\"@id\":\"https:\\\/\\\/halleyrecords.com\\\/es\\\/producte\\\/anima\\\/#breadcrumb\",\"itemListElement\":[{\"@type\":\"ListItem\",\"position\":1,\"name\":\"Home\",\"item\":\"https:\\\/\\\/halleyrecords.com\\\/es\\\/\"},{\"@type\":\"ListItem\",\"position\":2,\"name\":\"\u00c0nima\"}]},{\"@type\":\"WebSite\",\"@id\":\"https:\\\/\\\/halleyrecords.com\\\/es\\\/#website\",\"url\":\"https:\\\/\\\/halleyrecords.com\\\/es\\\/\",\"name\":\"Halley Records\",\"description\":\"\",\"publisher\":{\"@id\":\"https:\\\/\\\/halleyrecords.com\\\/es\\\/#organization\"},\"potentialAction\":[{\"@type\":\"SearchAction\",\"target\":{\"@type\":\"EntryPoint\",\"urlTemplate\":\"https:\\\/\\\/halleyrecords.com\\\/es\\\/?s={search_term_string}\"},\"query-input\":{\"@type\":\"PropertyValueSpecification\",\"valueRequired\":true,\"valueName\":\"search_term_string\"}}],\"inLanguage\":\"es\"},{\"@type\":\"Organization\",\"@id\":\"https:\\\/\\\/halleyrecords.com\\\/es\\\/#organization\",\"name\":\"Halley Records\",\"url\":\"https:\\\/\\\/halleyrecords.com\\\/es\\\/\",\"logo\":{\"@type\":\"ImageObject\",\"inLanguage\":\"es\",\"@id\":\"https:\\\/\\\/halleyrecords.com\\\/es\\\/#\\\/schema\\\/logo\\\/image\\\/\",\"url\":\"https:\\\/\\\/halleyrecords.com\\\/wp-content\\\/uploads\\\/2025\\\/09\\\/Halley_logo_positiu.png\",\"contentUrl\":\"https:\\\/\\\/halleyrecords.com\\\/wp-content\\\/uploads\\\/2025\\\/09\\\/Halley_logo_positiu.png\",\"width\":2008,\"height\":1521,\"caption\":\"Halley Records\"},\"image\":{\"@id\":\"https:\\\/\\\/halleyrecords.com\\\/es\\\/#\\\/schema\\\/logo\\\/image\\\/\"},\"sameAs\":[\"https:\\\/\\\/www.instagram.com\\\/halleyrecords\"]}]}<\/script>\n<!-- \/ Yoast SEO plugin. -->","yoast_head_json":{"title":"\u00c0nima - Halley Records","description":"\u00c0nima es el segundo disco de El Diluvi, una banda de l\u2019Alcoi\u00e0 que fusiona diversos estilos musicales como el mestizaje mediterr\u00e1neo, el folk, el reggae","robots":{"index":"index","follow":"follow","max-snippet":"max-snippet:-1","max-image-preview":"max-image-preview:large","max-video-preview":"max-video-preview:-1"},"canonical":"https:\/\/halleyrecords.com\/es\/producte\/anima\/","og_locale":"es_ES","og_type":"article","og_title":"\u00c0nima - Halley Records","og_description":"\u00c0nima es el segundo disco de El Diluvi, una banda de l\u2019Alcoi\u00e0 que fusiona diversos estilos musicales como el mestizaje mediterr\u00e1neo, el folk, el reggae","og_url":"https:\/\/halleyrecords.com\/es\/producte\/anima\/","og_site_name":"Halley Records","article_modified_time":"2025-08-26T11:23:19+00:00","og_image":[{"width":700,"height":700,"url":"https:\/\/halleyrecords.com\/wp-content\/uploads\/2025\/05\/Anima_ElDiluvi_P.png","type":"image\/png"}],"twitter_card":"summary_large_image","twitter_misc":{"Tiempo de lectura":"1 minuto"},"schema":{"@context":"https:\/\/schema.org","@graph":[{"@type":"WebPage","@id":"https:\/\/halleyrecords.com\/es\/producte\/anima\/","url":"https:\/\/halleyrecords.com\/es\/producte\/anima\/","name":"\u00c0nima - Halley Records","isPartOf":{"@id":"https:\/\/halleyrecords.com\/es\/#website"},"primaryImageOfPage":{"@id":"https:\/\/halleyrecords.com\/es\/producte\/anima\/#primaryimage"},"image":{"@id":"https:\/\/halleyrecords.com\/es\/producte\/anima\/#primaryimage"},"thumbnailUrl":"https:\/\/halleyrecords.com\/wp-content\/uploads\/2025\/05\/Anima_ElDiluvi_P.png","datePublished":"2025-05-09T11:36:11+00:00","dateModified":"2025-08-26T11:23:19+00:00","description":"\u00c0nima es el segundo disco de El Diluvi, una banda de l\u2019Alcoi\u00e0 que fusiona diversos estilos musicales como el mestizaje mediterr\u00e1neo, el folk, el reggae","breadcrumb":{"@id":"https:\/\/halleyrecords.com\/es\/producte\/anima\/#breadcrumb"},"inLanguage":"es","potentialAction":[{"@type":"ReadAction","target":["https:\/\/halleyrecords.com\/es\/producte\/anima\/"]}]},{"@type":"ImageObject","inLanguage":"es","@id":"https:\/\/halleyrecords.com\/es\/producte\/anima\/#primaryimage","url":"https:\/\/halleyrecords.com\/wp-content\/uploads\/2025\/05\/Anima_ElDiluvi_P.png","contentUrl":"https:\/\/halleyrecords.com\/wp-content\/uploads\/2025\/05\/Anima_ElDiluvi_P.png","width":700,"height":700},{"@type":"BreadcrumbList","@id":"https:\/\/halleyrecords.com\/es\/producte\/anima\/#breadcrumb","itemListElement":[{"@type":"ListItem","position":1,"name":"Home","item":"https:\/\/halleyrecords.com\/es\/"},{"@type":"ListItem","position":2,"name":"\u00c0nima"}]},{"@type":"WebSite","@id":"https:\/\/halleyrecords.com\/es\/#website","url":"https:\/\/halleyrecords.com\/es\/","name":"Halley Records","description":"","publisher":{"@id":"https:\/\/halleyrecords.com\/es\/#organization"},"potentialAction":[{"@type":"SearchAction","target":{"@type":"EntryPoint","urlTemplate":"https:\/\/halleyrecords.com\/es\/?s={search_term_string}"},"query-input":{"@type":"PropertyValueSpecification","valueRequired":true,"valueName":"search_term_string"}}],"inLanguage":"es"},{"@type":"Organization","@id":"https:\/\/halleyrecords.com\/es\/#organization","name":"Halley Records","url":"https:\/\/halleyrecords.com\/es\/","logo":{"@type":"ImageObject","inLanguage":"es","@id":"https:\/\/halleyrecords.com\/es\/#\/schema\/logo\/image\/","url":"https:\/\/halleyrecords.com\/wp-content\/uploads\/2025\/09\/Halley_logo_positiu.png","contentUrl":"https:\/\/halleyrecords.com\/wp-content\/uploads\/2025\/09\/Halley_logo_positiu.png","width":2008,"height":1521,"caption":"Halley Records"},"image":{"@id":"https:\/\/halleyrecords.com\/es\/#\/schema\/logo\/image\/"},"sameAs":["https:\/\/www.instagram.com\/halleyrecords"]}]}},"_links":{"self":[{"href":"https:\/\/halleyrecords.com\/es\/wp-json\/wp\/v2\/product\/1589","targetHints":{"allow":["GET"]}}],"collection":[{"href":"https:\/\/halleyrecords.com\/es\/wp-json\/wp\/v2\/product"}],"about":[{"href":"https:\/\/halleyrecords.com\/es\/wp-json\/wp\/v2\/types\/product"}],"wp:featuredmedia":[{"embeddable":true,"href":"https:\/\/halleyrecords.com\/es\/wp-json\/wp\/v2\/media\/457"}],"wp:attachment":[{"href":"https:\/\/halleyrecords.com\/es\/wp-json\/wp\/v2\/media?parent=1589"}],"wp:term":[{"taxonomy":"product_brand","embeddable":true,"href":"https:\/\/halleyrecords.com\/es\/wp-json\/wp\/v2\/product_brand?post=1589"},{"taxonomy":"product_cat","embeddable":true,"href":"https:\/\/halleyrecords.com\/es\/wp-json\/wp\/v2\/product_cat?post=1589"},{"taxonomy":"product_tag","embeddable":true,"href":"https:\/\/halleyrecords.com\/es\/wp-json\/wp\/v2\/product_tag?post=1589"}],"curies":[{"name":"wp","href":"https:\/\/api.w.org\/{rel}","templated":true}]}}