{"id":1592,"date":"2025-05-09T12:02:49","date_gmt":"2025-05-09T12:02:49","guid":{"rendered":"https:\/\/halleyrecords.com\/producte\/junteu-vos\/"},"modified":"2025-08-26T11:28:59","modified_gmt":"2025-08-26T11:28:59","slug":"junteu-vos","status":"publish","type":"product","link":"https:\/\/halleyrecords.com\/es\/producte\/junteu-vos\/","title":{"rendered":"Junteu-vos"},"content":{"rendered":"<p><em><strong>Junteu-vos<\/strong> <\/em>es un grito de resistencia y celebraci\u00f3n del grupo valenciano <strong>El Diluvi<\/strong>, un \u00e1lbum grabado entre Catalu\u00f1a y el Pa\u00eds Valenci\u00e0 en 2019, que invita a la unidad frente a las adversidades. Fieles a su compromiso con la lucha social, la banda fusiona folk y otras sonoridades con nuevos arreglos electr\u00f3nicos, creando un sonido renovado y vibrante. La producci\u00f3n, a cargo de David Rosell, potencia el equilibrio entre la sonoridad org\u00e1nica de los instrumentos tradicionales y las texturas modernas. Canciones como \u201cSageta de Foc\u201d, \u201cHero\u00efnes de la Fosca Nit\u201d \u2014con la sorprendente colaboraci\u00f3n de Anna Gabriel\u2014 y \u201cLa Revoluci\u00f3\u201d, con Roba Estesa y Balkan Paradise Orchestra, resuenan con fuerza reivindicativa, mientras que \u201cSomriures\u201d y \u201cT\u2019escoltar\u00e9\u201d destilan ternura y complicidad. <em><strong>Junteu-vos<\/strong><\/em> consolida al grupo como una de las voces m\u00e1s poderosas de la m\u00fasica en valenciano, combinando ra\u00edz, discurso comprometido y esp\u00edritu colectivo.<\/p>\n","protected":false},"excerpt":{"rendered":"<p>Junteu-vos es un grito de resistencia y celebraci\u00f3n del grupo valenciano El Diluvi, un \u00e1lbum grabado entre Catalu\u00f1a y el Pa\u00eds Valenci\u00e0 en 2019, que invita a la unidad frente a las adversidades. Fieles a su compromiso con la lucha social, la banda fusiona folk&#8230;<\/p>\n","protected":false},"featured_media":473,"template":"","meta":{"_acf_changed":false},"product_brand":[],"product_cat":[27],"product_tag":[],"class_list":{"0":"post-1592","1":"product","2":"type-product","3":"status-publish","4":"has-post-thumbnail","6":"product_cat-uncategorized-ca-es","8":"first","9":"instock","10":"shipping-taxable","11":"purchasable","12":"product-type-variable"},"bundled_by":[],"bundle_stock_status":"instock","bundle_stock_quantity":55,"bundle_virtual":false,"bundle_layout":"","bundle_add_to_cart_form_location":"","bundle_editable_in_cart":false,"bundle_sold_individually_context":"","bundle_item_grouping":"","bundle_min_size":"","bundle_max_size":"","bundle_price":[],"bundled_items":[],"bundle_sell_ids":[],"acf":[],"yoast_head":"<!-- This site is optimized with the Yoast SEO plugin v27.4 - https:\/\/yoast.com\/product\/yoast-seo-wordpress\/ -->\n<title>Junteu-vos - Halley Records<\/title>\n<meta name=\"description\" content=\"Junteu-vos es un grito de resistencia y celebraci\u00f3n del grupo valenciano El Diluvi, un \u00e1lbum grabado entre Catalu\u00f1a y el Pa\u00eds Valenci\u00e0 en 2019.\" \/>\n<meta name=\"robots\" content=\"index, follow, max-snippet:-1, max-image-preview:large, max-video-preview:-1\" \/>\n<link rel=\"canonical\" href=\"https:\/\/halleyrecords.com\/es\/producte\/junteu-vos\/\" \/>\n<meta property=\"og:locale\" content=\"es_ES\" \/>\n<meta property=\"og:type\" content=\"article\" \/>\n<meta property=\"og:title\" content=\"Junteu-vos - Halley Records\" \/>\n<meta property=\"og:description\" content=\"Junteu-vos es un grito de resistencia y celebraci\u00f3n del grupo valenciano El Diluvi, un \u00e1lbum grabado entre Catalu\u00f1a y el Pa\u00eds Valenci\u00e0 en 2019.\" \/>\n<meta property=\"og:url\" content=\"https:\/\/halleyrecords.com\/es\/producte\/junteu-vos\/\" \/>\n<meta property=\"og:site_name\" content=\"Halley Records\" \/>\n<meta property=\"article:modified_time\" content=\"2025-08-26T11:28:59+00:00\" \/>\n<meta property=\"og:image\" content=\"https:\/\/halleyrecords.com\/wp-content\/uploads\/2025\/05\/Junteu-vos_eldiluvi_P-1.png\" \/>\n\t<meta property=\"og:image:width\" content=\"700\" \/>\n\t<meta property=\"og:image:height\" content=\"700\" \/>\n\t<meta property=\"og:image:type\" content=\"image\/png\" \/>\n<meta name=\"twitter:card\" content=\"summary_large_image\" \/>\n<meta name=\"twitter:label1\" content=\"Tiempo de lectura\" \/>\n\t<meta name=\"twitter:data1\" content=\"1 minuto\" \/>\n<script type=\"application\/ld+json\" class=\"yoast-schema-graph\">{\"@context\":\"https:\\\/\\\/schema.org\",\"@graph\":[{\"@type\":\"WebPage\",\"@id\":\"https:\\\/\\\/halleyrecords.com\\\/es\\\/producte\\\/junteu-vos\\\/\",\"url\":\"https:\\\/\\\/halleyrecords.com\\\/es\\\/producte\\\/junteu-vos\\\/\",\"name\":\"Junteu-vos - Halley Records\",\"isPartOf\":{\"@id\":\"https:\\\/\\\/halleyrecords.com\\\/es\\\/#website\"},\"primaryImageOfPage\":{\"@id\":\"https:\\\/\\\/halleyrecords.com\\\/es\\\/producte\\\/junteu-vos\\\/#primaryimage\"},\"image\":{\"@id\":\"https:\\\/\\\/halleyrecords.com\\\/es\\\/producte\\\/junteu-vos\\\/#primaryimage\"},\"thumbnailUrl\":\"https:\\\/\\\/halleyrecords.com\\\/wp-content\\\/uploads\\\/2025\\\/05\\\/Junteu-vos_eldiluvi_P-1.png\",\"datePublished\":\"2025-05-09T12:02:49+00:00\",\"dateModified\":\"2025-08-26T11:28:59+00:00\",\"description\":\"Junteu-vos es un grito de resistencia y celebraci\u00f3n del grupo valenciano El Diluvi, un \u00e1lbum grabado entre Catalu\u00f1a y el Pa\u00eds Valenci\u00e0 en 2019.\",\"breadcrumb\":{\"@id\":\"https:\\\/\\\/halleyrecords.com\\\/es\\\/producte\\\/junteu-vos\\\/#breadcrumb\"},\"inLanguage\":\"es\",\"potentialAction\":[{\"@type\":\"ReadAction\",\"target\":[\"https:\\\/\\\/halleyrecords.com\\\/es\\\/producte\\\/junteu-vos\\\/\"]}]},{\"@type\":\"ImageObject\",\"inLanguage\":\"es\",\"@id\":\"https:\\\/\\\/halleyrecords.com\\\/es\\\/producte\\\/junteu-vos\\\/#primaryimage\",\"url\":\"https:\\\/\\\/halleyrecords.com\\\/wp-content\\\/uploads\\\/2025\\\/05\\\/Junteu-vos_eldiluvi_P-1.png\",\"contentUrl\":\"https:\\\/\\\/halleyrecords.com\\\/wp-content\\\/uploads\\\/2025\\\/05\\\/Junteu-vos_eldiluvi_P-1.png\",\"width\":700,\"height\":700},{\"@type\":\"BreadcrumbList\",\"@id\":\"https:\\\/\\\/halleyrecords.com\\\/es\\\/producte\\\/junteu-vos\\\/#breadcrumb\",\"itemListElement\":[{\"@type\":\"ListItem\",\"position\":1,\"name\":\"Home\",\"item\":\"https:\\\/\\\/halleyrecords.com\\\/es\\\/\"},{\"@type\":\"ListItem\",\"position\":2,\"name\":\"Junteu-vos\"}]},{\"@type\":\"WebSite\",\"@id\":\"https:\\\/\\\/halleyrecords.com\\\/es\\\/#website\",\"url\":\"https:\\\/\\\/halleyrecords.com\\\/es\\\/\",\"name\":\"Halley Records\",\"description\":\"\",\"publisher\":{\"@id\":\"https:\\\/\\\/halleyrecords.com\\\/es\\\/#organization\"},\"potentialAction\":[{\"@type\":\"SearchAction\",\"target\":{\"@type\":\"EntryPoint\",\"urlTemplate\":\"https:\\\/\\\/halleyrecords.com\\\/es\\\/?s={search_term_string}\"},\"query-input\":{\"@type\":\"PropertyValueSpecification\",\"valueRequired\":true,\"valueName\":\"search_term_string\"}}],\"inLanguage\":\"es\"},{\"@type\":\"Organization\",\"@id\":\"https:\\\/\\\/halleyrecords.com\\\/es\\\/#organization\",\"name\":\"Halley Records\",\"url\":\"https:\\\/\\\/halleyrecords.com\\\/es\\\/\",\"logo\":{\"@type\":\"ImageObject\",\"inLanguage\":\"es\",\"@id\":\"https:\\\/\\\/halleyrecords.com\\\/es\\\/#\\\/schema\\\/logo\\\/image\\\/\",\"url\":\"https:\\\/\\\/halleyrecords.com\\\/wp-content\\\/uploads\\\/2025\\\/09\\\/Halley_logo_positiu.png\",\"contentUrl\":\"https:\\\/\\\/halleyrecords.com\\\/wp-content\\\/uploads\\\/2025\\\/09\\\/Halley_logo_positiu.png\",\"width\":2008,\"height\":1521,\"caption\":\"Halley Records\"},\"image\":{\"@id\":\"https:\\\/\\\/halleyrecords.com\\\/es\\\/#\\\/schema\\\/logo\\\/image\\\/\"},\"sameAs\":[\"https:\\\/\\\/www.instagram.com\\\/halleyrecords\"]}]}<\/script>\n<!-- \/ Yoast SEO plugin. -->","yoast_head_json":{"title":"Junteu-vos - Halley Records","description":"Junteu-vos es un grito de resistencia y celebraci\u00f3n del grupo valenciano El Diluvi, un \u00e1lbum grabado entre Catalu\u00f1a y el Pa\u00eds Valenci\u00e0 en 2019.","robots":{"index":"index","follow":"follow","max-snippet":"max-snippet:-1","max-image-preview":"max-image-preview:large","max-video-preview":"max-video-preview:-1"},"canonical":"https:\/\/halleyrecords.com\/es\/producte\/junteu-vos\/","og_locale":"es_ES","og_type":"article","og_title":"Junteu-vos - Halley Records","og_description":"Junteu-vos es un grito de resistencia y celebraci\u00f3n del grupo valenciano El Diluvi, un \u00e1lbum grabado entre Catalu\u00f1a y el Pa\u00eds Valenci\u00e0 en 2019.","og_url":"https:\/\/halleyrecords.com\/es\/producte\/junteu-vos\/","og_site_name":"Halley Records","article_modified_time":"2025-08-26T11:28:59+00:00","og_image":[{"width":700,"height":700,"url":"https:\/\/halleyrecords.com\/wp-content\/uploads\/2025\/05\/Junteu-vos_eldiluvi_P-1.png","type":"image\/png"}],"twitter_card":"summary_large_image","twitter_misc":{"Tiempo de lectura":"1 minuto"},"schema":{"@context":"https:\/\/schema.org","@graph":[{"@type":"WebPage","@id":"https:\/\/halleyrecords.com\/es\/producte\/junteu-vos\/","url":"https:\/\/halleyrecords.com\/es\/producte\/junteu-vos\/","name":"Junteu-vos - Halley Records","isPartOf":{"@id":"https:\/\/halleyrecords.com\/es\/#website"},"primaryImageOfPage":{"@id":"https:\/\/halleyrecords.com\/es\/producte\/junteu-vos\/#primaryimage"},"image":{"@id":"https:\/\/halleyrecords.com\/es\/producte\/junteu-vos\/#primaryimage"},"thumbnailUrl":"https:\/\/halleyrecords.com\/wp-content\/uploads\/2025\/05\/Junteu-vos_eldiluvi_P-1.png","datePublished":"2025-05-09T12:02:49+00:00","dateModified":"2025-08-26T11:28:59+00:00","description":"Junteu-vos es un grito de resistencia y celebraci\u00f3n del grupo valenciano El Diluvi, un \u00e1lbum grabado entre Catalu\u00f1a y el Pa\u00eds Valenci\u00e0 en 2019.","breadcrumb":{"@id":"https:\/\/halleyrecords.com\/es\/producte\/junteu-vos\/#breadcrumb"},"inLanguage":"es","potentialAction":[{"@type":"ReadAction","target":["https:\/\/halleyrecords.com\/es\/producte\/junteu-vos\/"]}]},{"@type":"ImageObject","inLanguage":"es","@id":"https:\/\/halleyrecords.com\/es\/producte\/junteu-vos\/#primaryimage","url":"https:\/\/halleyrecords.com\/wp-content\/uploads\/2025\/05\/Junteu-vos_eldiluvi_P-1.png","contentUrl":"https:\/\/halleyrecords.com\/wp-content\/uploads\/2025\/05\/Junteu-vos_eldiluvi_P-1.png","width":700,"height":700},{"@type":"BreadcrumbList","@id":"https:\/\/halleyrecords.com\/es\/producte\/junteu-vos\/#breadcrumb","itemListElement":[{"@type":"ListItem","position":1,"name":"Home","item":"https:\/\/halleyrecords.com\/es\/"},{"@type":"ListItem","position":2,"name":"Junteu-vos"}]},{"@type":"WebSite","@id":"https:\/\/halleyrecords.com\/es\/#website","url":"https:\/\/halleyrecords.com\/es\/","name":"Halley Records","description":"","publisher":{"@id":"https:\/\/halleyrecords.com\/es\/#organization"},"potentialAction":[{"@type":"SearchAction","target":{"@type":"EntryPoint","urlTemplate":"https:\/\/halleyrecords.com\/es\/?s={search_term_string}"},"query-input":{"@type":"PropertyValueSpecification","valueRequired":true,"valueName":"search_term_string"}}],"inLanguage":"es"},{"@type":"Organization","@id":"https:\/\/halleyrecords.com\/es\/#organization","name":"Halley Records","url":"https:\/\/halleyrecords.com\/es\/","logo":{"@type":"ImageObject","inLanguage":"es","@id":"https:\/\/halleyrecords.com\/es\/#\/schema\/logo\/image\/","url":"https:\/\/halleyrecords.com\/wp-content\/uploads\/2025\/09\/Halley_logo_positiu.png","contentUrl":"https:\/\/halleyrecords.com\/wp-content\/uploads\/2025\/09\/Halley_logo_positiu.png","width":2008,"height":1521,"caption":"Halley Records"},"image":{"@id":"https:\/\/halleyrecords.com\/es\/#\/schema\/logo\/image\/"},"sameAs":["https:\/\/www.instagram.com\/halleyrecords"]}]}},"_links":{"self":[{"href":"https:\/\/halleyrecords.com\/es\/wp-json\/wp\/v2\/product\/1592","targetHints":{"allow":["GET"]}}],"collection":[{"href":"https:\/\/halleyrecords.com\/es\/wp-json\/wp\/v2\/product"}],"about":[{"href":"https:\/\/halleyrecords.com\/es\/wp-json\/wp\/v2\/types\/product"}],"wp:featuredmedia":[{"embeddable":true,"href":"https:\/\/halleyrecords.com\/es\/wp-json\/wp\/v2\/media\/473"}],"wp:attachment":[{"href":"https:\/\/halleyrecords.com\/es\/wp-json\/wp\/v2\/media?parent=1592"}],"wp:term":[{"taxonomy":"product_brand","embeddable":true,"href":"https:\/\/halleyrecords.com\/es\/wp-json\/wp\/v2\/product_brand?post=1592"},{"taxonomy":"product_cat","embeddable":true,"href":"https:\/\/halleyrecords.com\/es\/wp-json\/wp\/v2\/product_cat?post=1592"},{"taxonomy":"product_tag","embeddable":true,"href":"https:\/\/halleyrecords.com\/es\/wp-json\/wp\/v2\/product_tag?post=1592"}],"curies":[{"name":"wp","href":"https:\/\/api.w.org\/{rel}","templated":true}]}}