{"id":1610,"date":"2025-05-12T09:52:30","date_gmt":"2025-05-12T09:52:30","guid":{"rendered":"https:\/\/halleyrecords.com\/producte\/molt-de-porc-i-poca-salsitxa\/"},"modified":"2025-08-26T12:01:19","modified_gmt":"2025-08-26T12:01:19","slug":"molt-de-porc-i-poca-salsitxa","status":"publish","type":"product","link":"https:\/\/halleyrecords.com\/es\/producte\/molt-de-porc-i-poca-salsitxa\/","title":{"rendered":"Molt de porc i poca salsitxa"},"content":{"rendered":"<p><em><strong>Molt de porc i poca salsitxa<\/strong><\/em> (2018) es el segundo disco del grupo de Banyoles <strong>Germ\u00e0 Negre<\/strong>. Este trabajo contin\u00faa la esencia festiva y desenfadada de la banda, combinando canciones propias y adaptaciones de temas tradicionales con una producci\u00f3n que proyecta una sonoridad ecl\u00e9ctica: una mezcla de folk, rumba, cumbia y otros ritmos populares. Con arreglos en\u00e9rgicos y una instrumentaci\u00f3n rica, el \u00e1lbum mantiene un tono humor\u00edstico e ir\u00f3nico, tratando temas cotidianos con espontaneidad. El objetivo es revitalizar la m\u00fasica de ra\u00edz con un esp\u00edritu moderno e irreverente, conectando con p\u00fablicos de distintas generaciones y escenarios festivos.<\/p>\n","protected":false},"excerpt":{"rendered":"<p>Molt de porc i poca salsitxa (2018) es el segundo disco del grupo de Banyoles Germ\u00e0 Negre. Este trabajo contin\u00faa la esencia festiva y desenfadada de la banda, combinando canciones propias y adaptaciones de temas tradicionales con una producci\u00f3n que proyecta una sonoridad ecl\u00e9ctica: una&#8230;<\/p>\n","protected":false},"featured_media":590,"template":"","meta":{"_acf_changed":false},"product_brand":[],"product_cat":[27],"product_tag":[],"class_list":{"0":"post-1610","1":"product","2":"type-product","3":"status-publish","4":"has-post-thumbnail","6":"product_cat-uncategorized-ca-es","8":"first","9":"instock","10":"shipping-taxable","11":"purchasable","12":"product-type-variable"},"bundled_by":[],"bundle_stock_status":"instock","bundle_stock_quantity":72,"bundle_virtual":false,"bundle_layout":"","bundle_add_to_cart_form_location":"","bundle_editable_in_cart":false,"bundle_sold_individually_context":"","bundle_item_grouping":"","bundle_min_size":"","bundle_max_size":"","bundle_price":[],"bundled_items":[],"bundle_sell_ids":[],"acf":[],"yoast_head":"<!-- This site is optimized with the Yoast SEO plugin v27.4 - https:\/\/yoast.com\/product\/yoast-seo-wordpress\/ -->\n<title>Molt de porc i poca salsitxa - Halley Records<\/title>\n<meta name=\"description\" content=\"Molt de porc i poca salsitxa (2018) es el segundo disco del grupo de Banyoles Germ\u00e0 Negre. Este trabajo contin\u00faa la esencia festiva y desenfadada\" \/>\n<meta name=\"robots\" content=\"index, follow, max-snippet:-1, max-image-preview:large, max-video-preview:-1\" \/>\n<link rel=\"canonical\" href=\"https:\/\/halleyrecords.com\/es\/producte\/molt-de-porc-i-poca-salsitxa\/\" \/>\n<meta property=\"og:locale\" content=\"es_ES\" \/>\n<meta property=\"og:type\" content=\"article\" \/>\n<meta property=\"og:title\" content=\"Molt de porc i poca salsitxa - Halley Records\" \/>\n<meta property=\"og:description\" content=\"Molt de porc i poca salsitxa (2018) es el segundo disco del grupo de Banyoles Germ\u00e0 Negre. Este trabajo contin\u00faa la esencia festiva y desenfadada\" \/>\n<meta property=\"og:url\" content=\"https:\/\/halleyrecords.com\/es\/producte\/molt-de-porc-i-poca-salsitxa\/\" \/>\n<meta property=\"og:site_name\" content=\"Halley Records\" \/>\n<meta property=\"article:modified_time\" content=\"2025-08-26T12:01:19+00:00\" \/>\n<meta property=\"og:image\" content=\"https:\/\/halleyrecords.com\/wp-content\/uploads\/2025\/05\/Moltdeporcipocasalsitxa_Germanegre_P.png\" \/>\n\t<meta property=\"og:image:width\" content=\"700\" \/>\n\t<meta property=\"og:image:height\" content=\"700\" \/>\n\t<meta property=\"og:image:type\" content=\"image\/png\" \/>\n<meta name=\"twitter:card\" content=\"summary_large_image\" \/>\n<meta name=\"twitter:label1\" content=\"Tiempo de lectura\" \/>\n\t<meta name=\"twitter:data1\" content=\"1 minuto\" \/>\n<script type=\"application\/ld+json\" class=\"yoast-schema-graph\">{\"@context\":\"https:\\\/\\\/schema.org\",\"@graph\":[{\"@type\":\"WebPage\",\"@id\":\"https:\\\/\\\/halleyrecords.com\\\/es\\\/producte\\\/molt-de-porc-i-poca-salsitxa\\\/\",\"url\":\"https:\\\/\\\/halleyrecords.com\\\/es\\\/producte\\\/molt-de-porc-i-poca-salsitxa\\\/\",\"name\":\"Molt de porc i poca salsitxa - Halley Records\",\"isPartOf\":{\"@id\":\"https:\\\/\\\/halleyrecords.com\\\/es\\\/#website\"},\"primaryImageOfPage\":{\"@id\":\"https:\\\/\\\/halleyrecords.com\\\/es\\\/producte\\\/molt-de-porc-i-poca-salsitxa\\\/#primaryimage\"},\"image\":{\"@id\":\"https:\\\/\\\/halleyrecords.com\\\/es\\\/producte\\\/molt-de-porc-i-poca-salsitxa\\\/#primaryimage\"},\"thumbnailUrl\":\"https:\\\/\\\/halleyrecords.com\\\/wp-content\\\/uploads\\\/2025\\\/05\\\/Moltdeporcipocasalsitxa_Germanegre_P.png\",\"datePublished\":\"2025-05-12T09:52:30+00:00\",\"dateModified\":\"2025-08-26T12:01:19+00:00\",\"description\":\"Molt de porc i poca salsitxa (2018) es el segundo disco del grupo de Banyoles Germ\u00e0 Negre. Este trabajo contin\u00faa la esencia festiva y desenfadada\",\"breadcrumb\":{\"@id\":\"https:\\\/\\\/halleyrecords.com\\\/es\\\/producte\\\/molt-de-porc-i-poca-salsitxa\\\/#breadcrumb\"},\"inLanguage\":\"es\",\"potentialAction\":[{\"@type\":\"ReadAction\",\"target\":[\"https:\\\/\\\/halleyrecords.com\\\/es\\\/producte\\\/molt-de-porc-i-poca-salsitxa\\\/\"]}]},{\"@type\":\"ImageObject\",\"inLanguage\":\"es\",\"@id\":\"https:\\\/\\\/halleyrecords.com\\\/es\\\/producte\\\/molt-de-porc-i-poca-salsitxa\\\/#primaryimage\",\"url\":\"https:\\\/\\\/halleyrecords.com\\\/wp-content\\\/uploads\\\/2025\\\/05\\\/Moltdeporcipocasalsitxa_Germanegre_P.png\",\"contentUrl\":\"https:\\\/\\\/halleyrecords.com\\\/wp-content\\\/uploads\\\/2025\\\/05\\\/Moltdeporcipocasalsitxa_Germanegre_P.png\",\"width\":700,\"height\":700},{\"@type\":\"BreadcrumbList\",\"@id\":\"https:\\\/\\\/halleyrecords.com\\\/es\\\/producte\\\/molt-de-porc-i-poca-salsitxa\\\/#breadcrumb\",\"itemListElement\":[{\"@type\":\"ListItem\",\"position\":1,\"name\":\"Home\",\"item\":\"https:\\\/\\\/halleyrecords.com\\\/es\\\/\"},{\"@type\":\"ListItem\",\"position\":2,\"name\":\"Molt de porc i poca salsitxa\"}]},{\"@type\":\"WebSite\",\"@id\":\"https:\\\/\\\/halleyrecords.com\\\/es\\\/#website\",\"url\":\"https:\\\/\\\/halleyrecords.com\\\/es\\\/\",\"name\":\"Halley Records\",\"description\":\"\",\"publisher\":{\"@id\":\"https:\\\/\\\/halleyrecords.com\\\/es\\\/#organization\"},\"potentialAction\":[{\"@type\":\"SearchAction\",\"target\":{\"@type\":\"EntryPoint\",\"urlTemplate\":\"https:\\\/\\\/halleyrecords.com\\\/es\\\/?s={search_term_string}\"},\"query-input\":{\"@type\":\"PropertyValueSpecification\",\"valueRequired\":true,\"valueName\":\"search_term_string\"}}],\"inLanguage\":\"es\"},{\"@type\":\"Organization\",\"@id\":\"https:\\\/\\\/halleyrecords.com\\\/es\\\/#organization\",\"name\":\"Halley Records\",\"url\":\"https:\\\/\\\/halleyrecords.com\\\/es\\\/\",\"logo\":{\"@type\":\"ImageObject\",\"inLanguage\":\"es\",\"@id\":\"https:\\\/\\\/halleyrecords.com\\\/es\\\/#\\\/schema\\\/logo\\\/image\\\/\",\"url\":\"https:\\\/\\\/halleyrecords.com\\\/wp-content\\\/uploads\\\/2025\\\/09\\\/Halley_logo_positiu.png\",\"contentUrl\":\"https:\\\/\\\/halleyrecords.com\\\/wp-content\\\/uploads\\\/2025\\\/09\\\/Halley_logo_positiu.png\",\"width\":2008,\"height\":1521,\"caption\":\"Halley Records\"},\"image\":{\"@id\":\"https:\\\/\\\/halleyrecords.com\\\/es\\\/#\\\/schema\\\/logo\\\/image\\\/\"},\"sameAs\":[\"https:\\\/\\\/www.instagram.com\\\/halleyrecords\"]}]}<\/script>\n<!-- \/ Yoast SEO plugin. -->","yoast_head_json":{"title":"Molt de porc i poca salsitxa - Halley Records","description":"Molt de porc i poca salsitxa (2018) es el segundo disco del grupo de Banyoles Germ\u00e0 Negre. Este trabajo contin\u00faa la esencia festiva y desenfadada","robots":{"index":"index","follow":"follow","max-snippet":"max-snippet:-1","max-image-preview":"max-image-preview:large","max-video-preview":"max-video-preview:-1"},"canonical":"https:\/\/halleyrecords.com\/es\/producte\/molt-de-porc-i-poca-salsitxa\/","og_locale":"es_ES","og_type":"article","og_title":"Molt de porc i poca salsitxa - Halley Records","og_description":"Molt de porc i poca salsitxa (2018) es el segundo disco del grupo de Banyoles Germ\u00e0 Negre. Este trabajo contin\u00faa la esencia festiva y desenfadada","og_url":"https:\/\/halleyrecords.com\/es\/producte\/molt-de-porc-i-poca-salsitxa\/","og_site_name":"Halley Records","article_modified_time":"2025-08-26T12:01:19+00:00","og_image":[{"width":700,"height":700,"url":"https:\/\/halleyrecords.com\/wp-content\/uploads\/2025\/05\/Moltdeporcipocasalsitxa_Germanegre_P.png","type":"image\/png"}],"twitter_card":"summary_large_image","twitter_misc":{"Tiempo de lectura":"1 minuto"},"schema":{"@context":"https:\/\/schema.org","@graph":[{"@type":"WebPage","@id":"https:\/\/halleyrecords.com\/es\/producte\/molt-de-porc-i-poca-salsitxa\/","url":"https:\/\/halleyrecords.com\/es\/producte\/molt-de-porc-i-poca-salsitxa\/","name":"Molt de porc i poca salsitxa - Halley Records","isPartOf":{"@id":"https:\/\/halleyrecords.com\/es\/#website"},"primaryImageOfPage":{"@id":"https:\/\/halleyrecords.com\/es\/producte\/molt-de-porc-i-poca-salsitxa\/#primaryimage"},"image":{"@id":"https:\/\/halleyrecords.com\/es\/producte\/molt-de-porc-i-poca-salsitxa\/#primaryimage"},"thumbnailUrl":"https:\/\/halleyrecords.com\/wp-content\/uploads\/2025\/05\/Moltdeporcipocasalsitxa_Germanegre_P.png","datePublished":"2025-05-12T09:52:30+00:00","dateModified":"2025-08-26T12:01:19+00:00","description":"Molt de porc i poca salsitxa (2018) es el segundo disco del grupo de Banyoles Germ\u00e0 Negre. Este trabajo contin\u00faa la esencia festiva y desenfadada","breadcrumb":{"@id":"https:\/\/halleyrecords.com\/es\/producte\/molt-de-porc-i-poca-salsitxa\/#breadcrumb"},"inLanguage":"es","potentialAction":[{"@type":"ReadAction","target":["https:\/\/halleyrecords.com\/es\/producte\/molt-de-porc-i-poca-salsitxa\/"]}]},{"@type":"ImageObject","inLanguage":"es","@id":"https:\/\/halleyrecords.com\/es\/producte\/molt-de-porc-i-poca-salsitxa\/#primaryimage","url":"https:\/\/halleyrecords.com\/wp-content\/uploads\/2025\/05\/Moltdeporcipocasalsitxa_Germanegre_P.png","contentUrl":"https:\/\/halleyrecords.com\/wp-content\/uploads\/2025\/05\/Moltdeporcipocasalsitxa_Germanegre_P.png","width":700,"height":700},{"@type":"BreadcrumbList","@id":"https:\/\/halleyrecords.com\/es\/producte\/molt-de-porc-i-poca-salsitxa\/#breadcrumb","itemListElement":[{"@type":"ListItem","position":1,"name":"Home","item":"https:\/\/halleyrecords.com\/es\/"},{"@type":"ListItem","position":2,"name":"Molt de porc i poca salsitxa"}]},{"@type":"WebSite","@id":"https:\/\/halleyrecords.com\/es\/#website","url":"https:\/\/halleyrecords.com\/es\/","name":"Halley Records","description":"","publisher":{"@id":"https:\/\/halleyrecords.com\/es\/#organization"},"potentialAction":[{"@type":"SearchAction","target":{"@type":"EntryPoint","urlTemplate":"https:\/\/halleyrecords.com\/es\/?s={search_term_string}"},"query-input":{"@type":"PropertyValueSpecification","valueRequired":true,"valueName":"search_term_string"}}],"inLanguage":"es"},{"@type":"Organization","@id":"https:\/\/halleyrecords.com\/es\/#organization","name":"Halley Records","url":"https:\/\/halleyrecords.com\/es\/","logo":{"@type":"ImageObject","inLanguage":"es","@id":"https:\/\/halleyrecords.com\/es\/#\/schema\/logo\/image\/","url":"https:\/\/halleyrecords.com\/wp-content\/uploads\/2025\/09\/Halley_logo_positiu.png","contentUrl":"https:\/\/halleyrecords.com\/wp-content\/uploads\/2025\/09\/Halley_logo_positiu.png","width":2008,"height":1521,"caption":"Halley Records"},"image":{"@id":"https:\/\/halleyrecords.com\/es\/#\/schema\/logo\/image\/"},"sameAs":["https:\/\/www.instagram.com\/halleyrecords"]}]}},"_links":{"self":[{"href":"https:\/\/halleyrecords.com\/es\/wp-json\/wp\/v2\/product\/1610","targetHints":{"allow":["GET"]}}],"collection":[{"href":"https:\/\/halleyrecords.com\/es\/wp-json\/wp\/v2\/product"}],"about":[{"href":"https:\/\/halleyrecords.com\/es\/wp-json\/wp\/v2\/types\/product"}],"wp:featuredmedia":[{"embeddable":true,"href":"https:\/\/halleyrecords.com\/es\/wp-json\/wp\/v2\/media\/590"}],"wp:attachment":[{"href":"https:\/\/halleyrecords.com\/es\/wp-json\/wp\/v2\/media?parent=1610"}],"wp:term":[{"taxonomy":"product_brand","embeddable":true,"href":"https:\/\/halleyrecords.com\/es\/wp-json\/wp\/v2\/product_brand?post=1610"},{"taxonomy":"product_cat","embeddable":true,"href":"https:\/\/halleyrecords.com\/es\/wp-json\/wp\/v2\/product_cat?post=1610"},{"taxonomy":"product_tag","embeddable":true,"href":"https:\/\/halleyrecords.com\/es\/wp-json\/wp\/v2\/product_tag?post=1610"}],"curies":[{"name":"wp","href":"https:\/\/api.w.org\/{rel}","templated":true}]}}