{"id":1618,"date":"2025-05-12T11:47:48","date_gmt":"2025-05-12T11:47:48","guid":{"rendered":"https:\/\/halleyrecords.com\/producte\/ens-enfilarem-enlaire\/"},"modified":"2025-08-27T09:04:58","modified_gmt":"2025-08-27T09:04:58","slug":"ens-enfilarem-enlaire","status":"publish","type":"product","link":"https:\/\/halleyrecords.com\/es\/producte\/ens-enfilarem-enlaire\/","title":{"rendered":"Ens enfilarem enlaire"},"content":{"rendered":"<p><em><strong>Ens Enfilarem Enlaire<\/strong><\/em> es un magn\u00edfico disco del cantautor <strong>Guillem Ramisa<\/strong>, donde se exploran reflexiones personales en una colecci\u00f3n de canciones con una producci\u00f3n detallista que apuesta por un sonido c\u00e1lido y org\u00e1nico, donde la guitarra ac\u00fastica, los vientos y las percusiones sutiles crean una atm\u00f3sfera \u00edntima y evocadora. Canciones como \u201cNo m\u2019expliquis merdes\u201d destilan sinceridad, mientras que \u201cOcells blancs\u201d evoca libertad y esperanza. \u201cVelers cremant\u201d, con Lu Rois, enriquece el disco con una nueva dimensi\u00f3n vocal e instrumental. Una obra que fusiona poes\u00eda y m\u00fasica, invitando a la introspecci\u00f3n y la conexi\u00f3n emocional. Con <em><strong>Ens Enfilarem Enlaire<\/strong><\/em>, <strong>Ramisa<\/strong> reafirma su estilo \u00fanico en la escena catalana.<\/p>\n","protected":false},"excerpt":{"rendered":"<p>Ens Enfilarem Enlaire es un magn\u00edfico disco del cantautor Guillem Ramisa, donde se exploran reflexiones personales en una colecci\u00f3n de canciones con una producci\u00f3n detallista que apuesta por un sonido c\u00e1lido y org\u00e1nico, donde la guitarra ac\u00fastica, los vientos y las percusiones sutiles crean una&#8230;<\/p>\n","protected":false},"featured_media":646,"template":"","meta":{"_acf_changed":false},"product_brand":[],"product_cat":[27],"product_tag":[],"class_list":{"0":"post-1618","1":"product","2":"type-product","3":"status-publish","4":"has-post-thumbnail","6":"product_cat-uncategorized-ca-es","8":"first","9":"instock","10":"shipping-taxable","11":"purchasable","12":"product-type-variable"},"bundled_by":[],"bundle_stock_status":"instock","bundle_stock_quantity":19,"bundle_virtual":false,"bundle_layout":"","bundle_add_to_cart_form_location":"","bundle_editable_in_cart":false,"bundle_sold_individually_context":"","bundle_item_grouping":"","bundle_min_size":"","bundle_max_size":"","bundle_price":[],"bundled_items":[],"bundle_sell_ids":[],"acf":[],"yoast_head":"<!-- This site is optimized with the Yoast SEO plugin v27.4 - https:\/\/yoast.com\/product\/yoast-seo-wordpress\/ -->\n<title>Ens enfilarem enlaire - Halley Records<\/title>\n<meta name=\"description\" content=\"Ens Enfilarem Enlaire es un magn\u00edfico disco del cantautor Guillem Ramisa, donde se exploran reflexiones personales en una colecci\u00f3n de canciones\" \/>\n<meta name=\"robots\" content=\"index, follow, max-snippet:-1, max-image-preview:large, max-video-preview:-1\" \/>\n<link rel=\"canonical\" href=\"https:\/\/halleyrecords.com\/es\/producte\/ens-enfilarem-enlaire\/\" \/>\n<meta property=\"og:locale\" content=\"es_ES\" \/>\n<meta property=\"og:type\" content=\"article\" \/>\n<meta property=\"og:title\" content=\"Ens enfilarem enlaire - Halley Records\" \/>\n<meta property=\"og:description\" content=\"Ens Enfilarem Enlaire es un magn\u00edfico disco del cantautor Guillem Ramisa, donde se exploran reflexiones personales en una colecci\u00f3n de canciones\" \/>\n<meta property=\"og:url\" content=\"https:\/\/halleyrecords.com\/es\/producte\/ens-enfilarem-enlaire\/\" \/>\n<meta property=\"og:site_name\" content=\"Halley Records\" \/>\n<meta property=\"article:modified_time\" content=\"2025-08-27T09:04:58+00:00\" \/>\n<meta property=\"og:image\" content=\"https:\/\/halleyrecords.com\/wp-content\/uploads\/2025\/05\/Ensenfilaremenlaire_GuillemRamisa_P.png\" \/>\n\t<meta property=\"og:image:width\" content=\"700\" \/>\n\t<meta property=\"og:image:height\" content=\"700\" \/>\n\t<meta property=\"og:image:type\" content=\"image\/png\" \/>\n<meta name=\"twitter:card\" content=\"summary_large_image\" \/>\n<meta name=\"twitter:label1\" content=\"Tiempo de lectura\" \/>\n\t<meta name=\"twitter:data1\" content=\"1 minuto\" \/>\n<script type=\"application\/ld+json\" class=\"yoast-schema-graph\">{\"@context\":\"https:\\\/\\\/schema.org\",\"@graph\":[{\"@type\":\"WebPage\",\"@id\":\"https:\\\/\\\/halleyrecords.com\\\/es\\\/producte\\\/ens-enfilarem-enlaire\\\/\",\"url\":\"https:\\\/\\\/halleyrecords.com\\\/es\\\/producte\\\/ens-enfilarem-enlaire\\\/\",\"name\":\"Ens enfilarem enlaire - Halley Records\",\"isPartOf\":{\"@id\":\"https:\\\/\\\/halleyrecords.com\\\/es\\\/#website\"},\"primaryImageOfPage\":{\"@id\":\"https:\\\/\\\/halleyrecords.com\\\/es\\\/producte\\\/ens-enfilarem-enlaire\\\/#primaryimage\"},\"image\":{\"@id\":\"https:\\\/\\\/halleyrecords.com\\\/es\\\/producte\\\/ens-enfilarem-enlaire\\\/#primaryimage\"},\"thumbnailUrl\":\"https:\\\/\\\/halleyrecords.com\\\/wp-content\\\/uploads\\\/2025\\\/05\\\/Ensenfilaremenlaire_GuillemRamisa_P.png\",\"datePublished\":\"2025-05-12T11:47:48+00:00\",\"dateModified\":\"2025-08-27T09:04:58+00:00\",\"description\":\"Ens Enfilarem Enlaire es un magn\u00edfico disco del cantautor Guillem Ramisa, donde se exploran reflexiones personales en una colecci\u00f3n de canciones\",\"breadcrumb\":{\"@id\":\"https:\\\/\\\/halleyrecords.com\\\/es\\\/producte\\\/ens-enfilarem-enlaire\\\/#breadcrumb\"},\"inLanguage\":\"es\",\"potentialAction\":[{\"@type\":\"ReadAction\",\"target\":[\"https:\\\/\\\/halleyrecords.com\\\/es\\\/producte\\\/ens-enfilarem-enlaire\\\/\"]}]},{\"@type\":\"ImageObject\",\"inLanguage\":\"es\",\"@id\":\"https:\\\/\\\/halleyrecords.com\\\/es\\\/producte\\\/ens-enfilarem-enlaire\\\/#primaryimage\",\"url\":\"https:\\\/\\\/halleyrecords.com\\\/wp-content\\\/uploads\\\/2025\\\/05\\\/Ensenfilaremenlaire_GuillemRamisa_P.png\",\"contentUrl\":\"https:\\\/\\\/halleyrecords.com\\\/wp-content\\\/uploads\\\/2025\\\/05\\\/Ensenfilaremenlaire_GuillemRamisa_P.png\",\"width\":700,\"height\":700},{\"@type\":\"BreadcrumbList\",\"@id\":\"https:\\\/\\\/halleyrecords.com\\\/es\\\/producte\\\/ens-enfilarem-enlaire\\\/#breadcrumb\",\"itemListElement\":[{\"@type\":\"ListItem\",\"position\":1,\"name\":\"Home\",\"item\":\"https:\\\/\\\/halleyrecords.com\\\/es\\\/\"},{\"@type\":\"ListItem\",\"position\":2,\"name\":\"Ens enfilarem enlaire\"}]},{\"@type\":\"WebSite\",\"@id\":\"https:\\\/\\\/halleyrecords.com\\\/es\\\/#website\",\"url\":\"https:\\\/\\\/halleyrecords.com\\\/es\\\/\",\"name\":\"Halley Records\",\"description\":\"\",\"publisher\":{\"@id\":\"https:\\\/\\\/halleyrecords.com\\\/es\\\/#organization\"},\"potentialAction\":[{\"@type\":\"SearchAction\",\"target\":{\"@type\":\"EntryPoint\",\"urlTemplate\":\"https:\\\/\\\/halleyrecords.com\\\/es\\\/?s={search_term_string}\"},\"query-input\":{\"@type\":\"PropertyValueSpecification\",\"valueRequired\":true,\"valueName\":\"search_term_string\"}}],\"inLanguage\":\"es\"},{\"@type\":\"Organization\",\"@id\":\"https:\\\/\\\/halleyrecords.com\\\/es\\\/#organization\",\"name\":\"Halley Records\",\"url\":\"https:\\\/\\\/halleyrecords.com\\\/es\\\/\",\"logo\":{\"@type\":\"ImageObject\",\"inLanguage\":\"es\",\"@id\":\"https:\\\/\\\/halleyrecords.com\\\/es\\\/#\\\/schema\\\/logo\\\/image\\\/\",\"url\":\"https:\\\/\\\/halleyrecords.com\\\/wp-content\\\/uploads\\\/2025\\\/09\\\/Halley_logo_positiu.png\",\"contentUrl\":\"https:\\\/\\\/halleyrecords.com\\\/wp-content\\\/uploads\\\/2025\\\/09\\\/Halley_logo_positiu.png\",\"width\":2008,\"height\":1521,\"caption\":\"Halley Records\"},\"image\":{\"@id\":\"https:\\\/\\\/halleyrecords.com\\\/es\\\/#\\\/schema\\\/logo\\\/image\\\/\"},\"sameAs\":[\"https:\\\/\\\/www.instagram.com\\\/halleyrecords\"]}]}<\/script>\n<!-- \/ Yoast SEO plugin. -->","yoast_head_json":{"title":"Ens enfilarem enlaire - Halley Records","description":"Ens Enfilarem Enlaire es un magn\u00edfico disco del cantautor Guillem Ramisa, donde se exploran reflexiones personales en una colecci\u00f3n de canciones","robots":{"index":"index","follow":"follow","max-snippet":"max-snippet:-1","max-image-preview":"max-image-preview:large","max-video-preview":"max-video-preview:-1"},"canonical":"https:\/\/halleyrecords.com\/es\/producte\/ens-enfilarem-enlaire\/","og_locale":"es_ES","og_type":"article","og_title":"Ens enfilarem enlaire - Halley Records","og_description":"Ens Enfilarem Enlaire es un magn\u00edfico disco del cantautor Guillem Ramisa, donde se exploran reflexiones personales en una colecci\u00f3n de canciones","og_url":"https:\/\/halleyrecords.com\/es\/producte\/ens-enfilarem-enlaire\/","og_site_name":"Halley Records","article_modified_time":"2025-08-27T09:04:58+00:00","og_image":[{"width":700,"height":700,"url":"https:\/\/halleyrecords.com\/wp-content\/uploads\/2025\/05\/Ensenfilaremenlaire_GuillemRamisa_P.png","type":"image\/png"}],"twitter_card":"summary_large_image","twitter_misc":{"Tiempo de lectura":"1 minuto"},"schema":{"@context":"https:\/\/schema.org","@graph":[{"@type":"WebPage","@id":"https:\/\/halleyrecords.com\/es\/producte\/ens-enfilarem-enlaire\/","url":"https:\/\/halleyrecords.com\/es\/producte\/ens-enfilarem-enlaire\/","name":"Ens enfilarem enlaire - Halley Records","isPartOf":{"@id":"https:\/\/halleyrecords.com\/es\/#website"},"primaryImageOfPage":{"@id":"https:\/\/halleyrecords.com\/es\/producte\/ens-enfilarem-enlaire\/#primaryimage"},"image":{"@id":"https:\/\/halleyrecords.com\/es\/producte\/ens-enfilarem-enlaire\/#primaryimage"},"thumbnailUrl":"https:\/\/halleyrecords.com\/wp-content\/uploads\/2025\/05\/Ensenfilaremenlaire_GuillemRamisa_P.png","datePublished":"2025-05-12T11:47:48+00:00","dateModified":"2025-08-27T09:04:58+00:00","description":"Ens Enfilarem Enlaire es un magn\u00edfico disco del cantautor Guillem Ramisa, donde se exploran reflexiones personales en una colecci\u00f3n de canciones","breadcrumb":{"@id":"https:\/\/halleyrecords.com\/es\/producte\/ens-enfilarem-enlaire\/#breadcrumb"},"inLanguage":"es","potentialAction":[{"@type":"ReadAction","target":["https:\/\/halleyrecords.com\/es\/producte\/ens-enfilarem-enlaire\/"]}]},{"@type":"ImageObject","inLanguage":"es","@id":"https:\/\/halleyrecords.com\/es\/producte\/ens-enfilarem-enlaire\/#primaryimage","url":"https:\/\/halleyrecords.com\/wp-content\/uploads\/2025\/05\/Ensenfilaremenlaire_GuillemRamisa_P.png","contentUrl":"https:\/\/halleyrecords.com\/wp-content\/uploads\/2025\/05\/Ensenfilaremenlaire_GuillemRamisa_P.png","width":700,"height":700},{"@type":"BreadcrumbList","@id":"https:\/\/halleyrecords.com\/es\/producte\/ens-enfilarem-enlaire\/#breadcrumb","itemListElement":[{"@type":"ListItem","position":1,"name":"Home","item":"https:\/\/halleyrecords.com\/es\/"},{"@type":"ListItem","position":2,"name":"Ens enfilarem enlaire"}]},{"@type":"WebSite","@id":"https:\/\/halleyrecords.com\/es\/#website","url":"https:\/\/halleyrecords.com\/es\/","name":"Halley Records","description":"","publisher":{"@id":"https:\/\/halleyrecords.com\/es\/#organization"},"potentialAction":[{"@type":"SearchAction","target":{"@type":"EntryPoint","urlTemplate":"https:\/\/halleyrecords.com\/es\/?s={search_term_string}"},"query-input":{"@type":"PropertyValueSpecification","valueRequired":true,"valueName":"search_term_string"}}],"inLanguage":"es"},{"@type":"Organization","@id":"https:\/\/halleyrecords.com\/es\/#organization","name":"Halley Records","url":"https:\/\/halleyrecords.com\/es\/","logo":{"@type":"ImageObject","inLanguage":"es","@id":"https:\/\/halleyrecords.com\/es\/#\/schema\/logo\/image\/","url":"https:\/\/halleyrecords.com\/wp-content\/uploads\/2025\/09\/Halley_logo_positiu.png","contentUrl":"https:\/\/halleyrecords.com\/wp-content\/uploads\/2025\/09\/Halley_logo_positiu.png","width":2008,"height":1521,"caption":"Halley Records"},"image":{"@id":"https:\/\/halleyrecords.com\/es\/#\/schema\/logo\/image\/"},"sameAs":["https:\/\/www.instagram.com\/halleyrecords"]}]}},"_links":{"self":[{"href":"https:\/\/halleyrecords.com\/es\/wp-json\/wp\/v2\/product\/1618","targetHints":{"allow":["GET"]}}],"collection":[{"href":"https:\/\/halleyrecords.com\/es\/wp-json\/wp\/v2\/product"}],"about":[{"href":"https:\/\/halleyrecords.com\/es\/wp-json\/wp\/v2\/types\/product"}],"wp:featuredmedia":[{"embeddable":true,"href":"https:\/\/halleyrecords.com\/es\/wp-json\/wp\/v2\/media\/646"}],"wp:attachment":[{"href":"https:\/\/halleyrecords.com\/es\/wp-json\/wp\/v2\/media?parent=1618"}],"wp:term":[{"taxonomy":"product_brand","embeddable":true,"href":"https:\/\/halleyrecords.com\/es\/wp-json\/wp\/v2\/product_brand?post=1618"},{"taxonomy":"product_cat","embeddable":true,"href":"https:\/\/halleyrecords.com\/es\/wp-json\/wp\/v2\/product_cat?post=1618"},{"taxonomy":"product_tag","embeddable":true,"href":"https:\/\/halleyrecords.com\/es\/wp-json\/wp\/v2\/product_tag?post=1618"}],"curies":[{"name":"wp","href":"https:\/\/api.w.org\/{rel}","templated":true}]}}