{"id":1623,"date":"2025-05-12T12:46:42","date_gmt":"2025-05-12T12:46:42","guid":{"rendered":"https:\/\/halleyrecords.com\/producte\/explosiva\/"},"modified":"2025-08-27T09:34:47","modified_gmt":"2025-08-27T09:34:47","slug":"explosiva","status":"publish","type":"product","link":"https:\/\/halleyrecords.com\/es\/producte\/explosiva\/","title":{"rendered":"Explosiva"},"content":{"rendered":"<p><em><strong>Explosiva<\/strong> <\/em>es una historia de amor y guerra, de pasado y de futuro. Es la convulsi\u00f3n de vivir, creerse invencible, crear, empezar de nuevo mil veces, hacerse mayor. El cuarto trabajo de <strong>Itaca Band<\/strong> despliega un discurso musical deliberadamente heterog\u00e9neo. Encontramos desde los contundentes y festivos \u201cLa vida explosiva\u201d y \u201cA vivirlo\u201d \u2014donde se combinan los vientos y guitarras tan caracter\u00edsticos de la banda con sonoridades electr\u00f3nicas\u2014 hasta una intimista \u201cLas leyes\u201d, una canci\u00f3n vestida pr\u00e1cticamente solo con guitarra espa\u00f1ola, en la que colabora David Ru\u00edz, vocalista de La M.O.D.A.<br \/>\nLa canci\u00f3n m\u00e1s reivindicativa del \u00e1lbum es \u201cLos de abajo\u201d. Y, aunque pueda parecer una contradicci\u00f3n, es un reggaet\u00f3n. Quer\u00edan hablar del orgullo de pertenecer a la clase trabajadora usando el g\u00e9nero musical que hoy m\u00e1s la representa.<br \/>\nTambi\u00e9n destaca la b\u00fasqueda del sonido m\u00e1s reggae del grupo en temas como \u201cUn nou element\u201d o \u201cDeja que se vayan\u201d, en los que colaboran nada menos que los valencianos La Ra\u00edz. En <em><strong>Explosiva<\/strong><\/em>, \u00a0no ha tenido miedo de salir de su zona de confort para experimentar con nuevas sonoridades. Un paso y una transformaci\u00f3n musical posibles tambi\u00e9n gracias a la producci\u00f3n de Gen\u00eds Trani.<\/p>\n","protected":false},"excerpt":{"rendered":"<p>Explosiva es una historia de amor y guerra, de pasado y de futuro. Es la convulsi\u00f3n de vivir, creerse invencible, crear, empezar de nuevo mil veces, hacerse mayor. El cuarto trabajo de Itaca Band despliega un discurso musical deliberadamente heterog\u00e9neo. Encontramos desde los contundentes y&#8230;<\/p>\n","protected":false},"featured_media":682,"template":"","meta":{"_acf_changed":false},"product_brand":[],"product_cat":[27],"product_tag":[],"class_list":{"0":"post-1623","1":"product","2":"type-product","3":"status-publish","4":"has-post-thumbnail","6":"product_cat-uncategorized-ca-es","8":"first","9":"instock","10":"shipping-taxable","11":"purchasable","12":"product-type-variable"},"bundled_by":[],"bundle_stock_status":"instock","bundle_stock_quantity":98,"bundle_virtual":false,"bundle_layout":"","bundle_add_to_cart_form_location":"","bundle_editable_in_cart":false,"bundle_sold_individually_context":"","bundle_item_grouping":"","bundle_min_size":"","bundle_max_size":"","bundle_price":[],"bundled_items":[],"bundle_sell_ids":[],"acf":[],"yoast_head":"<!-- This site is optimized with the Yoast SEO plugin v27.4 - https:\/\/yoast.com\/product\/yoast-seo-wordpress\/ -->\n<title>Explosiva - Halley Records<\/title>\n<meta name=\"description\" content=\"Explosiva es una historia de amor y guerra, de pasado y de futuro. Es la convulsi\u00f3n de vivir, creerse invencible, crear, empezar de nuevo mil veces\" \/>\n<meta name=\"robots\" content=\"index, follow, max-snippet:-1, max-image-preview:large, max-video-preview:-1\" \/>\n<link rel=\"canonical\" href=\"https:\/\/halleyrecords.com\/es\/producte\/explosiva\/\" \/>\n<meta property=\"og:locale\" content=\"es_ES\" \/>\n<meta property=\"og:type\" content=\"article\" \/>\n<meta property=\"og:title\" content=\"Explosiva - Halley Records\" \/>\n<meta property=\"og:description\" content=\"Explosiva es una historia de amor y guerra, de pasado y de futuro. Es la convulsi\u00f3n de vivir, creerse invencible, crear, empezar de nuevo mil veces\" \/>\n<meta property=\"og:url\" content=\"https:\/\/halleyrecords.com\/es\/producte\/explosiva\/\" \/>\n<meta property=\"og:site_name\" content=\"Halley Records\" \/>\n<meta property=\"article:modified_time\" content=\"2025-08-27T09:34:47+00:00\" \/>\n<meta property=\"og:image\" content=\"https:\/\/halleyrecords.com\/wp-content\/uploads\/2025\/05\/Explosiva_ItacaBand_P.png\" \/>\n\t<meta property=\"og:image:width\" content=\"700\" \/>\n\t<meta property=\"og:image:height\" content=\"700\" \/>\n\t<meta property=\"og:image:type\" content=\"image\/png\" \/>\n<meta name=\"twitter:card\" content=\"summary_large_image\" \/>\n<meta name=\"twitter:label1\" content=\"Tiempo de lectura\" \/>\n\t<meta name=\"twitter:data1\" content=\"2 minutos\" \/>\n<script type=\"application\/ld+json\" class=\"yoast-schema-graph\">{\"@context\":\"https:\\\/\\\/schema.org\",\"@graph\":[{\"@type\":\"WebPage\",\"@id\":\"https:\\\/\\\/halleyrecords.com\\\/es\\\/producte\\\/explosiva\\\/\",\"url\":\"https:\\\/\\\/halleyrecords.com\\\/es\\\/producte\\\/explosiva\\\/\",\"name\":\"Explosiva - Halley Records\",\"isPartOf\":{\"@id\":\"https:\\\/\\\/halleyrecords.com\\\/es\\\/#website\"},\"primaryImageOfPage\":{\"@id\":\"https:\\\/\\\/halleyrecords.com\\\/es\\\/producte\\\/explosiva\\\/#primaryimage\"},\"image\":{\"@id\":\"https:\\\/\\\/halleyrecords.com\\\/es\\\/producte\\\/explosiva\\\/#primaryimage\"},\"thumbnailUrl\":\"https:\\\/\\\/halleyrecords.com\\\/wp-content\\\/uploads\\\/2025\\\/05\\\/Explosiva_ItacaBand_P.png\",\"datePublished\":\"2025-05-12T12:46:42+00:00\",\"dateModified\":\"2025-08-27T09:34:47+00:00\",\"description\":\"Explosiva es una historia de amor y guerra, de pasado y de futuro. Es la convulsi\u00f3n de vivir, creerse invencible, crear, empezar de nuevo mil veces\",\"breadcrumb\":{\"@id\":\"https:\\\/\\\/halleyrecords.com\\\/es\\\/producte\\\/explosiva\\\/#breadcrumb\"},\"inLanguage\":\"es\",\"potentialAction\":[{\"@type\":\"ReadAction\",\"target\":[\"https:\\\/\\\/halleyrecords.com\\\/es\\\/producte\\\/explosiva\\\/\"]}]},{\"@type\":\"ImageObject\",\"inLanguage\":\"es\",\"@id\":\"https:\\\/\\\/halleyrecords.com\\\/es\\\/producte\\\/explosiva\\\/#primaryimage\",\"url\":\"https:\\\/\\\/halleyrecords.com\\\/wp-content\\\/uploads\\\/2025\\\/05\\\/Explosiva_ItacaBand_P.png\",\"contentUrl\":\"https:\\\/\\\/halleyrecords.com\\\/wp-content\\\/uploads\\\/2025\\\/05\\\/Explosiva_ItacaBand_P.png\",\"width\":700,\"height\":700},{\"@type\":\"BreadcrumbList\",\"@id\":\"https:\\\/\\\/halleyrecords.com\\\/es\\\/producte\\\/explosiva\\\/#breadcrumb\",\"itemListElement\":[{\"@type\":\"ListItem\",\"position\":1,\"name\":\"Home\",\"item\":\"https:\\\/\\\/halleyrecords.com\\\/es\\\/\"},{\"@type\":\"ListItem\",\"position\":2,\"name\":\"Explosiva\"}]},{\"@type\":\"WebSite\",\"@id\":\"https:\\\/\\\/halleyrecords.com\\\/es\\\/#website\",\"url\":\"https:\\\/\\\/halleyrecords.com\\\/es\\\/\",\"name\":\"Halley Records\",\"description\":\"\",\"publisher\":{\"@id\":\"https:\\\/\\\/halleyrecords.com\\\/es\\\/#organization\"},\"potentialAction\":[{\"@type\":\"SearchAction\",\"target\":{\"@type\":\"EntryPoint\",\"urlTemplate\":\"https:\\\/\\\/halleyrecords.com\\\/es\\\/?s={search_term_string}\"},\"query-input\":{\"@type\":\"PropertyValueSpecification\",\"valueRequired\":true,\"valueName\":\"search_term_string\"}}],\"inLanguage\":\"es\"},{\"@type\":\"Organization\",\"@id\":\"https:\\\/\\\/halleyrecords.com\\\/es\\\/#organization\",\"name\":\"Halley Records\",\"url\":\"https:\\\/\\\/halleyrecords.com\\\/es\\\/\",\"logo\":{\"@type\":\"ImageObject\",\"inLanguage\":\"es\",\"@id\":\"https:\\\/\\\/halleyrecords.com\\\/es\\\/#\\\/schema\\\/logo\\\/image\\\/\",\"url\":\"https:\\\/\\\/halleyrecords.com\\\/wp-content\\\/uploads\\\/2025\\\/09\\\/Halley_logo_positiu.png\",\"contentUrl\":\"https:\\\/\\\/halleyrecords.com\\\/wp-content\\\/uploads\\\/2025\\\/09\\\/Halley_logo_positiu.png\",\"width\":2008,\"height\":1521,\"caption\":\"Halley Records\"},\"image\":{\"@id\":\"https:\\\/\\\/halleyrecords.com\\\/es\\\/#\\\/schema\\\/logo\\\/image\\\/\"},\"sameAs\":[\"https:\\\/\\\/www.instagram.com\\\/halleyrecords\"]}]}<\/script>\n<!-- \/ Yoast SEO plugin. -->","yoast_head_json":{"title":"Explosiva - Halley Records","description":"Explosiva es una historia de amor y guerra, de pasado y de futuro. Es la convulsi\u00f3n de vivir, creerse invencible, crear, empezar de nuevo mil veces","robots":{"index":"index","follow":"follow","max-snippet":"max-snippet:-1","max-image-preview":"max-image-preview:large","max-video-preview":"max-video-preview:-1"},"canonical":"https:\/\/halleyrecords.com\/es\/producte\/explosiva\/","og_locale":"es_ES","og_type":"article","og_title":"Explosiva - Halley Records","og_description":"Explosiva es una historia de amor y guerra, de pasado y de futuro. Es la convulsi\u00f3n de vivir, creerse invencible, crear, empezar de nuevo mil veces","og_url":"https:\/\/halleyrecords.com\/es\/producte\/explosiva\/","og_site_name":"Halley Records","article_modified_time":"2025-08-27T09:34:47+00:00","og_image":[{"width":700,"height":700,"url":"https:\/\/halleyrecords.com\/wp-content\/uploads\/2025\/05\/Explosiva_ItacaBand_P.png","type":"image\/png"}],"twitter_card":"summary_large_image","twitter_misc":{"Tiempo de lectura":"2 minutos"},"schema":{"@context":"https:\/\/schema.org","@graph":[{"@type":"WebPage","@id":"https:\/\/halleyrecords.com\/es\/producte\/explosiva\/","url":"https:\/\/halleyrecords.com\/es\/producte\/explosiva\/","name":"Explosiva - Halley Records","isPartOf":{"@id":"https:\/\/halleyrecords.com\/es\/#website"},"primaryImageOfPage":{"@id":"https:\/\/halleyrecords.com\/es\/producte\/explosiva\/#primaryimage"},"image":{"@id":"https:\/\/halleyrecords.com\/es\/producte\/explosiva\/#primaryimage"},"thumbnailUrl":"https:\/\/halleyrecords.com\/wp-content\/uploads\/2025\/05\/Explosiva_ItacaBand_P.png","datePublished":"2025-05-12T12:46:42+00:00","dateModified":"2025-08-27T09:34:47+00:00","description":"Explosiva es una historia de amor y guerra, de pasado y de futuro. Es la convulsi\u00f3n de vivir, creerse invencible, crear, empezar de nuevo mil veces","breadcrumb":{"@id":"https:\/\/halleyrecords.com\/es\/producte\/explosiva\/#breadcrumb"},"inLanguage":"es","potentialAction":[{"@type":"ReadAction","target":["https:\/\/halleyrecords.com\/es\/producte\/explosiva\/"]}]},{"@type":"ImageObject","inLanguage":"es","@id":"https:\/\/halleyrecords.com\/es\/producte\/explosiva\/#primaryimage","url":"https:\/\/halleyrecords.com\/wp-content\/uploads\/2025\/05\/Explosiva_ItacaBand_P.png","contentUrl":"https:\/\/halleyrecords.com\/wp-content\/uploads\/2025\/05\/Explosiva_ItacaBand_P.png","width":700,"height":700},{"@type":"BreadcrumbList","@id":"https:\/\/halleyrecords.com\/es\/producte\/explosiva\/#breadcrumb","itemListElement":[{"@type":"ListItem","position":1,"name":"Home","item":"https:\/\/halleyrecords.com\/es\/"},{"@type":"ListItem","position":2,"name":"Explosiva"}]},{"@type":"WebSite","@id":"https:\/\/halleyrecords.com\/es\/#website","url":"https:\/\/halleyrecords.com\/es\/","name":"Halley Records","description":"","publisher":{"@id":"https:\/\/halleyrecords.com\/es\/#organization"},"potentialAction":[{"@type":"SearchAction","target":{"@type":"EntryPoint","urlTemplate":"https:\/\/halleyrecords.com\/es\/?s={search_term_string}"},"query-input":{"@type":"PropertyValueSpecification","valueRequired":true,"valueName":"search_term_string"}}],"inLanguage":"es"},{"@type":"Organization","@id":"https:\/\/halleyrecords.com\/es\/#organization","name":"Halley Records","url":"https:\/\/halleyrecords.com\/es\/","logo":{"@type":"ImageObject","inLanguage":"es","@id":"https:\/\/halleyrecords.com\/es\/#\/schema\/logo\/image\/","url":"https:\/\/halleyrecords.com\/wp-content\/uploads\/2025\/09\/Halley_logo_positiu.png","contentUrl":"https:\/\/halleyrecords.com\/wp-content\/uploads\/2025\/09\/Halley_logo_positiu.png","width":2008,"height":1521,"caption":"Halley Records"},"image":{"@id":"https:\/\/halleyrecords.com\/es\/#\/schema\/logo\/image\/"},"sameAs":["https:\/\/www.instagram.com\/halleyrecords"]}]}},"_links":{"self":[{"href":"https:\/\/halleyrecords.com\/es\/wp-json\/wp\/v2\/product\/1623","targetHints":{"allow":["GET"]}}],"collection":[{"href":"https:\/\/halleyrecords.com\/es\/wp-json\/wp\/v2\/product"}],"about":[{"href":"https:\/\/halleyrecords.com\/es\/wp-json\/wp\/v2\/types\/product"}],"wp:featuredmedia":[{"embeddable":true,"href":"https:\/\/halleyrecords.com\/es\/wp-json\/wp\/v2\/media\/682"}],"wp:attachment":[{"href":"https:\/\/halleyrecords.com\/es\/wp-json\/wp\/v2\/media?parent=1623"}],"wp:term":[{"taxonomy":"product_brand","embeddable":true,"href":"https:\/\/halleyrecords.com\/es\/wp-json\/wp\/v2\/product_brand?post=1623"},{"taxonomy":"product_cat","embeddable":true,"href":"https:\/\/halleyrecords.com\/es\/wp-json\/wp\/v2\/product_cat?post=1623"},{"taxonomy":"product_tag","embeddable":true,"href":"https:\/\/halleyrecords.com\/es\/wp-json\/wp\/v2\/product_tag?post=1623"}],"curies":[{"name":"wp","href":"https:\/\/api.w.org\/{rel}","templated":true}]}}