{"id":1635,"date":"2025-05-13T09:20:50","date_gmt":"2025-05-13T09:20:50","guid":{"rendered":"https:\/\/halleyrecords.com\/producte\/fotosintesi\/"},"modified":"2025-08-27T10:21:19","modified_gmt":"2025-08-27T10:21:19","slug":"fotosintesi","status":"publish","type":"product","link":"https:\/\/halleyrecords.com\/es\/producte\/fotosintesi\/","title":{"rendered":"Fotos\u00edntesi"},"content":{"rendered":"<p><em><strong>Fotos\u00edntesi<\/strong> <\/em>es el segundo \u00e1lbum de los valencianos <strong>La F\u00famiga<\/strong>, que sigue su l\u00ednea de pop mediterr\u00e1neo lleno de energ\u00eda, pero con una paleta a\u00fan m\u00e1s rica de influencias estil\u00edsticas. Producido por Mark Dasousa, el disco explora temas como el amor propio, la pasi\u00f3n, la salud mental y la cr\u00edtica social con un sonido que fusiona m\u00fasica electr\u00f3nica e instrumentos tradicionales. Canciones como \u201cFotos\u00edntesi\u201d, con la colaboraci\u00f3n de Zoo, celebran el amor y la energ\u00eda vital, mientras que \u201cAddictes a viure\u201d se convierte en un grito de resistencia contra los discursos de odio. El \u00e1lbum culmina con \u201cLlavors\u201d, un homenaje a las ra\u00edces valencianas junto a Jonatan Penalba. Un trabajo vibrante que mantiene la esencia festiva y reivindicativa de la banda, con colaboraciones de voces magn\u00e9ticas como Suu, Samantha o Esther.<\/p>\n","protected":false},"excerpt":{"rendered":"<p>Fotos\u00edntesi es el segundo \u00e1lbum de los valencianos La F\u00famiga, que sigue su l\u00ednea de pop mediterr\u00e1neo lleno de energ\u00eda, pero con una paleta a\u00fan m\u00e1s rica de influencias estil\u00edsticas. Producido por Mark Dasousa, el disco explora temas como el amor propio, la pasi\u00f3n, la&#8230;<\/p>\n","protected":false},"featured_media":748,"template":"","meta":{"_acf_changed":false},"product_brand":[],"product_cat":[27],"product_tag":[],"class_list":{"0":"post-1635","1":"product","2":"type-product","3":"status-publish","4":"has-post-thumbnail","6":"product_cat-uncategorized-ca-es","8":"first","9":"instock","10":"shipping-taxable","11":"purchasable","12":"product-type-variable"},"bundled_by":[],"bundle_stock_status":"instock","bundle_stock_quantity":33,"bundle_virtual":false,"bundle_layout":"","bundle_add_to_cart_form_location":"","bundle_editable_in_cart":false,"bundle_sold_individually_context":"","bundle_item_grouping":"","bundle_min_size":"","bundle_max_size":"","bundle_price":[],"bundled_items":[],"bundle_sell_ids":[],"acf":[],"yoast_head":"<!-- This site is optimized with the Yoast SEO plugin v27.4 - https:\/\/yoast.com\/product\/yoast-seo-wordpress\/ -->\n<title>Fotos\u00edntesi - Halley Records<\/title>\n<meta name=\"description\" content=\"Fotos\u00edntesi es el segundo \u00e1lbum de los valencianos La F\u00famiga, que sigue su l\u00ednea de pop mediterr\u00e1neo lleno de energ\u00eda, pero con una paleta a\u00fan m\u00e1s rica\" \/>\n<meta name=\"robots\" content=\"index, follow, max-snippet:-1, max-image-preview:large, max-video-preview:-1\" \/>\n<link rel=\"canonical\" href=\"https:\/\/halleyrecords.com\/es\/producte\/fotosintesi\/\" \/>\n<meta property=\"og:locale\" content=\"es_ES\" \/>\n<meta property=\"og:type\" content=\"article\" \/>\n<meta property=\"og:title\" content=\"Fotos\u00edntesi - Halley Records\" \/>\n<meta property=\"og:description\" content=\"Fotos\u00edntesi es el segundo \u00e1lbum de los valencianos La F\u00famiga, que sigue su l\u00ednea de pop mediterr\u00e1neo lleno de energ\u00eda, pero con una paleta a\u00fan m\u00e1s rica\" \/>\n<meta property=\"og:url\" content=\"https:\/\/halleyrecords.com\/es\/producte\/fotosintesi\/\" \/>\n<meta property=\"og:site_name\" content=\"Halley Records\" \/>\n<meta property=\"article:modified_time\" content=\"2025-08-27T10:21:19+00:00\" \/>\n<meta property=\"og:image\" content=\"https:\/\/halleyrecords.com\/wp-content\/uploads\/2025\/05\/Fotosintesi_LaFumiga_P.png\" \/>\n\t<meta property=\"og:image:width\" content=\"700\" \/>\n\t<meta property=\"og:image:height\" content=\"700\" \/>\n\t<meta property=\"og:image:type\" content=\"image\/png\" \/>\n<meta name=\"twitter:card\" content=\"summary_large_image\" \/>\n<meta name=\"twitter:label1\" content=\"Tiempo de lectura\" \/>\n\t<meta name=\"twitter:data1\" content=\"1 minuto\" \/>\n<script type=\"application\/ld+json\" class=\"yoast-schema-graph\">{\"@context\":\"https:\\\/\\\/schema.org\",\"@graph\":[{\"@type\":\"WebPage\",\"@id\":\"https:\\\/\\\/halleyrecords.com\\\/es\\\/producte\\\/fotosintesi\\\/\",\"url\":\"https:\\\/\\\/halleyrecords.com\\\/es\\\/producte\\\/fotosintesi\\\/\",\"name\":\"Fotos\u00edntesi - Halley Records\",\"isPartOf\":{\"@id\":\"https:\\\/\\\/halleyrecords.com\\\/es\\\/#website\"},\"primaryImageOfPage\":{\"@id\":\"https:\\\/\\\/halleyrecords.com\\\/es\\\/producte\\\/fotosintesi\\\/#primaryimage\"},\"image\":{\"@id\":\"https:\\\/\\\/halleyrecords.com\\\/es\\\/producte\\\/fotosintesi\\\/#primaryimage\"},\"thumbnailUrl\":\"https:\\\/\\\/halleyrecords.com\\\/wp-content\\\/uploads\\\/2025\\\/05\\\/Fotosintesi_LaFumiga_P.png\",\"datePublished\":\"2025-05-13T09:20:50+00:00\",\"dateModified\":\"2025-08-27T10:21:19+00:00\",\"description\":\"Fotos\u00edntesi es el segundo \u00e1lbum de los valencianos La F\u00famiga, que sigue su l\u00ednea de pop mediterr\u00e1neo lleno de energ\u00eda, pero con una paleta a\u00fan m\u00e1s rica\",\"breadcrumb\":{\"@id\":\"https:\\\/\\\/halleyrecords.com\\\/es\\\/producte\\\/fotosintesi\\\/#breadcrumb\"},\"inLanguage\":\"es\",\"potentialAction\":[{\"@type\":\"ReadAction\",\"target\":[\"https:\\\/\\\/halleyrecords.com\\\/es\\\/producte\\\/fotosintesi\\\/\"]}]},{\"@type\":\"ImageObject\",\"inLanguage\":\"es\",\"@id\":\"https:\\\/\\\/halleyrecords.com\\\/es\\\/producte\\\/fotosintesi\\\/#primaryimage\",\"url\":\"https:\\\/\\\/halleyrecords.com\\\/wp-content\\\/uploads\\\/2025\\\/05\\\/Fotosintesi_LaFumiga_P.png\",\"contentUrl\":\"https:\\\/\\\/halleyrecords.com\\\/wp-content\\\/uploads\\\/2025\\\/05\\\/Fotosintesi_LaFumiga_P.png\",\"width\":700,\"height\":700},{\"@type\":\"BreadcrumbList\",\"@id\":\"https:\\\/\\\/halleyrecords.com\\\/es\\\/producte\\\/fotosintesi\\\/#breadcrumb\",\"itemListElement\":[{\"@type\":\"ListItem\",\"position\":1,\"name\":\"Home\",\"item\":\"https:\\\/\\\/halleyrecords.com\\\/es\\\/\"},{\"@type\":\"ListItem\",\"position\":2,\"name\":\"Fotos\u00edntesi\"}]},{\"@type\":\"WebSite\",\"@id\":\"https:\\\/\\\/halleyrecords.com\\\/es\\\/#website\",\"url\":\"https:\\\/\\\/halleyrecords.com\\\/es\\\/\",\"name\":\"Halley Records\",\"description\":\"\",\"publisher\":{\"@id\":\"https:\\\/\\\/halleyrecords.com\\\/es\\\/#organization\"},\"potentialAction\":[{\"@type\":\"SearchAction\",\"target\":{\"@type\":\"EntryPoint\",\"urlTemplate\":\"https:\\\/\\\/halleyrecords.com\\\/es\\\/?s={search_term_string}\"},\"query-input\":{\"@type\":\"PropertyValueSpecification\",\"valueRequired\":true,\"valueName\":\"search_term_string\"}}],\"inLanguage\":\"es\"},{\"@type\":\"Organization\",\"@id\":\"https:\\\/\\\/halleyrecords.com\\\/es\\\/#organization\",\"name\":\"Halley Records\",\"url\":\"https:\\\/\\\/halleyrecords.com\\\/es\\\/\",\"logo\":{\"@type\":\"ImageObject\",\"inLanguage\":\"es\",\"@id\":\"https:\\\/\\\/halleyrecords.com\\\/es\\\/#\\\/schema\\\/logo\\\/image\\\/\",\"url\":\"https:\\\/\\\/halleyrecords.com\\\/wp-content\\\/uploads\\\/2025\\\/09\\\/Halley_logo_positiu.png\",\"contentUrl\":\"https:\\\/\\\/halleyrecords.com\\\/wp-content\\\/uploads\\\/2025\\\/09\\\/Halley_logo_positiu.png\",\"width\":2008,\"height\":1521,\"caption\":\"Halley Records\"},\"image\":{\"@id\":\"https:\\\/\\\/halleyrecords.com\\\/es\\\/#\\\/schema\\\/logo\\\/image\\\/\"},\"sameAs\":[\"https:\\\/\\\/www.instagram.com\\\/halleyrecords\"]}]}<\/script>\n<!-- \/ Yoast SEO plugin. -->","yoast_head_json":{"title":"Fotos\u00edntesi - Halley Records","description":"Fotos\u00edntesi es el segundo \u00e1lbum de los valencianos La F\u00famiga, que sigue su l\u00ednea de pop mediterr\u00e1neo lleno de energ\u00eda, pero con una paleta a\u00fan m\u00e1s rica","robots":{"index":"index","follow":"follow","max-snippet":"max-snippet:-1","max-image-preview":"max-image-preview:large","max-video-preview":"max-video-preview:-1"},"canonical":"https:\/\/halleyrecords.com\/es\/producte\/fotosintesi\/","og_locale":"es_ES","og_type":"article","og_title":"Fotos\u00edntesi - Halley Records","og_description":"Fotos\u00edntesi es el segundo \u00e1lbum de los valencianos La F\u00famiga, que sigue su l\u00ednea de pop mediterr\u00e1neo lleno de energ\u00eda, pero con una paleta a\u00fan m\u00e1s rica","og_url":"https:\/\/halleyrecords.com\/es\/producte\/fotosintesi\/","og_site_name":"Halley Records","article_modified_time":"2025-08-27T10:21:19+00:00","og_image":[{"width":700,"height":700,"url":"https:\/\/halleyrecords.com\/wp-content\/uploads\/2025\/05\/Fotosintesi_LaFumiga_P.png","type":"image\/png"}],"twitter_card":"summary_large_image","twitter_misc":{"Tiempo de lectura":"1 minuto"},"schema":{"@context":"https:\/\/schema.org","@graph":[{"@type":"WebPage","@id":"https:\/\/halleyrecords.com\/es\/producte\/fotosintesi\/","url":"https:\/\/halleyrecords.com\/es\/producte\/fotosintesi\/","name":"Fotos\u00edntesi - Halley Records","isPartOf":{"@id":"https:\/\/halleyrecords.com\/es\/#website"},"primaryImageOfPage":{"@id":"https:\/\/halleyrecords.com\/es\/producte\/fotosintesi\/#primaryimage"},"image":{"@id":"https:\/\/halleyrecords.com\/es\/producte\/fotosintesi\/#primaryimage"},"thumbnailUrl":"https:\/\/halleyrecords.com\/wp-content\/uploads\/2025\/05\/Fotosintesi_LaFumiga_P.png","datePublished":"2025-05-13T09:20:50+00:00","dateModified":"2025-08-27T10:21:19+00:00","description":"Fotos\u00edntesi es el segundo \u00e1lbum de los valencianos La F\u00famiga, que sigue su l\u00ednea de pop mediterr\u00e1neo lleno de energ\u00eda, pero con una paleta a\u00fan m\u00e1s rica","breadcrumb":{"@id":"https:\/\/halleyrecords.com\/es\/producte\/fotosintesi\/#breadcrumb"},"inLanguage":"es","potentialAction":[{"@type":"ReadAction","target":["https:\/\/halleyrecords.com\/es\/producte\/fotosintesi\/"]}]},{"@type":"ImageObject","inLanguage":"es","@id":"https:\/\/halleyrecords.com\/es\/producte\/fotosintesi\/#primaryimage","url":"https:\/\/halleyrecords.com\/wp-content\/uploads\/2025\/05\/Fotosintesi_LaFumiga_P.png","contentUrl":"https:\/\/halleyrecords.com\/wp-content\/uploads\/2025\/05\/Fotosintesi_LaFumiga_P.png","width":700,"height":700},{"@type":"BreadcrumbList","@id":"https:\/\/halleyrecords.com\/es\/producte\/fotosintesi\/#breadcrumb","itemListElement":[{"@type":"ListItem","position":1,"name":"Home","item":"https:\/\/halleyrecords.com\/es\/"},{"@type":"ListItem","position":2,"name":"Fotos\u00edntesi"}]},{"@type":"WebSite","@id":"https:\/\/halleyrecords.com\/es\/#website","url":"https:\/\/halleyrecords.com\/es\/","name":"Halley Records","description":"","publisher":{"@id":"https:\/\/halleyrecords.com\/es\/#organization"},"potentialAction":[{"@type":"SearchAction","target":{"@type":"EntryPoint","urlTemplate":"https:\/\/halleyrecords.com\/es\/?s={search_term_string}"},"query-input":{"@type":"PropertyValueSpecification","valueRequired":true,"valueName":"search_term_string"}}],"inLanguage":"es"},{"@type":"Organization","@id":"https:\/\/halleyrecords.com\/es\/#organization","name":"Halley Records","url":"https:\/\/halleyrecords.com\/es\/","logo":{"@type":"ImageObject","inLanguage":"es","@id":"https:\/\/halleyrecords.com\/es\/#\/schema\/logo\/image\/","url":"https:\/\/halleyrecords.com\/wp-content\/uploads\/2025\/09\/Halley_logo_positiu.png","contentUrl":"https:\/\/halleyrecords.com\/wp-content\/uploads\/2025\/09\/Halley_logo_positiu.png","width":2008,"height":1521,"caption":"Halley Records"},"image":{"@id":"https:\/\/halleyrecords.com\/es\/#\/schema\/logo\/image\/"},"sameAs":["https:\/\/www.instagram.com\/halleyrecords"]}]}},"_links":{"self":[{"href":"https:\/\/halleyrecords.com\/es\/wp-json\/wp\/v2\/product\/1635","targetHints":{"allow":["GET"]}}],"collection":[{"href":"https:\/\/halleyrecords.com\/es\/wp-json\/wp\/v2\/product"}],"about":[{"href":"https:\/\/halleyrecords.com\/es\/wp-json\/wp\/v2\/types\/product"}],"wp:featuredmedia":[{"embeddable":true,"href":"https:\/\/halleyrecords.com\/es\/wp-json\/wp\/v2\/media\/748"}],"wp:attachment":[{"href":"https:\/\/halleyrecords.com\/es\/wp-json\/wp\/v2\/media?parent=1635"}],"wp:term":[{"taxonomy":"product_brand","embeddable":true,"href":"https:\/\/halleyrecords.com\/es\/wp-json\/wp\/v2\/product_brand?post=1635"},{"taxonomy":"product_cat","embeddable":true,"href":"https:\/\/halleyrecords.com\/es\/wp-json\/wp\/v2\/product_cat?post=1635"},{"taxonomy":"product_tag","embeddable":true,"href":"https:\/\/halleyrecords.com\/es\/wp-json\/wp\/v2\/product_tag?post=1635"}],"curies":[{"name":"wp","href":"https:\/\/api.w.org\/{rel}","templated":true}]}}