{"id":1638,"date":"2025-05-13T09:27:16","date_gmt":"2025-05-13T09:27:16","guid":{"rendered":"https:\/\/halleyrecords.com\/producte\/tot-esta-per-fer\/"},"modified":"2025-08-27T10:44:08","modified_gmt":"2025-08-27T10:44:08","slug":"tot-esta-per-fer","status":"publish","type":"product","link":"https:\/\/halleyrecords.com\/es\/producte\/tot-esta-per-fer\/","title":{"rendered":"TOT EST\u00c0 PER FER"},"content":{"rendered":"<p>El tercer disco de <strong>La F\u00famiga<\/strong> se titula <em><strong>TOT EST\u00c0 PER FER<\/strong><\/em> y reafirma al grupo valenciano como referente del pop m\u00e1s festivo. Producido tambi\u00e9n por Mark Dasousa, el disco es una oda al cambio, la amistad y las nuevas oportunidades, con letras que celebran la vida y la superaci\u00f3n. Con colaboraciones destacadas de The Tyets, Ginest\u00e0, Figa Flawas y NAINA, el \u00e1lbum fusiona indie-pop, m\u00fasica electr\u00f3nica y ritmos festivos en temas como \u201cCOVARDS\u201d, \u201cFOMO\u201d y \u201cJA DORMIR\u00c9\u201d. Un disco que invita a bailar, abrazar la incertidumbre y recordar que siempre hay un lugar seguro en casa de <strong>La F\u00famiga<\/strong>.<\/p>\n","protected":false},"excerpt":{"rendered":"<p>El tercer disco de La F\u00famiga se titula TOT EST\u00c0 PER FER y reafirma al grupo valenciano como referente del pop m\u00e1s festivo. Producido tambi\u00e9n por Mark Dasousa, el disco es una oda al cambio, la amistad y las nuevas oportunidades, con letras que celebran&#8230;<\/p>\n","protected":false},"featured_media":756,"template":"","meta":{"_acf_changed":false},"product_brand":[],"product_cat":[27],"product_tag":[],"class_list":{"0":"post-1638","1":"product","2":"type-product","3":"status-publish","4":"has-post-thumbnail","6":"product_cat-uncategorized-ca-es","8":"first","9":"instock","10":"shipping-taxable","11":"purchasable","12":"product-type-variable"},"bundled_by":[],"bundle_stock_status":"instock","bundle_stock_quantity":55,"bundle_virtual":false,"bundle_layout":"","bundle_add_to_cart_form_location":"","bundle_editable_in_cart":false,"bundle_sold_individually_context":"","bundle_item_grouping":"","bundle_min_size":"","bundle_max_size":"","bundle_price":[],"bundled_items":[],"bundle_sell_ids":[],"acf":[],"yoast_head":"<!-- This site is optimized with the Yoast SEO plugin v27.4 - https:\/\/yoast.com\/product\/yoast-seo-wordpress\/ -->\n<title>TOT EST\u00c0 PER FER - Halley Records<\/title>\n<meta name=\"description\" content=\"El tercer disco de La F\u00famiga se titula TOT EST\u00c0 PER FER y reafirma al grupo valenciano como referente del pop m\u00e1s festivo.\" \/>\n<meta name=\"robots\" content=\"index, follow, max-snippet:-1, max-image-preview:large, max-video-preview:-1\" \/>\n<link rel=\"canonical\" href=\"https:\/\/halleyrecords.com\/es\/producte\/tot-esta-per-fer\/\" \/>\n<meta property=\"og:locale\" content=\"es_ES\" \/>\n<meta property=\"og:type\" content=\"article\" \/>\n<meta property=\"og:title\" content=\"TOT EST\u00c0 PER FER - Halley Records\" \/>\n<meta property=\"og:description\" content=\"El tercer disco de La F\u00famiga se titula TOT EST\u00c0 PER FER y reafirma al grupo valenciano como referente del pop m\u00e1s festivo.\" \/>\n<meta property=\"og:url\" content=\"https:\/\/halleyrecords.com\/es\/producte\/tot-esta-per-fer\/\" \/>\n<meta property=\"og:site_name\" content=\"Halley Records\" \/>\n<meta property=\"article:modified_time\" content=\"2025-08-27T10:44:08+00:00\" \/>\n<meta property=\"og:image\" content=\"https:\/\/halleyrecords.com\/wp-content\/uploads\/2025\/05\/TOTESTAPERFER_-LaFumiga-_P.png\" \/>\n\t<meta property=\"og:image:width\" content=\"700\" \/>\n\t<meta property=\"og:image:height\" content=\"700\" \/>\n\t<meta property=\"og:image:type\" content=\"image\/png\" \/>\n<meta name=\"twitter:card\" content=\"summary_large_image\" \/>\n<meta name=\"twitter:label1\" content=\"Tiempo de lectura\" \/>\n\t<meta name=\"twitter:data1\" content=\"1 minuto\" \/>\n<script type=\"application\/ld+json\" class=\"yoast-schema-graph\">{\"@context\":\"https:\\\/\\\/schema.org\",\"@graph\":[{\"@type\":\"WebPage\",\"@id\":\"https:\\\/\\\/halleyrecords.com\\\/es\\\/producte\\\/tot-esta-per-fer\\\/\",\"url\":\"https:\\\/\\\/halleyrecords.com\\\/es\\\/producte\\\/tot-esta-per-fer\\\/\",\"name\":\"TOT EST\u00c0 PER FER - Halley Records\",\"isPartOf\":{\"@id\":\"https:\\\/\\\/halleyrecords.com\\\/es\\\/#website\"},\"primaryImageOfPage\":{\"@id\":\"https:\\\/\\\/halleyrecords.com\\\/es\\\/producte\\\/tot-esta-per-fer\\\/#primaryimage\"},\"image\":{\"@id\":\"https:\\\/\\\/halleyrecords.com\\\/es\\\/producte\\\/tot-esta-per-fer\\\/#primaryimage\"},\"thumbnailUrl\":\"https:\\\/\\\/halleyrecords.com\\\/wp-content\\\/uploads\\\/2025\\\/05\\\/TOTESTAPERFER_-LaFumiga-_P.png\",\"datePublished\":\"2025-05-13T09:27:16+00:00\",\"dateModified\":\"2025-08-27T10:44:08+00:00\",\"description\":\"El tercer disco de La F\u00famiga se titula TOT EST\u00c0 PER FER y reafirma al grupo valenciano como referente del pop m\u00e1s festivo.\",\"breadcrumb\":{\"@id\":\"https:\\\/\\\/halleyrecords.com\\\/es\\\/producte\\\/tot-esta-per-fer\\\/#breadcrumb\"},\"inLanguage\":\"es\",\"potentialAction\":[{\"@type\":\"ReadAction\",\"target\":[\"https:\\\/\\\/halleyrecords.com\\\/es\\\/producte\\\/tot-esta-per-fer\\\/\"]}]},{\"@type\":\"ImageObject\",\"inLanguage\":\"es\",\"@id\":\"https:\\\/\\\/halleyrecords.com\\\/es\\\/producte\\\/tot-esta-per-fer\\\/#primaryimage\",\"url\":\"https:\\\/\\\/halleyrecords.com\\\/wp-content\\\/uploads\\\/2025\\\/05\\\/TOTESTAPERFER_-LaFumiga-_P.png\",\"contentUrl\":\"https:\\\/\\\/halleyrecords.com\\\/wp-content\\\/uploads\\\/2025\\\/05\\\/TOTESTAPERFER_-LaFumiga-_P.png\",\"width\":700,\"height\":700},{\"@type\":\"BreadcrumbList\",\"@id\":\"https:\\\/\\\/halleyrecords.com\\\/es\\\/producte\\\/tot-esta-per-fer\\\/#breadcrumb\",\"itemListElement\":[{\"@type\":\"ListItem\",\"position\":1,\"name\":\"Home\",\"item\":\"https:\\\/\\\/halleyrecords.com\\\/es\\\/\"},{\"@type\":\"ListItem\",\"position\":2,\"name\":\"TOT EST\u00c0 PER FER\"}]},{\"@type\":\"WebSite\",\"@id\":\"https:\\\/\\\/halleyrecords.com\\\/es\\\/#website\",\"url\":\"https:\\\/\\\/halleyrecords.com\\\/es\\\/\",\"name\":\"Halley Records\",\"description\":\"\",\"publisher\":{\"@id\":\"https:\\\/\\\/halleyrecords.com\\\/es\\\/#organization\"},\"potentialAction\":[{\"@type\":\"SearchAction\",\"target\":{\"@type\":\"EntryPoint\",\"urlTemplate\":\"https:\\\/\\\/halleyrecords.com\\\/es\\\/?s={search_term_string}\"},\"query-input\":{\"@type\":\"PropertyValueSpecification\",\"valueRequired\":true,\"valueName\":\"search_term_string\"}}],\"inLanguage\":\"es\"},{\"@type\":\"Organization\",\"@id\":\"https:\\\/\\\/halleyrecords.com\\\/es\\\/#organization\",\"name\":\"Halley Records\",\"url\":\"https:\\\/\\\/halleyrecords.com\\\/es\\\/\",\"logo\":{\"@type\":\"ImageObject\",\"inLanguage\":\"es\",\"@id\":\"https:\\\/\\\/halleyrecords.com\\\/es\\\/#\\\/schema\\\/logo\\\/image\\\/\",\"url\":\"https:\\\/\\\/halleyrecords.com\\\/wp-content\\\/uploads\\\/2025\\\/09\\\/Halley_logo_positiu.png\",\"contentUrl\":\"https:\\\/\\\/halleyrecords.com\\\/wp-content\\\/uploads\\\/2025\\\/09\\\/Halley_logo_positiu.png\",\"width\":2008,\"height\":1521,\"caption\":\"Halley Records\"},\"image\":{\"@id\":\"https:\\\/\\\/halleyrecords.com\\\/es\\\/#\\\/schema\\\/logo\\\/image\\\/\"},\"sameAs\":[\"https:\\\/\\\/www.instagram.com\\\/halleyrecords\"]}]}<\/script>\n<!-- \/ Yoast SEO plugin. -->","yoast_head_json":{"title":"TOT EST\u00c0 PER FER - Halley Records","description":"El tercer disco de La F\u00famiga se titula TOT EST\u00c0 PER FER y reafirma al grupo valenciano como referente del pop m\u00e1s festivo.","robots":{"index":"index","follow":"follow","max-snippet":"max-snippet:-1","max-image-preview":"max-image-preview:large","max-video-preview":"max-video-preview:-1"},"canonical":"https:\/\/halleyrecords.com\/es\/producte\/tot-esta-per-fer\/","og_locale":"es_ES","og_type":"article","og_title":"TOT EST\u00c0 PER FER - Halley Records","og_description":"El tercer disco de La F\u00famiga se titula TOT EST\u00c0 PER FER y reafirma al grupo valenciano como referente del pop m\u00e1s festivo.","og_url":"https:\/\/halleyrecords.com\/es\/producte\/tot-esta-per-fer\/","og_site_name":"Halley Records","article_modified_time":"2025-08-27T10:44:08+00:00","og_image":[{"width":700,"height":700,"url":"https:\/\/halleyrecords.com\/wp-content\/uploads\/2025\/05\/TOTESTAPERFER_-LaFumiga-_P.png","type":"image\/png"}],"twitter_card":"summary_large_image","twitter_misc":{"Tiempo de lectura":"1 minuto"},"schema":{"@context":"https:\/\/schema.org","@graph":[{"@type":"WebPage","@id":"https:\/\/halleyrecords.com\/es\/producte\/tot-esta-per-fer\/","url":"https:\/\/halleyrecords.com\/es\/producte\/tot-esta-per-fer\/","name":"TOT EST\u00c0 PER FER - Halley Records","isPartOf":{"@id":"https:\/\/halleyrecords.com\/es\/#website"},"primaryImageOfPage":{"@id":"https:\/\/halleyrecords.com\/es\/producte\/tot-esta-per-fer\/#primaryimage"},"image":{"@id":"https:\/\/halleyrecords.com\/es\/producte\/tot-esta-per-fer\/#primaryimage"},"thumbnailUrl":"https:\/\/halleyrecords.com\/wp-content\/uploads\/2025\/05\/TOTESTAPERFER_-LaFumiga-_P.png","datePublished":"2025-05-13T09:27:16+00:00","dateModified":"2025-08-27T10:44:08+00:00","description":"El tercer disco de La F\u00famiga se titula TOT EST\u00c0 PER FER y reafirma al grupo valenciano como referente del pop m\u00e1s festivo.","breadcrumb":{"@id":"https:\/\/halleyrecords.com\/es\/producte\/tot-esta-per-fer\/#breadcrumb"},"inLanguage":"es","potentialAction":[{"@type":"ReadAction","target":["https:\/\/halleyrecords.com\/es\/producte\/tot-esta-per-fer\/"]}]},{"@type":"ImageObject","inLanguage":"es","@id":"https:\/\/halleyrecords.com\/es\/producte\/tot-esta-per-fer\/#primaryimage","url":"https:\/\/halleyrecords.com\/wp-content\/uploads\/2025\/05\/TOTESTAPERFER_-LaFumiga-_P.png","contentUrl":"https:\/\/halleyrecords.com\/wp-content\/uploads\/2025\/05\/TOTESTAPERFER_-LaFumiga-_P.png","width":700,"height":700},{"@type":"BreadcrumbList","@id":"https:\/\/halleyrecords.com\/es\/producte\/tot-esta-per-fer\/#breadcrumb","itemListElement":[{"@type":"ListItem","position":1,"name":"Home","item":"https:\/\/halleyrecords.com\/es\/"},{"@type":"ListItem","position":2,"name":"TOT EST\u00c0 PER FER"}]},{"@type":"WebSite","@id":"https:\/\/halleyrecords.com\/es\/#website","url":"https:\/\/halleyrecords.com\/es\/","name":"Halley Records","description":"","publisher":{"@id":"https:\/\/halleyrecords.com\/es\/#organization"},"potentialAction":[{"@type":"SearchAction","target":{"@type":"EntryPoint","urlTemplate":"https:\/\/halleyrecords.com\/es\/?s={search_term_string}"},"query-input":{"@type":"PropertyValueSpecification","valueRequired":true,"valueName":"search_term_string"}}],"inLanguage":"es"},{"@type":"Organization","@id":"https:\/\/halleyrecords.com\/es\/#organization","name":"Halley Records","url":"https:\/\/halleyrecords.com\/es\/","logo":{"@type":"ImageObject","inLanguage":"es","@id":"https:\/\/halleyrecords.com\/es\/#\/schema\/logo\/image\/","url":"https:\/\/halleyrecords.com\/wp-content\/uploads\/2025\/09\/Halley_logo_positiu.png","contentUrl":"https:\/\/halleyrecords.com\/wp-content\/uploads\/2025\/09\/Halley_logo_positiu.png","width":2008,"height":1521,"caption":"Halley Records"},"image":{"@id":"https:\/\/halleyrecords.com\/es\/#\/schema\/logo\/image\/"},"sameAs":["https:\/\/www.instagram.com\/halleyrecords"]}]}},"_links":{"self":[{"href":"https:\/\/halleyrecords.com\/es\/wp-json\/wp\/v2\/product\/1638","targetHints":{"allow":["GET"]}}],"collection":[{"href":"https:\/\/halleyrecords.com\/es\/wp-json\/wp\/v2\/product"}],"about":[{"href":"https:\/\/halleyrecords.com\/es\/wp-json\/wp\/v2\/types\/product"}],"wp:featuredmedia":[{"embeddable":true,"href":"https:\/\/halleyrecords.com\/es\/wp-json\/wp\/v2\/media\/756"}],"wp:attachment":[{"href":"https:\/\/halleyrecords.com\/es\/wp-json\/wp\/v2\/media?parent=1638"}],"wp:term":[{"taxonomy":"product_brand","embeddable":true,"href":"https:\/\/halleyrecords.com\/es\/wp-json\/wp\/v2\/product_brand?post=1638"},{"taxonomy":"product_cat","embeddable":true,"href":"https:\/\/halleyrecords.com\/es\/wp-json\/wp\/v2\/product_cat?post=1638"},{"taxonomy":"product_tag","embeddable":true,"href":"https:\/\/halleyrecords.com\/es\/wp-json\/wp\/v2\/product_tag?post=1638"}],"curies":[{"name":"wp","href":"https:\/\/api.w.org\/{rel}","templated":true}]}}