{"id":1649,"date":"2025-05-13T12:56:17","date_gmt":"2025-05-13T12:56:17","guid":{"rendered":"https:\/\/halleyrecords.com\/producte\/digue-nhi-com-vulguis\/"},"modified":"2025-08-27T11:05:39","modified_gmt":"2025-08-27T11:05:39","slug":"digue-nhi-com-vulguis","status":"publish","type":"product","link":"https:\/\/halleyrecords.com\/es\/producte\/digue-nhi-com-vulguis\/","title":{"rendered":"Digue-n&#8217;hi com vulguis"},"content":{"rendered":"<p><em><strong>Digue-n\u2019hi com vulguis<\/strong> <\/em>es el segundo disco de <strong>Oques Grasses<\/strong>, publicado en 2014. Consolida su estilo \u00fanico con una fusi\u00f3n de reggae casero, pop y otras influencias, ofreciendo una sonoridad fresca, bailable y optimista. Con canciones como \u201cCantimplores\u201d, \u201cCoet\u201d y \u201cSexy\u201d, transmite energ\u00eda festiva y letras cotidianas cargadas de humor. Concebido como una celebraci\u00f3n de la vida, el disco reivindica una actitud positiva frente a la adversidad y conecta con el p\u00fablico desde la espontaneidad y el buen rollo.<\/p>\n","protected":false},"excerpt":{"rendered":"<p>Digue-n\u2019hi com vulguis es el segundo disco de Oques Grasses, publicado en 2014. Consolida su estilo \u00fanico con una fusi\u00f3n de reggae casero, pop y otras influencias, ofreciendo una sonoridad fresca, bailable y optimista. Con canciones como \u201cCantimplores\u201d, \u201cCoet\u201d y \u201cSexy\u201d, transmite energ\u00eda festiva y&#8230;<\/p>\n","protected":false},"featured_media":864,"template":"","meta":{"_acf_changed":false},"product_brand":[],"product_cat":[27],"product_tag":[],"class_list":{"0":"post-1649","1":"product","2":"type-product","3":"status-publish","4":"has-post-thumbnail","6":"product_cat-uncategorized-ca-es","8":"first","9":"outofstock","10":"shipping-taxable","11":"product-type-simple"},"bundled_by":[],"bundle_stock_status":"outofstock","bundle_stock_quantity":0,"bundle_virtual":false,"bundle_layout":"","bundle_add_to_cart_form_location":"","bundle_editable_in_cart":false,"bundle_sold_individually_context":"","bundle_item_grouping":"","bundle_min_size":"","bundle_max_size":"","bundle_price":[],"bundled_items":[],"bundle_sell_ids":[],"acf":[],"yoast_head":"<!-- This site is optimized with the Yoast SEO plugin v27.4 - https:\/\/yoast.com\/product\/yoast-seo-wordpress\/ -->\n<title>Digue-n&#039;hi com vulguis - Halley Records<\/title>\n<meta name=\"description\" content=\"Digue-n\u2019hi com vulguis es el segundo disco de Oques Grasses, publicado en 2014. Consolida su estilo \u00fanico con una fusi\u00f3n de reggae casero, pop y otras\" \/>\n<meta name=\"robots\" content=\"index, follow, max-snippet:-1, max-image-preview:large, max-video-preview:-1\" \/>\n<link rel=\"canonical\" href=\"https:\/\/halleyrecords.com\/es\/producte\/digue-nhi-com-vulguis\/\" \/>\n<meta property=\"og:locale\" content=\"es_ES\" \/>\n<meta property=\"og:type\" content=\"article\" \/>\n<meta property=\"og:title\" content=\"Digue-n&#039;hi com vulguis - Halley Records\" \/>\n<meta property=\"og:description\" content=\"Digue-n\u2019hi com vulguis es el segundo disco de Oques Grasses, publicado en 2014. Consolida su estilo \u00fanico con una fusi\u00f3n de reggae casero, pop y otras\" \/>\n<meta property=\"og:url\" content=\"https:\/\/halleyrecords.com\/es\/producte\/digue-nhi-com-vulguis\/\" \/>\n<meta property=\"og:site_name\" content=\"Halley Records\" \/>\n<meta property=\"article:modified_time\" content=\"2025-08-27T11:05:39+00:00\" \/>\n<meta property=\"og:image\" content=\"https:\/\/halleyrecords.com\/wp-content\/uploads\/2025\/05\/Digue-nhicomvulguis_OquesGrasses_P.png\" \/>\n\t<meta property=\"og:image:width\" content=\"700\" \/>\n\t<meta property=\"og:image:height\" content=\"700\" \/>\n\t<meta property=\"og:image:type\" content=\"image\/png\" \/>\n<meta name=\"twitter:card\" content=\"summary_large_image\" \/>\n<meta name=\"twitter:label1\" content=\"Tiempo de lectura\" \/>\n\t<meta name=\"twitter:data1\" content=\"1 minuto\" \/>\n<script type=\"application\/ld+json\" class=\"yoast-schema-graph\">{\"@context\":\"https:\\\/\\\/schema.org\",\"@graph\":[{\"@type\":\"WebPage\",\"@id\":\"https:\\\/\\\/halleyrecords.com\\\/es\\\/producte\\\/digue-nhi-com-vulguis\\\/\",\"url\":\"https:\\\/\\\/halleyrecords.com\\\/es\\\/producte\\\/digue-nhi-com-vulguis\\\/\",\"name\":\"Digue-n'hi com vulguis - Halley Records\",\"isPartOf\":{\"@id\":\"https:\\\/\\\/halleyrecords.com\\\/es\\\/#website\"},\"primaryImageOfPage\":{\"@id\":\"https:\\\/\\\/halleyrecords.com\\\/es\\\/producte\\\/digue-nhi-com-vulguis\\\/#primaryimage\"},\"image\":{\"@id\":\"https:\\\/\\\/halleyrecords.com\\\/es\\\/producte\\\/digue-nhi-com-vulguis\\\/#primaryimage\"},\"thumbnailUrl\":\"https:\\\/\\\/halleyrecords.com\\\/wp-content\\\/uploads\\\/2025\\\/05\\\/Digue-nhicomvulguis_OquesGrasses_P.png\",\"datePublished\":\"2025-05-13T12:56:17+00:00\",\"dateModified\":\"2025-08-27T11:05:39+00:00\",\"description\":\"Digue-n\u2019hi com vulguis es el segundo disco de Oques Grasses, publicado en 2014. Consolida su estilo \u00fanico con una fusi\u00f3n de reggae casero, pop y otras\",\"breadcrumb\":{\"@id\":\"https:\\\/\\\/halleyrecords.com\\\/es\\\/producte\\\/digue-nhi-com-vulguis\\\/#breadcrumb\"},\"inLanguage\":\"es\",\"potentialAction\":[{\"@type\":\"ReadAction\",\"target\":[\"https:\\\/\\\/halleyrecords.com\\\/es\\\/producte\\\/digue-nhi-com-vulguis\\\/\"]}]},{\"@type\":\"ImageObject\",\"inLanguage\":\"es\",\"@id\":\"https:\\\/\\\/halleyrecords.com\\\/es\\\/producte\\\/digue-nhi-com-vulguis\\\/#primaryimage\",\"url\":\"https:\\\/\\\/halleyrecords.com\\\/wp-content\\\/uploads\\\/2025\\\/05\\\/Digue-nhicomvulguis_OquesGrasses_P.png\",\"contentUrl\":\"https:\\\/\\\/halleyrecords.com\\\/wp-content\\\/uploads\\\/2025\\\/05\\\/Digue-nhicomvulguis_OquesGrasses_P.png\",\"width\":700,\"height\":700},{\"@type\":\"BreadcrumbList\",\"@id\":\"https:\\\/\\\/halleyrecords.com\\\/es\\\/producte\\\/digue-nhi-com-vulguis\\\/#breadcrumb\",\"itemListElement\":[{\"@type\":\"ListItem\",\"position\":1,\"name\":\"Home\",\"item\":\"https:\\\/\\\/halleyrecords.com\\\/es\\\/\"},{\"@type\":\"ListItem\",\"position\":2,\"name\":\"Digue-n&#8217;hi com vulguis\"}]},{\"@type\":\"WebSite\",\"@id\":\"https:\\\/\\\/halleyrecords.com\\\/es\\\/#website\",\"url\":\"https:\\\/\\\/halleyrecords.com\\\/es\\\/\",\"name\":\"Halley Records\",\"description\":\"\",\"publisher\":{\"@id\":\"https:\\\/\\\/halleyrecords.com\\\/es\\\/#organization\"},\"potentialAction\":[{\"@type\":\"SearchAction\",\"target\":{\"@type\":\"EntryPoint\",\"urlTemplate\":\"https:\\\/\\\/halleyrecords.com\\\/es\\\/?s={search_term_string}\"},\"query-input\":{\"@type\":\"PropertyValueSpecification\",\"valueRequired\":true,\"valueName\":\"search_term_string\"}}],\"inLanguage\":\"es\"},{\"@type\":\"Organization\",\"@id\":\"https:\\\/\\\/halleyrecords.com\\\/es\\\/#organization\",\"name\":\"Halley Records\",\"url\":\"https:\\\/\\\/halleyrecords.com\\\/es\\\/\",\"logo\":{\"@type\":\"ImageObject\",\"inLanguage\":\"es\",\"@id\":\"https:\\\/\\\/halleyrecords.com\\\/es\\\/#\\\/schema\\\/logo\\\/image\\\/\",\"url\":\"https:\\\/\\\/halleyrecords.com\\\/wp-content\\\/uploads\\\/2025\\\/09\\\/Halley_logo_positiu.png\",\"contentUrl\":\"https:\\\/\\\/halleyrecords.com\\\/wp-content\\\/uploads\\\/2025\\\/09\\\/Halley_logo_positiu.png\",\"width\":2008,\"height\":1521,\"caption\":\"Halley Records\"},\"image\":{\"@id\":\"https:\\\/\\\/halleyrecords.com\\\/es\\\/#\\\/schema\\\/logo\\\/image\\\/\"},\"sameAs\":[\"https:\\\/\\\/www.instagram.com\\\/halleyrecords\"]}]}<\/script>\n<!-- \/ Yoast SEO plugin. -->","yoast_head_json":{"title":"Digue-n'hi com vulguis - Halley Records","description":"Digue-n\u2019hi com vulguis es el segundo disco de Oques Grasses, publicado en 2014. Consolida su estilo \u00fanico con una fusi\u00f3n de reggae casero, pop y otras","robots":{"index":"index","follow":"follow","max-snippet":"max-snippet:-1","max-image-preview":"max-image-preview:large","max-video-preview":"max-video-preview:-1"},"canonical":"https:\/\/halleyrecords.com\/es\/producte\/digue-nhi-com-vulguis\/","og_locale":"es_ES","og_type":"article","og_title":"Digue-n'hi com vulguis - Halley Records","og_description":"Digue-n\u2019hi com vulguis es el segundo disco de Oques Grasses, publicado en 2014. Consolida su estilo \u00fanico con una fusi\u00f3n de reggae casero, pop y otras","og_url":"https:\/\/halleyrecords.com\/es\/producte\/digue-nhi-com-vulguis\/","og_site_name":"Halley Records","article_modified_time":"2025-08-27T11:05:39+00:00","og_image":[{"width":700,"height":700,"url":"https:\/\/halleyrecords.com\/wp-content\/uploads\/2025\/05\/Digue-nhicomvulguis_OquesGrasses_P.png","type":"image\/png"}],"twitter_card":"summary_large_image","twitter_misc":{"Tiempo de lectura":"1 minuto"},"schema":{"@context":"https:\/\/schema.org","@graph":[{"@type":"WebPage","@id":"https:\/\/halleyrecords.com\/es\/producte\/digue-nhi-com-vulguis\/","url":"https:\/\/halleyrecords.com\/es\/producte\/digue-nhi-com-vulguis\/","name":"Digue-n'hi com vulguis - Halley Records","isPartOf":{"@id":"https:\/\/halleyrecords.com\/es\/#website"},"primaryImageOfPage":{"@id":"https:\/\/halleyrecords.com\/es\/producte\/digue-nhi-com-vulguis\/#primaryimage"},"image":{"@id":"https:\/\/halleyrecords.com\/es\/producte\/digue-nhi-com-vulguis\/#primaryimage"},"thumbnailUrl":"https:\/\/halleyrecords.com\/wp-content\/uploads\/2025\/05\/Digue-nhicomvulguis_OquesGrasses_P.png","datePublished":"2025-05-13T12:56:17+00:00","dateModified":"2025-08-27T11:05:39+00:00","description":"Digue-n\u2019hi com vulguis es el segundo disco de Oques Grasses, publicado en 2014. Consolida su estilo \u00fanico con una fusi\u00f3n de reggae casero, pop y otras","breadcrumb":{"@id":"https:\/\/halleyrecords.com\/es\/producte\/digue-nhi-com-vulguis\/#breadcrumb"},"inLanguage":"es","potentialAction":[{"@type":"ReadAction","target":["https:\/\/halleyrecords.com\/es\/producte\/digue-nhi-com-vulguis\/"]}]},{"@type":"ImageObject","inLanguage":"es","@id":"https:\/\/halleyrecords.com\/es\/producte\/digue-nhi-com-vulguis\/#primaryimage","url":"https:\/\/halleyrecords.com\/wp-content\/uploads\/2025\/05\/Digue-nhicomvulguis_OquesGrasses_P.png","contentUrl":"https:\/\/halleyrecords.com\/wp-content\/uploads\/2025\/05\/Digue-nhicomvulguis_OquesGrasses_P.png","width":700,"height":700},{"@type":"BreadcrumbList","@id":"https:\/\/halleyrecords.com\/es\/producte\/digue-nhi-com-vulguis\/#breadcrumb","itemListElement":[{"@type":"ListItem","position":1,"name":"Home","item":"https:\/\/halleyrecords.com\/es\/"},{"@type":"ListItem","position":2,"name":"Digue-n&#8217;hi com vulguis"}]},{"@type":"WebSite","@id":"https:\/\/halleyrecords.com\/es\/#website","url":"https:\/\/halleyrecords.com\/es\/","name":"Halley Records","description":"","publisher":{"@id":"https:\/\/halleyrecords.com\/es\/#organization"},"potentialAction":[{"@type":"SearchAction","target":{"@type":"EntryPoint","urlTemplate":"https:\/\/halleyrecords.com\/es\/?s={search_term_string}"},"query-input":{"@type":"PropertyValueSpecification","valueRequired":true,"valueName":"search_term_string"}}],"inLanguage":"es"},{"@type":"Organization","@id":"https:\/\/halleyrecords.com\/es\/#organization","name":"Halley Records","url":"https:\/\/halleyrecords.com\/es\/","logo":{"@type":"ImageObject","inLanguage":"es","@id":"https:\/\/halleyrecords.com\/es\/#\/schema\/logo\/image\/","url":"https:\/\/halleyrecords.com\/wp-content\/uploads\/2025\/09\/Halley_logo_positiu.png","contentUrl":"https:\/\/halleyrecords.com\/wp-content\/uploads\/2025\/09\/Halley_logo_positiu.png","width":2008,"height":1521,"caption":"Halley Records"},"image":{"@id":"https:\/\/halleyrecords.com\/es\/#\/schema\/logo\/image\/"},"sameAs":["https:\/\/www.instagram.com\/halleyrecords"]}]}},"_links":{"self":[{"href":"https:\/\/halleyrecords.com\/es\/wp-json\/wp\/v2\/product\/1649","targetHints":{"allow":["GET"]}}],"collection":[{"href":"https:\/\/halleyrecords.com\/es\/wp-json\/wp\/v2\/product"}],"about":[{"href":"https:\/\/halleyrecords.com\/es\/wp-json\/wp\/v2\/types\/product"}],"wp:featuredmedia":[{"embeddable":true,"href":"https:\/\/halleyrecords.com\/es\/wp-json\/wp\/v2\/media\/864"}],"wp:attachment":[{"href":"https:\/\/halleyrecords.com\/es\/wp-json\/wp\/v2\/media?parent=1649"}],"wp:term":[{"taxonomy":"product_brand","embeddable":true,"href":"https:\/\/halleyrecords.com\/es\/wp-json\/wp\/v2\/product_brand?post=1649"},{"taxonomy":"product_cat","embeddable":true,"href":"https:\/\/halleyrecords.com\/es\/wp-json\/wp\/v2\/product_cat?post=1649"},{"taxonomy":"product_tag","embeddable":true,"href":"https:\/\/halleyrecords.com\/es\/wp-json\/wp\/v2\/product_tag?post=1649"}],"curies":[{"name":"wp","href":"https:\/\/api.w.org\/{rel}","templated":true}]}}