{"id":1661,"date":"2025-05-13T13:12:22","date_gmt":"2025-05-13T13:12:22","guid":{"rendered":"https:\/\/halleyrecords.com\/producte\/fruit-del-deliri\/"},"modified":"2026-01-22T18:31:03","modified_gmt":"2026-01-22T18:31:03","slug":"fruit-del-deliri","status":"publish","type":"product","link":"https:\/\/halleyrecords.com\/es\/producte\/fruit-del-deliri\/","title":{"rendered":"Fruit del Deliri"},"content":{"rendered":"<p>El sexto \u00e1lbum de <strong>Oques Grasses <\/strong>es uno de los discos de pop m\u00e1s destacados y populares de la era contempor\u00e1nea. Publicado tras tres a\u00f1os de silencio y una gira apote\u00f3sica, el disco explora un terreno m\u00e1s \u00edntimo y experimental, mezclando pop con elementos electr\u00f3nicos, sonidos cotidianos y una producci\u00f3n minimalista pero cargada de detalles sorprendentes. Canciones como \u201cCOM EL DIA I LA NIT\u201d con Julieta, \u201cGOSSEJAR\u201d con Al\u00b7l\u00e8rgiques al Pol\u00b7len o \u201cTOCA\u201d con Figa Flawas, viajan entre el delirio y la lucidez, mientras las letras de Josep Montero transitan de la infancia a la vejez m\u00e1s nost\u00e1lgica, y del amor al desamor. Un \u00e1lbum diferente, honesto y profundo, que confirma a <strong>Oques Grasses<\/strong> como un referente inimitable. <strong><em>Fruit del Deliri<\/em> <\/strong>tambi\u00e9n ha sido certificado con un Disco de Oro.<\/p>\n","protected":false},"excerpt":{"rendered":"<p>El sexto \u00e1lbum de Oques Grasses es uno de los discos de pop m\u00e1s destacados y populares de la era contempor\u00e1nea. Publicado tras tres a\u00f1os de silencio y una gira apote\u00f3sica, el disco explora un terreno m\u00e1s \u00edntimo y experimental, mezclando pop con elementos electr\u00f3nicos,&#8230;<\/p>\n","protected":false},"featured_media":868,"template":"","meta":{"_acf_changed":false},"product_brand":[],"product_cat":[27],"product_tag":[],"class_list":{"0":"post-1661","1":"product","2":"type-product","3":"status-publish","4":"has-post-thumbnail","6":"product_cat-uncategorized-ca-es","8":"first","9":"instock","10":"shipping-taxable","11":"purchasable","12":"product-type-variable"},"bundled_by":[],"bundle_stock_status":"instock","bundle_stock_quantity":null,"bundle_virtual":false,"bundle_layout":"","bundle_add_to_cart_form_location":"","bundle_editable_in_cart":false,"bundle_sold_individually_context":"","bundle_item_grouping":"","bundle_min_size":"","bundle_max_size":"","bundle_price":[],"bundled_items":[],"bundle_sell_ids":[],"acf":[],"yoast_head":"<!-- This site is optimized with the Yoast SEO plugin v27.4 - https:\/\/yoast.com\/product\/yoast-seo-wordpress\/ -->\n<title>Fruit del Deliri - Halley Records<\/title>\n<meta name=\"description\" content=\"El sexto \u00e1lbum de Oques Grasses es uno de los discos de pop m\u00e1s destacados y populares de la era contempor\u00e1nea. Publicado tras tres a\u00f1os de silencio\" \/>\n<meta name=\"robots\" content=\"index, follow, max-snippet:-1, max-image-preview:large, max-video-preview:-1\" \/>\n<link rel=\"canonical\" href=\"https:\/\/halleyrecords.com\/es\/producte\/fruit-del-deliri\/\" \/>\n<meta property=\"og:locale\" content=\"es_ES\" \/>\n<meta property=\"og:type\" content=\"article\" \/>\n<meta property=\"og:title\" content=\"Fruit del Deliri - Halley Records\" \/>\n<meta property=\"og:description\" content=\"El sexto \u00e1lbum de Oques Grasses es uno de los discos de pop m\u00e1s destacados y populares de la era contempor\u00e1nea. Publicado tras tres a\u00f1os de silencio\" \/>\n<meta property=\"og:url\" content=\"https:\/\/halleyrecords.com\/es\/producte\/fruit-del-deliri\/\" \/>\n<meta property=\"og:site_name\" content=\"Halley Records\" \/>\n<meta property=\"article:modified_time\" content=\"2026-01-22T18:31:03+00:00\" \/>\n<meta property=\"og:image\" content=\"https:\/\/halleyrecords.com\/wp-content\/uploads\/2025\/05\/FruitdelDeliri_OquesGrasses_P.png\" \/>\n\t<meta property=\"og:image:width\" content=\"700\" \/>\n\t<meta property=\"og:image:height\" content=\"700\" \/>\n\t<meta property=\"og:image:type\" content=\"image\/png\" \/>\n<meta name=\"twitter:card\" content=\"summary_large_image\" \/>\n<meta name=\"twitter:label1\" content=\"Tiempo de lectura\" \/>\n\t<meta name=\"twitter:data1\" content=\"1 minuto\" \/>\n<script type=\"application\/ld+json\" class=\"yoast-schema-graph\">{\"@context\":\"https:\\\/\\\/schema.org\",\"@graph\":[{\"@type\":\"WebPage\",\"@id\":\"https:\\\/\\\/halleyrecords.com\\\/es\\\/producte\\\/fruit-del-deliri\\\/\",\"url\":\"https:\\\/\\\/halleyrecords.com\\\/es\\\/producte\\\/fruit-del-deliri\\\/\",\"name\":\"Fruit del Deliri - Halley Records\",\"isPartOf\":{\"@id\":\"https:\\\/\\\/halleyrecords.com\\\/es\\\/#website\"},\"primaryImageOfPage\":{\"@id\":\"https:\\\/\\\/halleyrecords.com\\\/es\\\/producte\\\/fruit-del-deliri\\\/#primaryimage\"},\"image\":{\"@id\":\"https:\\\/\\\/halleyrecords.com\\\/es\\\/producte\\\/fruit-del-deliri\\\/#primaryimage\"},\"thumbnailUrl\":\"https:\\\/\\\/halleyrecords.com\\\/wp-content\\\/uploads\\\/2025\\\/05\\\/FruitdelDeliri_OquesGrasses_P.png\",\"datePublished\":\"2025-05-13T13:12:22+00:00\",\"dateModified\":\"2026-01-22T18:31:03+00:00\",\"description\":\"El sexto \u00e1lbum de Oques Grasses es uno de los discos de pop m\u00e1s destacados y populares de la era contempor\u00e1nea. Publicado tras tres a\u00f1os de silencio\",\"breadcrumb\":{\"@id\":\"https:\\\/\\\/halleyrecords.com\\\/es\\\/producte\\\/fruit-del-deliri\\\/#breadcrumb\"},\"inLanguage\":\"es\",\"potentialAction\":[{\"@type\":\"ReadAction\",\"target\":[\"https:\\\/\\\/halleyrecords.com\\\/es\\\/producte\\\/fruit-del-deliri\\\/\"]}]},{\"@type\":\"ImageObject\",\"inLanguage\":\"es\",\"@id\":\"https:\\\/\\\/halleyrecords.com\\\/es\\\/producte\\\/fruit-del-deliri\\\/#primaryimage\",\"url\":\"https:\\\/\\\/halleyrecords.com\\\/wp-content\\\/uploads\\\/2025\\\/05\\\/FruitdelDeliri_OquesGrasses_P.png\",\"contentUrl\":\"https:\\\/\\\/halleyrecords.com\\\/wp-content\\\/uploads\\\/2025\\\/05\\\/FruitdelDeliri_OquesGrasses_P.png\",\"width\":700,\"height\":700},{\"@type\":\"BreadcrumbList\",\"@id\":\"https:\\\/\\\/halleyrecords.com\\\/es\\\/producte\\\/fruit-del-deliri\\\/#breadcrumb\",\"itemListElement\":[{\"@type\":\"ListItem\",\"position\":1,\"name\":\"Home\",\"item\":\"https:\\\/\\\/halleyrecords.com\\\/es\\\/\"},{\"@type\":\"ListItem\",\"position\":2,\"name\":\"Fruit del Deliri\"}]},{\"@type\":\"WebSite\",\"@id\":\"https:\\\/\\\/halleyrecords.com\\\/es\\\/#website\",\"url\":\"https:\\\/\\\/halleyrecords.com\\\/es\\\/\",\"name\":\"Halley Records\",\"description\":\"\",\"publisher\":{\"@id\":\"https:\\\/\\\/halleyrecords.com\\\/es\\\/#organization\"},\"potentialAction\":[{\"@type\":\"SearchAction\",\"target\":{\"@type\":\"EntryPoint\",\"urlTemplate\":\"https:\\\/\\\/halleyrecords.com\\\/es\\\/?s={search_term_string}\"},\"query-input\":{\"@type\":\"PropertyValueSpecification\",\"valueRequired\":true,\"valueName\":\"search_term_string\"}}],\"inLanguage\":\"es\"},{\"@type\":\"Organization\",\"@id\":\"https:\\\/\\\/halleyrecords.com\\\/es\\\/#organization\",\"name\":\"Halley Records\",\"url\":\"https:\\\/\\\/halleyrecords.com\\\/es\\\/\",\"logo\":{\"@type\":\"ImageObject\",\"inLanguage\":\"es\",\"@id\":\"https:\\\/\\\/halleyrecords.com\\\/es\\\/#\\\/schema\\\/logo\\\/image\\\/\",\"url\":\"https:\\\/\\\/halleyrecords.com\\\/wp-content\\\/uploads\\\/2025\\\/09\\\/Halley_logo_positiu.png\",\"contentUrl\":\"https:\\\/\\\/halleyrecords.com\\\/wp-content\\\/uploads\\\/2025\\\/09\\\/Halley_logo_positiu.png\",\"width\":2008,\"height\":1521,\"caption\":\"Halley Records\"},\"image\":{\"@id\":\"https:\\\/\\\/halleyrecords.com\\\/es\\\/#\\\/schema\\\/logo\\\/image\\\/\"},\"sameAs\":[\"https:\\\/\\\/www.instagram.com\\\/halleyrecords\"]}]}<\/script>\n<!-- \/ Yoast SEO plugin. -->","yoast_head_json":{"title":"Fruit del Deliri - Halley Records","description":"El sexto \u00e1lbum de Oques Grasses es uno de los discos de pop m\u00e1s destacados y populares de la era contempor\u00e1nea. Publicado tras tres a\u00f1os de silencio","robots":{"index":"index","follow":"follow","max-snippet":"max-snippet:-1","max-image-preview":"max-image-preview:large","max-video-preview":"max-video-preview:-1"},"canonical":"https:\/\/halleyrecords.com\/es\/producte\/fruit-del-deliri\/","og_locale":"es_ES","og_type":"article","og_title":"Fruit del Deliri - Halley Records","og_description":"El sexto \u00e1lbum de Oques Grasses es uno de los discos de pop m\u00e1s destacados y populares de la era contempor\u00e1nea. Publicado tras tres a\u00f1os de silencio","og_url":"https:\/\/halleyrecords.com\/es\/producte\/fruit-del-deliri\/","og_site_name":"Halley Records","article_modified_time":"2026-01-22T18:31:03+00:00","og_image":[{"width":700,"height":700,"url":"https:\/\/halleyrecords.com\/wp-content\/uploads\/2025\/05\/FruitdelDeliri_OquesGrasses_P.png","type":"image\/png"}],"twitter_card":"summary_large_image","twitter_misc":{"Tiempo de lectura":"1 minuto"},"schema":{"@context":"https:\/\/schema.org","@graph":[{"@type":"WebPage","@id":"https:\/\/halleyrecords.com\/es\/producte\/fruit-del-deliri\/","url":"https:\/\/halleyrecords.com\/es\/producte\/fruit-del-deliri\/","name":"Fruit del Deliri - Halley Records","isPartOf":{"@id":"https:\/\/halleyrecords.com\/es\/#website"},"primaryImageOfPage":{"@id":"https:\/\/halleyrecords.com\/es\/producte\/fruit-del-deliri\/#primaryimage"},"image":{"@id":"https:\/\/halleyrecords.com\/es\/producte\/fruit-del-deliri\/#primaryimage"},"thumbnailUrl":"https:\/\/halleyrecords.com\/wp-content\/uploads\/2025\/05\/FruitdelDeliri_OquesGrasses_P.png","datePublished":"2025-05-13T13:12:22+00:00","dateModified":"2026-01-22T18:31:03+00:00","description":"El sexto \u00e1lbum de Oques Grasses es uno de los discos de pop m\u00e1s destacados y populares de la era contempor\u00e1nea. Publicado tras tres a\u00f1os de silencio","breadcrumb":{"@id":"https:\/\/halleyrecords.com\/es\/producte\/fruit-del-deliri\/#breadcrumb"},"inLanguage":"es","potentialAction":[{"@type":"ReadAction","target":["https:\/\/halleyrecords.com\/es\/producte\/fruit-del-deliri\/"]}]},{"@type":"ImageObject","inLanguage":"es","@id":"https:\/\/halleyrecords.com\/es\/producte\/fruit-del-deliri\/#primaryimage","url":"https:\/\/halleyrecords.com\/wp-content\/uploads\/2025\/05\/FruitdelDeliri_OquesGrasses_P.png","contentUrl":"https:\/\/halleyrecords.com\/wp-content\/uploads\/2025\/05\/FruitdelDeliri_OquesGrasses_P.png","width":700,"height":700},{"@type":"BreadcrumbList","@id":"https:\/\/halleyrecords.com\/es\/producte\/fruit-del-deliri\/#breadcrumb","itemListElement":[{"@type":"ListItem","position":1,"name":"Home","item":"https:\/\/halleyrecords.com\/es\/"},{"@type":"ListItem","position":2,"name":"Fruit del Deliri"}]},{"@type":"WebSite","@id":"https:\/\/halleyrecords.com\/es\/#website","url":"https:\/\/halleyrecords.com\/es\/","name":"Halley Records","description":"","publisher":{"@id":"https:\/\/halleyrecords.com\/es\/#organization"},"potentialAction":[{"@type":"SearchAction","target":{"@type":"EntryPoint","urlTemplate":"https:\/\/halleyrecords.com\/es\/?s={search_term_string}"},"query-input":{"@type":"PropertyValueSpecification","valueRequired":true,"valueName":"search_term_string"}}],"inLanguage":"es"},{"@type":"Organization","@id":"https:\/\/halleyrecords.com\/es\/#organization","name":"Halley Records","url":"https:\/\/halleyrecords.com\/es\/","logo":{"@type":"ImageObject","inLanguage":"es","@id":"https:\/\/halleyrecords.com\/es\/#\/schema\/logo\/image\/","url":"https:\/\/halleyrecords.com\/wp-content\/uploads\/2025\/09\/Halley_logo_positiu.png","contentUrl":"https:\/\/halleyrecords.com\/wp-content\/uploads\/2025\/09\/Halley_logo_positiu.png","width":2008,"height":1521,"caption":"Halley Records"},"image":{"@id":"https:\/\/halleyrecords.com\/es\/#\/schema\/logo\/image\/"},"sameAs":["https:\/\/www.instagram.com\/halleyrecords"]}]}},"_links":{"self":[{"href":"https:\/\/halleyrecords.com\/es\/wp-json\/wp\/v2\/product\/1661","targetHints":{"allow":["GET"]}}],"collection":[{"href":"https:\/\/halleyrecords.com\/es\/wp-json\/wp\/v2\/product"}],"about":[{"href":"https:\/\/halleyrecords.com\/es\/wp-json\/wp\/v2\/types\/product"}],"wp:featuredmedia":[{"embeddable":true,"href":"https:\/\/halleyrecords.com\/es\/wp-json\/wp\/v2\/media\/868"}],"wp:attachment":[{"href":"https:\/\/halleyrecords.com\/es\/wp-json\/wp\/v2\/media?parent=1661"}],"wp:term":[{"taxonomy":"product_brand","embeddable":true,"href":"https:\/\/halleyrecords.com\/es\/wp-json\/wp\/v2\/product_brand?post=1661"},{"taxonomy":"product_cat","embeddable":true,"href":"https:\/\/halleyrecords.com\/es\/wp-json\/wp\/v2\/product_cat?post=1661"},{"taxonomy":"product_tag","embeddable":true,"href":"https:\/\/halleyrecords.com\/es\/wp-json\/wp\/v2\/product_tag?post=1661"}],"curies":[{"name":"wp","href":"https:\/\/api.w.org\/{rel}","templated":true}]}}