{"id":1695,"date":"2025-05-16T11:32:35","date_gmt":"2025-05-16T11:32:35","guid":{"rendered":"https:\/\/halleyrecords.com\/producte\/benvinguts-al-llarg-viatge\/"},"modified":"2026-01-30T08:25:39","modified_gmt":"2026-01-30T08:25:39","slug":"benvinguts-al-llarg-viatge","status":"publish","type":"product","link":"https:\/\/halleyrecords.com\/es\/producte\/benvinguts-al-llarg-viatge\/","title":{"rendered":"Benvinguts al Llarg Viatge"},"content":{"rendered":"<p><strong>Benvinguts al Llarg Viatge<\/strong> es el primer \u00e1lbum de <strong>Txarango<\/strong>, un trabajo que en 2012 revolucion\u00f3 la escena musical catalana con su fusi\u00f3n de reggae, mestizaje y pop festivo. Con una producci\u00f3n en\u00e9rgica y optimista, el disco desprende una esencia n\u00f3mada y vitalista, con melod\u00edas contagiosas y ritmos que invitan a bailar. Canciones como \u201cVola\u201d, \u201cQuan Tot S\u2019enlaira\u201d y \u201cAmagada Primavera\u201d se convierten en himnos de libertad y celebraci\u00f3n, mientras \u201cLa Dansa del Vestit\u201d es m\u00e1s introspectiva. Con este \u00e1lbum, <strong>Txarango<\/strong> marc\u00f3 un antes y un despu\u00e9s en la m\u00fasica catalana, consolid\u00e1ndose como una de las bandas m\u00e1s queridas por el p\u00fablico.<\/p>\n","protected":false},"excerpt":{"rendered":"<p>Benvinguts al Llarg Viatge es el primer \u00e1lbum de Txarango, un trabajo que en 2012 revolucion\u00f3 la escena musical catalana con su fusi\u00f3n de reggae, mestizaje y pop festivo. Con una producci\u00f3n en\u00e9rgica y optimista, el disco desprende una esencia n\u00f3mada y vitalista, con melod\u00edas&#8230;<\/p>\n","protected":false},"featured_media":1031,"template":"","meta":{"_acf_changed":false},"product_brand":[],"product_cat":[27],"product_tag":[],"class_list":{"0":"post-1695","1":"product","2":"type-product","3":"status-publish","4":"has-post-thumbnail","6":"product_cat-uncategorized-ca-es","8":"first","9":"instock","10":"shipping-taxable","11":"purchasable","12":"product-type-variable"},"bundled_by":[],"bundle_stock_status":"instock","bundle_stock_quantity":360,"bundle_virtual":false,"bundle_layout":"","bundle_add_to_cart_form_location":"","bundle_editable_in_cart":false,"bundle_sold_individually_context":"","bundle_item_grouping":"","bundle_min_size":"","bundle_max_size":"","bundle_price":[],"bundled_items":[],"bundle_sell_ids":[],"acf":[],"yoast_head":"<!-- This site is optimized with the Yoast SEO plugin v27.4 - https:\/\/yoast.com\/product\/yoast-seo-wordpress\/ -->\n<title>Benvinguts al Llarg Viatge - Halley Records<\/title>\n<meta name=\"description\" content=\"Benvinguts al Llarg Viatge es el primer \u00e1lbum de Txarango, un trabajo que en 2012 revolucion\u00f3 la escena musical catalana con su fusi\u00f3n de reggae, mestizaje y pop festivo.\" \/>\n<meta name=\"robots\" content=\"index, follow, max-snippet:-1, max-image-preview:large, max-video-preview:-1\" \/>\n<link rel=\"canonical\" href=\"https:\/\/halleyrecords.com\/es\/producte\/benvinguts-al-llarg-viatge\/\" \/>\n<meta property=\"og:locale\" content=\"es_ES\" \/>\n<meta property=\"og:type\" content=\"article\" \/>\n<meta property=\"og:title\" content=\"Benvinguts al Llarg Viatge - Halley Records\" \/>\n<meta property=\"og:description\" content=\"Benvinguts al Llarg Viatge es el primer \u00e1lbum de Txarango, un trabajo que en 2012 revolucion\u00f3 la escena musical catalana con su fusi\u00f3n de reggae, mestizaje y pop festivo.\" \/>\n<meta property=\"og:url\" content=\"https:\/\/halleyrecords.com\/es\/producte\/benvinguts-al-llarg-viatge\/\" \/>\n<meta property=\"og:site_name\" content=\"Halley Records\" \/>\n<meta property=\"article:modified_time\" content=\"2026-01-30T08:25:39+00:00\" \/>\n<meta property=\"og:image\" content=\"https:\/\/halleyrecords.com\/wp-content\/uploads\/2025\/05\/Benvingutsalllargviatge_Txarango_P.png\" \/>\n\t<meta property=\"og:image:width\" content=\"700\" \/>\n\t<meta property=\"og:image:height\" content=\"700\" \/>\n\t<meta property=\"og:image:type\" content=\"image\/png\" \/>\n<meta name=\"twitter:card\" content=\"summary_large_image\" \/>\n<meta name=\"twitter:label1\" content=\"Tiempo de lectura\" \/>\n\t<meta name=\"twitter:data1\" content=\"1 minuto\" \/>\n<script type=\"application\/ld+json\" class=\"yoast-schema-graph\">{\"@context\":\"https:\\\/\\\/schema.org\",\"@graph\":[{\"@type\":\"WebPage\",\"@id\":\"https:\\\/\\\/halleyrecords.com\\\/es\\\/producte\\\/benvinguts-al-llarg-viatge\\\/\",\"url\":\"https:\\\/\\\/halleyrecords.com\\\/es\\\/producte\\\/benvinguts-al-llarg-viatge\\\/\",\"name\":\"Benvinguts al Llarg Viatge - Halley Records\",\"isPartOf\":{\"@id\":\"https:\\\/\\\/halleyrecords.com\\\/es\\\/#website\"},\"primaryImageOfPage\":{\"@id\":\"https:\\\/\\\/halleyrecords.com\\\/es\\\/producte\\\/benvinguts-al-llarg-viatge\\\/#primaryimage\"},\"image\":{\"@id\":\"https:\\\/\\\/halleyrecords.com\\\/es\\\/producte\\\/benvinguts-al-llarg-viatge\\\/#primaryimage\"},\"thumbnailUrl\":\"https:\\\/\\\/halleyrecords.com\\\/wp-content\\\/uploads\\\/2025\\\/05\\\/Benvingutsalllargviatge_Txarango_P.png\",\"datePublished\":\"2025-05-16T11:32:35+00:00\",\"dateModified\":\"2026-01-30T08:25:39+00:00\",\"description\":\"Benvinguts al Llarg Viatge es el primer \u00e1lbum de Txarango, un trabajo que en 2012 revolucion\u00f3 la escena musical catalana con su fusi\u00f3n de reggae, mestizaje y pop festivo.\",\"breadcrumb\":{\"@id\":\"https:\\\/\\\/halleyrecords.com\\\/es\\\/producte\\\/benvinguts-al-llarg-viatge\\\/#breadcrumb\"},\"inLanguage\":\"es\",\"potentialAction\":[{\"@type\":\"ReadAction\",\"target\":[\"https:\\\/\\\/halleyrecords.com\\\/es\\\/producte\\\/benvinguts-al-llarg-viatge\\\/\"]}]},{\"@type\":\"ImageObject\",\"inLanguage\":\"es\",\"@id\":\"https:\\\/\\\/halleyrecords.com\\\/es\\\/producte\\\/benvinguts-al-llarg-viatge\\\/#primaryimage\",\"url\":\"https:\\\/\\\/halleyrecords.com\\\/wp-content\\\/uploads\\\/2025\\\/05\\\/Benvingutsalllargviatge_Txarango_P.png\",\"contentUrl\":\"https:\\\/\\\/halleyrecords.com\\\/wp-content\\\/uploads\\\/2025\\\/05\\\/Benvingutsalllargviatge_Txarango_P.png\",\"width\":700,\"height\":700},{\"@type\":\"BreadcrumbList\",\"@id\":\"https:\\\/\\\/halleyrecords.com\\\/es\\\/producte\\\/benvinguts-al-llarg-viatge\\\/#breadcrumb\",\"itemListElement\":[{\"@type\":\"ListItem\",\"position\":1,\"name\":\"Home\",\"item\":\"https:\\\/\\\/halleyrecords.com\\\/es\\\/\"},{\"@type\":\"ListItem\",\"position\":2,\"name\":\"Benvinguts al Llarg Viatge\"}]},{\"@type\":\"WebSite\",\"@id\":\"https:\\\/\\\/halleyrecords.com\\\/es\\\/#website\",\"url\":\"https:\\\/\\\/halleyrecords.com\\\/es\\\/\",\"name\":\"Halley Records\",\"description\":\"\",\"publisher\":{\"@id\":\"https:\\\/\\\/halleyrecords.com\\\/es\\\/#organization\"},\"potentialAction\":[{\"@type\":\"SearchAction\",\"target\":{\"@type\":\"EntryPoint\",\"urlTemplate\":\"https:\\\/\\\/halleyrecords.com\\\/es\\\/?s={search_term_string}\"},\"query-input\":{\"@type\":\"PropertyValueSpecification\",\"valueRequired\":true,\"valueName\":\"search_term_string\"}}],\"inLanguage\":\"es\"},{\"@type\":\"Organization\",\"@id\":\"https:\\\/\\\/halleyrecords.com\\\/es\\\/#organization\",\"name\":\"Halley Records\",\"url\":\"https:\\\/\\\/halleyrecords.com\\\/es\\\/\",\"logo\":{\"@type\":\"ImageObject\",\"inLanguage\":\"es\",\"@id\":\"https:\\\/\\\/halleyrecords.com\\\/es\\\/#\\\/schema\\\/logo\\\/image\\\/\",\"url\":\"https:\\\/\\\/halleyrecords.com\\\/wp-content\\\/uploads\\\/2025\\\/09\\\/Halley_logo_positiu.png\",\"contentUrl\":\"https:\\\/\\\/halleyrecords.com\\\/wp-content\\\/uploads\\\/2025\\\/09\\\/Halley_logo_positiu.png\",\"width\":2008,\"height\":1521,\"caption\":\"Halley Records\"},\"image\":{\"@id\":\"https:\\\/\\\/halleyrecords.com\\\/es\\\/#\\\/schema\\\/logo\\\/image\\\/\"},\"sameAs\":[\"https:\\\/\\\/www.instagram.com\\\/halleyrecords\"]}]}<\/script>\n<!-- \/ Yoast SEO plugin. -->","yoast_head_json":{"title":"Benvinguts al Llarg Viatge - Halley Records","description":"Benvinguts al Llarg Viatge es el primer \u00e1lbum de Txarango, un trabajo que en 2012 revolucion\u00f3 la escena musical catalana con su fusi\u00f3n de reggae, mestizaje y pop festivo.","robots":{"index":"index","follow":"follow","max-snippet":"max-snippet:-1","max-image-preview":"max-image-preview:large","max-video-preview":"max-video-preview:-1"},"canonical":"https:\/\/halleyrecords.com\/es\/producte\/benvinguts-al-llarg-viatge\/","og_locale":"es_ES","og_type":"article","og_title":"Benvinguts al Llarg Viatge - Halley Records","og_description":"Benvinguts al Llarg Viatge es el primer \u00e1lbum de Txarango, un trabajo que en 2012 revolucion\u00f3 la escena musical catalana con su fusi\u00f3n de reggae, mestizaje y pop festivo.","og_url":"https:\/\/halleyrecords.com\/es\/producte\/benvinguts-al-llarg-viatge\/","og_site_name":"Halley Records","article_modified_time":"2026-01-30T08:25:39+00:00","og_image":[{"width":700,"height":700,"url":"https:\/\/halleyrecords.com\/wp-content\/uploads\/2025\/05\/Benvingutsalllargviatge_Txarango_P.png","type":"image\/png"}],"twitter_card":"summary_large_image","twitter_misc":{"Tiempo de lectura":"1 minuto"},"schema":{"@context":"https:\/\/schema.org","@graph":[{"@type":"WebPage","@id":"https:\/\/halleyrecords.com\/es\/producte\/benvinguts-al-llarg-viatge\/","url":"https:\/\/halleyrecords.com\/es\/producte\/benvinguts-al-llarg-viatge\/","name":"Benvinguts al Llarg Viatge - Halley Records","isPartOf":{"@id":"https:\/\/halleyrecords.com\/es\/#website"},"primaryImageOfPage":{"@id":"https:\/\/halleyrecords.com\/es\/producte\/benvinguts-al-llarg-viatge\/#primaryimage"},"image":{"@id":"https:\/\/halleyrecords.com\/es\/producte\/benvinguts-al-llarg-viatge\/#primaryimage"},"thumbnailUrl":"https:\/\/halleyrecords.com\/wp-content\/uploads\/2025\/05\/Benvingutsalllargviatge_Txarango_P.png","datePublished":"2025-05-16T11:32:35+00:00","dateModified":"2026-01-30T08:25:39+00:00","description":"Benvinguts al Llarg Viatge es el primer \u00e1lbum de Txarango, un trabajo que en 2012 revolucion\u00f3 la escena musical catalana con su fusi\u00f3n de reggae, mestizaje y pop festivo.","breadcrumb":{"@id":"https:\/\/halleyrecords.com\/es\/producte\/benvinguts-al-llarg-viatge\/#breadcrumb"},"inLanguage":"es","potentialAction":[{"@type":"ReadAction","target":["https:\/\/halleyrecords.com\/es\/producte\/benvinguts-al-llarg-viatge\/"]}]},{"@type":"ImageObject","inLanguage":"es","@id":"https:\/\/halleyrecords.com\/es\/producte\/benvinguts-al-llarg-viatge\/#primaryimage","url":"https:\/\/halleyrecords.com\/wp-content\/uploads\/2025\/05\/Benvingutsalllargviatge_Txarango_P.png","contentUrl":"https:\/\/halleyrecords.com\/wp-content\/uploads\/2025\/05\/Benvingutsalllargviatge_Txarango_P.png","width":700,"height":700},{"@type":"BreadcrumbList","@id":"https:\/\/halleyrecords.com\/es\/producte\/benvinguts-al-llarg-viatge\/#breadcrumb","itemListElement":[{"@type":"ListItem","position":1,"name":"Home","item":"https:\/\/halleyrecords.com\/es\/"},{"@type":"ListItem","position":2,"name":"Benvinguts al Llarg Viatge"}]},{"@type":"WebSite","@id":"https:\/\/halleyrecords.com\/es\/#website","url":"https:\/\/halleyrecords.com\/es\/","name":"Halley Records","description":"","publisher":{"@id":"https:\/\/halleyrecords.com\/es\/#organization"},"potentialAction":[{"@type":"SearchAction","target":{"@type":"EntryPoint","urlTemplate":"https:\/\/halleyrecords.com\/es\/?s={search_term_string}"},"query-input":{"@type":"PropertyValueSpecification","valueRequired":true,"valueName":"search_term_string"}}],"inLanguage":"es"},{"@type":"Organization","@id":"https:\/\/halleyrecords.com\/es\/#organization","name":"Halley Records","url":"https:\/\/halleyrecords.com\/es\/","logo":{"@type":"ImageObject","inLanguage":"es","@id":"https:\/\/halleyrecords.com\/es\/#\/schema\/logo\/image\/","url":"https:\/\/halleyrecords.com\/wp-content\/uploads\/2025\/09\/Halley_logo_positiu.png","contentUrl":"https:\/\/halleyrecords.com\/wp-content\/uploads\/2025\/09\/Halley_logo_positiu.png","width":2008,"height":1521,"caption":"Halley Records"},"image":{"@id":"https:\/\/halleyrecords.com\/es\/#\/schema\/logo\/image\/"},"sameAs":["https:\/\/www.instagram.com\/halleyrecords"]}]}},"_links":{"self":[{"href":"https:\/\/halleyrecords.com\/es\/wp-json\/wp\/v2\/product\/1695","targetHints":{"allow":["GET"]}}],"collection":[{"href":"https:\/\/halleyrecords.com\/es\/wp-json\/wp\/v2\/product"}],"about":[{"href":"https:\/\/halleyrecords.com\/es\/wp-json\/wp\/v2\/types\/product"}],"wp:featuredmedia":[{"embeddable":true,"href":"https:\/\/halleyrecords.com\/es\/wp-json\/wp\/v2\/media\/1031"}],"wp:attachment":[{"href":"https:\/\/halleyrecords.com\/es\/wp-json\/wp\/v2\/media?parent=1695"}],"wp:term":[{"taxonomy":"product_brand","embeddable":true,"href":"https:\/\/halleyrecords.com\/es\/wp-json\/wp\/v2\/product_brand?post=1695"},{"taxonomy":"product_cat","embeddable":true,"href":"https:\/\/halleyrecords.com\/es\/wp-json\/wp\/v2\/product_cat?post=1695"},{"taxonomy":"product_tag","embeddable":true,"href":"https:\/\/halleyrecords.com\/es\/wp-json\/wp\/v2\/product_tag?post=1695"}],"curies":[{"name":"wp","href":"https:\/\/api.w.org\/{rel}","templated":true}]}}