{"id":1726,"date":"2025-06-13T12:35:15","date_gmt":"2025-06-13T12:35:15","guid":{"rendered":"https:\/\/halleyrecords.com\/producte\/rimmel\/"},"modified":"2025-08-28T09:38:51","modified_gmt":"2025-08-28T09:38:51","slug":"rimmel","status":"publish","type":"product","link":"https:\/\/halleyrecords.com\/es\/producte\/rimmel\/","title":{"rendered":"R\u00edmmel (EP)"},"content":{"rendered":"<p>El EP <em><strong>R\u00edmmel<\/strong><\/em> del grupo de rap feminista y reivindicativo valenciano <strong>Pupil\u00b7les<\/strong> re\u00fane cinco canciones publicadas entre 2018 y 2019, producidas por uno de los grandes nombres de la m\u00fasica valenciana contempor\u00e1nea, Mark Dasousa: \u201cV\u201d, \u201cColps de puny\u201d, \u201cCita previa\u201d (en castellano), \u201cLl\u00e0grimes negres\u201d y \u201cDomini m\u00e0gic\u201d con la colaboraci\u00f3n de Suu. El t\u00edtulo <em><strong>R\u00edmmel<\/strong><\/em> rinde homenaje a la autora catalana Josefa Contijoch, quien en su novela hom\u00f3nima escribe: \u201ctrama que construye, destruye, reconstruye, decanta, magnifica, desaprueba, dignifica, decapita&#8230;\u201d. Como Contijoch, en este EP<strong> Pupil\u00b7les<\/strong> habla de mujeres, de sus problem\u00e1ticas, sus anhelos y su fuerza. La sonoridad se caracteriza por potentes bases electr\u00f3nicas que fusionan rap, reggaet\u00f3n y m\u00fasica urbana, creando un ambiente en\u00e9rgico y bailable.<\/p>\n","protected":false},"excerpt":{"rendered":"<p>El EP R\u00edmmel del grupo de rap feminista y reivindicativo valenciano Pupil\u00b7les re\u00fane cinco canciones publicadas entre 2018 y 2019, producidas por uno de los grandes nombres de la m\u00fasica valenciana contempor\u00e1nea, Mark Dasousa: \u201cV\u201d, \u201cColps de puny\u201d, \u201cCita previa\u201d (en castellano), \u201cLl\u00e0grimes negres\u201d y&#8230;<\/p>\n","protected":false},"featured_media":931,"template":"","meta":{"_acf_changed":false},"product_brand":[],"product_cat":[27],"product_tag":[],"class_list":{"0":"post-1726","1":"product","2":"type-product","3":"status-publish","4":"has-post-thumbnail","6":"product_cat-uncategorized-ca-es","8":"first","9":"instock","10":"shipping-taxable","11":"purchasable","12":"product-type-variable"},"bundled_by":[],"bundle_stock_status":"instock","bundle_stock_quantity":20,"bundle_virtual":false,"bundle_layout":"","bundle_add_to_cart_form_location":"","bundle_editable_in_cart":false,"bundle_sold_individually_context":"","bundle_item_grouping":"","bundle_min_size":"","bundle_max_size":"","bundle_price":[],"bundled_items":[],"bundle_sell_ids":[],"acf":[],"yoast_head":"<!-- This site is optimized with the Yoast SEO plugin v27.4 - https:\/\/yoast.com\/product\/yoast-seo-wordpress\/ -->\n<title>R\u00edmmel (EP) - Halley Records<\/title>\n<meta name=\"description\" content=\"El EP R\u00edmmel del grupo de rap feminista y reivindicativo valenciano Pupil\u00b7les re\u00fane cinco canciones publicadas entre 2018 y 2019\" \/>\n<meta name=\"robots\" content=\"index, follow, max-snippet:-1, max-image-preview:large, max-video-preview:-1\" \/>\n<link rel=\"canonical\" href=\"https:\/\/halleyrecords.com\/es\/producte\/rimmel\/\" \/>\n<meta property=\"og:locale\" content=\"es_ES\" \/>\n<meta property=\"og:type\" content=\"article\" \/>\n<meta property=\"og:title\" content=\"R\u00edmmel (EP) - Halley Records\" \/>\n<meta property=\"og:description\" content=\"El EP R\u00edmmel del grupo de rap feminista y reivindicativo valenciano Pupil\u00b7les re\u00fane cinco canciones publicadas entre 2018 y 2019\" \/>\n<meta property=\"og:url\" content=\"https:\/\/halleyrecords.com\/es\/producte\/rimmel\/\" \/>\n<meta property=\"og:site_name\" content=\"Halley Records\" \/>\n<meta property=\"article:modified_time\" content=\"2025-08-28T09:38:51+00:00\" \/>\n<meta property=\"og:image\" content=\"https:\/\/halleyrecords.com\/wp-content\/uploads\/2025\/05\/Rimmel_Pupilles_P.png\" \/>\n\t<meta property=\"og:image:width\" content=\"700\" \/>\n\t<meta property=\"og:image:height\" content=\"700\" \/>\n\t<meta property=\"og:image:type\" content=\"image\/png\" \/>\n<meta name=\"twitter:card\" content=\"summary_large_image\" \/>\n<meta name=\"twitter:label1\" content=\"Tiempo de lectura\" \/>\n\t<meta name=\"twitter:data1\" content=\"1 minuto\" \/>\n<script type=\"application\/ld+json\" class=\"yoast-schema-graph\">{\"@context\":\"https:\\\/\\\/schema.org\",\"@graph\":[{\"@type\":\"WebPage\",\"@id\":\"https:\\\/\\\/halleyrecords.com\\\/es\\\/producte\\\/rimmel\\\/\",\"url\":\"https:\\\/\\\/halleyrecords.com\\\/es\\\/producte\\\/rimmel\\\/\",\"name\":\"R\u00edmmel (EP) - Halley Records\",\"isPartOf\":{\"@id\":\"https:\\\/\\\/halleyrecords.com\\\/es\\\/#website\"},\"primaryImageOfPage\":{\"@id\":\"https:\\\/\\\/halleyrecords.com\\\/es\\\/producte\\\/rimmel\\\/#primaryimage\"},\"image\":{\"@id\":\"https:\\\/\\\/halleyrecords.com\\\/es\\\/producte\\\/rimmel\\\/#primaryimage\"},\"thumbnailUrl\":\"https:\\\/\\\/halleyrecords.com\\\/wp-content\\\/uploads\\\/2025\\\/05\\\/Rimmel_Pupilles_P.png\",\"datePublished\":\"2025-06-13T12:35:15+00:00\",\"dateModified\":\"2025-08-28T09:38:51+00:00\",\"description\":\"El EP R\u00edmmel del grupo de rap feminista y reivindicativo valenciano Pupil\u00b7les re\u00fane cinco canciones publicadas entre 2018 y 2019\",\"breadcrumb\":{\"@id\":\"https:\\\/\\\/halleyrecords.com\\\/es\\\/producte\\\/rimmel\\\/#breadcrumb\"},\"inLanguage\":\"es\",\"potentialAction\":[{\"@type\":\"ReadAction\",\"target\":[\"https:\\\/\\\/halleyrecords.com\\\/es\\\/producte\\\/rimmel\\\/\"]}]},{\"@type\":\"ImageObject\",\"inLanguage\":\"es\",\"@id\":\"https:\\\/\\\/halleyrecords.com\\\/es\\\/producte\\\/rimmel\\\/#primaryimage\",\"url\":\"https:\\\/\\\/halleyrecords.com\\\/wp-content\\\/uploads\\\/2025\\\/05\\\/Rimmel_Pupilles_P.png\",\"contentUrl\":\"https:\\\/\\\/halleyrecords.com\\\/wp-content\\\/uploads\\\/2025\\\/05\\\/Rimmel_Pupilles_P.png\",\"width\":700,\"height\":700},{\"@type\":\"BreadcrumbList\",\"@id\":\"https:\\\/\\\/halleyrecords.com\\\/es\\\/producte\\\/rimmel\\\/#breadcrumb\",\"itemListElement\":[{\"@type\":\"ListItem\",\"position\":1,\"name\":\"Home\",\"item\":\"https:\\\/\\\/halleyrecords.com\\\/es\\\/\"},{\"@type\":\"ListItem\",\"position\":2,\"name\":\"R\u00edmmel (EP)\"}]},{\"@type\":\"WebSite\",\"@id\":\"https:\\\/\\\/halleyrecords.com\\\/es\\\/#website\",\"url\":\"https:\\\/\\\/halleyrecords.com\\\/es\\\/\",\"name\":\"Halley Records\",\"description\":\"\",\"publisher\":{\"@id\":\"https:\\\/\\\/halleyrecords.com\\\/es\\\/#organization\"},\"potentialAction\":[{\"@type\":\"SearchAction\",\"target\":{\"@type\":\"EntryPoint\",\"urlTemplate\":\"https:\\\/\\\/halleyrecords.com\\\/es\\\/?s={search_term_string}\"},\"query-input\":{\"@type\":\"PropertyValueSpecification\",\"valueRequired\":true,\"valueName\":\"search_term_string\"}}],\"inLanguage\":\"es\"},{\"@type\":\"Organization\",\"@id\":\"https:\\\/\\\/halleyrecords.com\\\/es\\\/#organization\",\"name\":\"Halley Records\",\"url\":\"https:\\\/\\\/halleyrecords.com\\\/es\\\/\",\"logo\":{\"@type\":\"ImageObject\",\"inLanguage\":\"es\",\"@id\":\"https:\\\/\\\/halleyrecords.com\\\/es\\\/#\\\/schema\\\/logo\\\/image\\\/\",\"url\":\"https:\\\/\\\/halleyrecords.com\\\/wp-content\\\/uploads\\\/2025\\\/09\\\/Halley_logo_positiu.png\",\"contentUrl\":\"https:\\\/\\\/halleyrecords.com\\\/wp-content\\\/uploads\\\/2025\\\/09\\\/Halley_logo_positiu.png\",\"width\":2008,\"height\":1521,\"caption\":\"Halley Records\"},\"image\":{\"@id\":\"https:\\\/\\\/halleyrecords.com\\\/es\\\/#\\\/schema\\\/logo\\\/image\\\/\"},\"sameAs\":[\"https:\\\/\\\/www.instagram.com\\\/halleyrecords\"]}]}<\/script>\n<!-- \/ Yoast SEO plugin. -->","yoast_head_json":{"title":"R\u00edmmel (EP) - Halley Records","description":"El EP R\u00edmmel del grupo de rap feminista y reivindicativo valenciano Pupil\u00b7les re\u00fane cinco canciones publicadas entre 2018 y 2019","robots":{"index":"index","follow":"follow","max-snippet":"max-snippet:-1","max-image-preview":"max-image-preview:large","max-video-preview":"max-video-preview:-1"},"canonical":"https:\/\/halleyrecords.com\/es\/producte\/rimmel\/","og_locale":"es_ES","og_type":"article","og_title":"R\u00edmmel (EP) - Halley Records","og_description":"El EP R\u00edmmel del grupo de rap feminista y reivindicativo valenciano Pupil\u00b7les re\u00fane cinco canciones publicadas entre 2018 y 2019","og_url":"https:\/\/halleyrecords.com\/es\/producte\/rimmel\/","og_site_name":"Halley Records","article_modified_time":"2025-08-28T09:38:51+00:00","og_image":[{"width":700,"height":700,"url":"https:\/\/halleyrecords.com\/wp-content\/uploads\/2025\/05\/Rimmel_Pupilles_P.png","type":"image\/png"}],"twitter_card":"summary_large_image","twitter_misc":{"Tiempo de lectura":"1 minuto"},"schema":{"@context":"https:\/\/schema.org","@graph":[{"@type":"WebPage","@id":"https:\/\/halleyrecords.com\/es\/producte\/rimmel\/","url":"https:\/\/halleyrecords.com\/es\/producte\/rimmel\/","name":"R\u00edmmel (EP) - Halley Records","isPartOf":{"@id":"https:\/\/halleyrecords.com\/es\/#website"},"primaryImageOfPage":{"@id":"https:\/\/halleyrecords.com\/es\/producte\/rimmel\/#primaryimage"},"image":{"@id":"https:\/\/halleyrecords.com\/es\/producte\/rimmel\/#primaryimage"},"thumbnailUrl":"https:\/\/halleyrecords.com\/wp-content\/uploads\/2025\/05\/Rimmel_Pupilles_P.png","datePublished":"2025-06-13T12:35:15+00:00","dateModified":"2025-08-28T09:38:51+00:00","description":"El EP R\u00edmmel del grupo de rap feminista y reivindicativo valenciano Pupil\u00b7les re\u00fane cinco canciones publicadas entre 2018 y 2019","breadcrumb":{"@id":"https:\/\/halleyrecords.com\/es\/producte\/rimmel\/#breadcrumb"},"inLanguage":"es","potentialAction":[{"@type":"ReadAction","target":["https:\/\/halleyrecords.com\/es\/producte\/rimmel\/"]}]},{"@type":"ImageObject","inLanguage":"es","@id":"https:\/\/halleyrecords.com\/es\/producte\/rimmel\/#primaryimage","url":"https:\/\/halleyrecords.com\/wp-content\/uploads\/2025\/05\/Rimmel_Pupilles_P.png","contentUrl":"https:\/\/halleyrecords.com\/wp-content\/uploads\/2025\/05\/Rimmel_Pupilles_P.png","width":700,"height":700},{"@type":"BreadcrumbList","@id":"https:\/\/halleyrecords.com\/es\/producte\/rimmel\/#breadcrumb","itemListElement":[{"@type":"ListItem","position":1,"name":"Home","item":"https:\/\/halleyrecords.com\/es\/"},{"@type":"ListItem","position":2,"name":"R\u00edmmel (EP)"}]},{"@type":"WebSite","@id":"https:\/\/halleyrecords.com\/es\/#website","url":"https:\/\/halleyrecords.com\/es\/","name":"Halley Records","description":"","publisher":{"@id":"https:\/\/halleyrecords.com\/es\/#organization"},"potentialAction":[{"@type":"SearchAction","target":{"@type":"EntryPoint","urlTemplate":"https:\/\/halleyrecords.com\/es\/?s={search_term_string}"},"query-input":{"@type":"PropertyValueSpecification","valueRequired":true,"valueName":"search_term_string"}}],"inLanguage":"es"},{"@type":"Organization","@id":"https:\/\/halleyrecords.com\/es\/#organization","name":"Halley Records","url":"https:\/\/halleyrecords.com\/es\/","logo":{"@type":"ImageObject","inLanguage":"es","@id":"https:\/\/halleyrecords.com\/es\/#\/schema\/logo\/image\/","url":"https:\/\/halleyrecords.com\/wp-content\/uploads\/2025\/09\/Halley_logo_positiu.png","contentUrl":"https:\/\/halleyrecords.com\/wp-content\/uploads\/2025\/09\/Halley_logo_positiu.png","width":2008,"height":1521,"caption":"Halley Records"},"image":{"@id":"https:\/\/halleyrecords.com\/es\/#\/schema\/logo\/image\/"},"sameAs":["https:\/\/www.instagram.com\/halleyrecords"]}]}},"_links":{"self":[{"href":"https:\/\/halleyrecords.com\/es\/wp-json\/wp\/v2\/product\/1726","targetHints":{"allow":["GET"]}}],"collection":[{"href":"https:\/\/halleyrecords.com\/es\/wp-json\/wp\/v2\/product"}],"about":[{"href":"https:\/\/halleyrecords.com\/es\/wp-json\/wp\/v2\/types\/product"}],"wp:featuredmedia":[{"embeddable":true,"href":"https:\/\/halleyrecords.com\/es\/wp-json\/wp\/v2\/media\/931"}],"wp:attachment":[{"href":"https:\/\/halleyrecords.com\/es\/wp-json\/wp\/v2\/media?parent=1726"}],"wp:term":[{"taxonomy":"product_brand","embeddable":true,"href":"https:\/\/halleyrecords.com\/es\/wp-json\/wp\/v2\/product_brand?post=1726"},{"taxonomy":"product_cat","embeddable":true,"href":"https:\/\/halleyrecords.com\/es\/wp-json\/wp\/v2\/product_cat?post=1726"},{"taxonomy":"product_tag","embeddable":true,"href":"https:\/\/halleyrecords.com\/es\/wp-json\/wp\/v2\/product_tag?post=1726"}],"curies":[{"name":"wp","href":"https:\/\/api.w.org\/{rel}","templated":true}]}}