{"id":1751,"date":"2025-07-24T11:07:26","date_gmt":"2025-07-24T11:07:26","guid":{"rendered":"https:\/\/halleyrecords.com\/producte\/paracaigudistes\/"},"modified":"2025-08-28T10:35:46","modified_gmt":"2025-08-28T10:35:46","slug":"paracaigudistes","status":"publish","type":"product","link":"https:\/\/halleyrecords.com\/es\/producte\/paracaigudistes\/","title":{"rendered":"Paracaigudistes"},"content":{"rendered":"<p><em><strong>PARACAIGUDISTES<\/strong><\/em> es un disco valiente y vitalista con el que<strong> Els Catarres<\/strong> reivindican el coraje de vivir plenamente, amar sin garant\u00edas y saltar al vac\u00edo con el coraz\u00f3n abierto. Con una propuesta sonora diversa \u2014del pop y la rumba al reggae y el indie\u2014 el tr\u00edo ofrece himnos sobre el amor, la p\u00e9rdida, la familia, el pa\u00eds y la amistad. Temas como \u201cParacaigudistes\u201d, \u201cLa Fortuna\u201d, \u201cPa\u00eds Estrany\u201d (con Roger Mas) o \u201cParad\u00eds\u201d (con Massilia Sound System) encapsulan este esp\u00edritu libre y emocional. Es un disco que transforma cicatrices en medallas, lleno de humanidad, energ\u00eda y gratitud. Vivir, por fin, como un acto revolucionario.<\/p>\n","protected":false},"excerpt":{"rendered":"<p>PARACAIGUDISTES es un disco valiente y vitalista con el que Els Catarres reivindican el coraje de vivir plenamente, amar sin garant\u00edas y saltar al vac\u00edo con el coraz\u00f3n abierto. Con una propuesta sonora diversa \u2014del pop y la rumba al reggae y el indie\u2014 el&#8230;<\/p>\n","protected":false},"featured_media":519,"template":"","meta":{"_acf_changed":false},"product_brand":[],"product_cat":[27],"product_tag":[],"class_list":{"0":"post-1751","1":"product","2":"type-product","3":"status-publish","4":"has-post-thumbnail","6":"product_cat-uncategorized-ca-es","8":"first","9":"instock","10":"shipping-taxable","11":"purchasable","12":"product-type-variable"},"bundled_by":[],"bundle_stock_status":"instock","bundle_stock_quantity":42,"bundle_virtual":false,"bundle_layout":"","bundle_add_to_cart_form_location":"","bundle_editable_in_cart":false,"bundle_sold_individually_context":"","bundle_item_grouping":"","bundle_min_size":"","bundle_max_size":"","bundle_price":[],"bundled_items":[],"bundle_sell_ids":[],"acf":[],"yoast_head":"<!-- This site is optimized with the Yoast SEO plugin v27.4 - https:\/\/yoast.com\/product\/yoast-seo-wordpress\/ -->\n<title>Paracaigudistes - Halley Records<\/title>\n<meta name=\"description\" content=\"PARACAIGUDISTES es un disco valiente y vitalista con el que Els Catarres reivindican el coraje de vivir plenamente, amar sin garant\u00edas y saltar al vac\u00edo con el coraz\u00f3n abierto\" \/>\n<meta name=\"robots\" content=\"index, follow, max-snippet:-1, max-image-preview:large, max-video-preview:-1\" \/>\n<link rel=\"canonical\" href=\"https:\/\/halleyrecords.com\/es\/producte\/paracaigudistes\/\" \/>\n<meta property=\"og:locale\" content=\"es_ES\" \/>\n<meta property=\"og:type\" content=\"article\" \/>\n<meta property=\"og:title\" content=\"Paracaigudistes - Halley Records\" \/>\n<meta property=\"og:description\" content=\"PARACAIGUDISTES es un disco valiente y vitalista con el que Els Catarres reivindican el coraje de vivir plenamente, amar sin garant\u00edas y saltar al vac\u00edo con el coraz\u00f3n abierto\" \/>\n<meta property=\"og:url\" content=\"https:\/\/halleyrecords.com\/es\/producte\/paracaigudistes\/\" \/>\n<meta property=\"og:site_name\" content=\"Halley Records\" \/>\n<meta property=\"article:modified_time\" content=\"2025-08-28T10:35:46+00:00\" \/>\n<meta property=\"og:image\" content=\"https:\/\/halleyrecords.com\/wp-content\/uploads\/2025\/05\/PARACAIGUDISTES_ElsCatarres_P-1024x1024.png\" \/>\n\t<meta property=\"og:image:width\" content=\"1024\" \/>\n\t<meta property=\"og:image:height\" content=\"1024\" \/>\n\t<meta property=\"og:image:type\" content=\"image\/png\" \/>\n<meta name=\"twitter:card\" content=\"summary_large_image\" \/>\n<meta name=\"twitter:label1\" content=\"Tiempo de lectura\" \/>\n\t<meta name=\"twitter:data1\" content=\"1 minuto\" \/>\n<script type=\"application\/ld+json\" class=\"yoast-schema-graph\">{\"@context\":\"https:\\\/\\\/schema.org\",\"@graph\":[{\"@type\":\"WebPage\",\"@id\":\"https:\\\/\\\/halleyrecords.com\\\/es\\\/producte\\\/paracaigudistes\\\/\",\"url\":\"https:\\\/\\\/halleyrecords.com\\\/es\\\/producte\\\/paracaigudistes\\\/\",\"name\":\"Paracaigudistes - Halley Records\",\"isPartOf\":{\"@id\":\"https:\\\/\\\/halleyrecords.com\\\/es\\\/#website\"},\"primaryImageOfPage\":{\"@id\":\"https:\\\/\\\/halleyrecords.com\\\/es\\\/producte\\\/paracaigudistes\\\/#primaryimage\"},\"image\":{\"@id\":\"https:\\\/\\\/halleyrecords.com\\\/es\\\/producte\\\/paracaigudistes\\\/#primaryimage\"},\"thumbnailUrl\":\"https:\\\/\\\/halleyrecords.com\\\/wp-content\\\/uploads\\\/2025\\\/05\\\/PARACAIGUDISTES_ElsCatarres_P.png\",\"datePublished\":\"2025-07-24T11:07:26+00:00\",\"dateModified\":\"2025-08-28T10:35:46+00:00\",\"description\":\"PARACAIGUDISTES es un disco valiente y vitalista con el que Els Catarres reivindican el coraje de vivir plenamente, amar sin garant\u00edas y saltar al vac\u00edo con el coraz\u00f3n abierto\",\"breadcrumb\":{\"@id\":\"https:\\\/\\\/halleyrecords.com\\\/es\\\/producte\\\/paracaigudistes\\\/#breadcrumb\"},\"inLanguage\":\"es\",\"potentialAction\":[{\"@type\":\"ReadAction\",\"target\":[\"https:\\\/\\\/halleyrecords.com\\\/es\\\/producte\\\/paracaigudistes\\\/\"]}]},{\"@type\":\"ImageObject\",\"inLanguage\":\"es\",\"@id\":\"https:\\\/\\\/halleyrecords.com\\\/es\\\/producte\\\/paracaigudistes\\\/#primaryimage\",\"url\":\"https:\\\/\\\/halleyrecords.com\\\/wp-content\\\/uploads\\\/2025\\\/05\\\/PARACAIGUDISTES_ElsCatarres_P.png\",\"contentUrl\":\"https:\\\/\\\/halleyrecords.com\\\/wp-content\\\/uploads\\\/2025\\\/05\\\/PARACAIGUDISTES_ElsCatarres_P.png\",\"width\":3000,\"height\":3000},{\"@type\":\"BreadcrumbList\",\"@id\":\"https:\\\/\\\/halleyrecords.com\\\/es\\\/producte\\\/paracaigudistes\\\/#breadcrumb\",\"itemListElement\":[{\"@type\":\"ListItem\",\"position\":1,\"name\":\"Home\",\"item\":\"https:\\\/\\\/halleyrecords.com\\\/es\\\/\"},{\"@type\":\"ListItem\",\"position\":2,\"name\":\"Paracaigudistes\"}]},{\"@type\":\"WebSite\",\"@id\":\"https:\\\/\\\/halleyrecords.com\\\/es\\\/#website\",\"url\":\"https:\\\/\\\/halleyrecords.com\\\/es\\\/\",\"name\":\"Halley Records\",\"description\":\"\",\"publisher\":{\"@id\":\"https:\\\/\\\/halleyrecords.com\\\/es\\\/#organization\"},\"potentialAction\":[{\"@type\":\"SearchAction\",\"target\":{\"@type\":\"EntryPoint\",\"urlTemplate\":\"https:\\\/\\\/halleyrecords.com\\\/es\\\/?s={search_term_string}\"},\"query-input\":{\"@type\":\"PropertyValueSpecification\",\"valueRequired\":true,\"valueName\":\"search_term_string\"}}],\"inLanguage\":\"es\"},{\"@type\":\"Organization\",\"@id\":\"https:\\\/\\\/halleyrecords.com\\\/es\\\/#organization\",\"name\":\"Halley Records\",\"url\":\"https:\\\/\\\/halleyrecords.com\\\/es\\\/\",\"logo\":{\"@type\":\"ImageObject\",\"inLanguage\":\"es\",\"@id\":\"https:\\\/\\\/halleyrecords.com\\\/es\\\/#\\\/schema\\\/logo\\\/image\\\/\",\"url\":\"https:\\\/\\\/halleyrecords.com\\\/wp-content\\\/uploads\\\/2025\\\/09\\\/Halley_logo_positiu.png\",\"contentUrl\":\"https:\\\/\\\/halleyrecords.com\\\/wp-content\\\/uploads\\\/2025\\\/09\\\/Halley_logo_positiu.png\",\"width\":2008,\"height\":1521,\"caption\":\"Halley Records\"},\"image\":{\"@id\":\"https:\\\/\\\/halleyrecords.com\\\/es\\\/#\\\/schema\\\/logo\\\/image\\\/\"},\"sameAs\":[\"https:\\\/\\\/www.instagram.com\\\/halleyrecords\"]}]}<\/script>\n<!-- \/ Yoast SEO plugin. -->","yoast_head_json":{"title":"Paracaigudistes - Halley Records","description":"PARACAIGUDISTES es un disco valiente y vitalista con el que Els Catarres reivindican el coraje de vivir plenamente, amar sin garant\u00edas y saltar al vac\u00edo con el coraz\u00f3n abierto","robots":{"index":"index","follow":"follow","max-snippet":"max-snippet:-1","max-image-preview":"max-image-preview:large","max-video-preview":"max-video-preview:-1"},"canonical":"https:\/\/halleyrecords.com\/es\/producte\/paracaigudistes\/","og_locale":"es_ES","og_type":"article","og_title":"Paracaigudistes - Halley Records","og_description":"PARACAIGUDISTES es un disco valiente y vitalista con el que Els Catarres reivindican el coraje de vivir plenamente, amar sin garant\u00edas y saltar al vac\u00edo con el coraz\u00f3n abierto","og_url":"https:\/\/halleyrecords.com\/es\/producte\/paracaigudistes\/","og_site_name":"Halley Records","article_modified_time":"2025-08-28T10:35:46+00:00","og_image":[{"width":1024,"height":1024,"url":"https:\/\/halleyrecords.com\/wp-content\/uploads\/2025\/05\/PARACAIGUDISTES_ElsCatarres_P-1024x1024.png","type":"image\/png"}],"twitter_card":"summary_large_image","twitter_misc":{"Tiempo de lectura":"1 minuto"},"schema":{"@context":"https:\/\/schema.org","@graph":[{"@type":"WebPage","@id":"https:\/\/halleyrecords.com\/es\/producte\/paracaigudistes\/","url":"https:\/\/halleyrecords.com\/es\/producte\/paracaigudistes\/","name":"Paracaigudistes - Halley Records","isPartOf":{"@id":"https:\/\/halleyrecords.com\/es\/#website"},"primaryImageOfPage":{"@id":"https:\/\/halleyrecords.com\/es\/producte\/paracaigudistes\/#primaryimage"},"image":{"@id":"https:\/\/halleyrecords.com\/es\/producte\/paracaigudistes\/#primaryimage"},"thumbnailUrl":"https:\/\/halleyrecords.com\/wp-content\/uploads\/2025\/05\/PARACAIGUDISTES_ElsCatarres_P.png","datePublished":"2025-07-24T11:07:26+00:00","dateModified":"2025-08-28T10:35:46+00:00","description":"PARACAIGUDISTES es un disco valiente y vitalista con el que Els Catarres reivindican el coraje de vivir plenamente, amar sin garant\u00edas y saltar al vac\u00edo con el coraz\u00f3n abierto","breadcrumb":{"@id":"https:\/\/halleyrecords.com\/es\/producte\/paracaigudistes\/#breadcrumb"},"inLanguage":"es","potentialAction":[{"@type":"ReadAction","target":["https:\/\/halleyrecords.com\/es\/producte\/paracaigudistes\/"]}]},{"@type":"ImageObject","inLanguage":"es","@id":"https:\/\/halleyrecords.com\/es\/producte\/paracaigudistes\/#primaryimage","url":"https:\/\/halleyrecords.com\/wp-content\/uploads\/2025\/05\/PARACAIGUDISTES_ElsCatarres_P.png","contentUrl":"https:\/\/halleyrecords.com\/wp-content\/uploads\/2025\/05\/PARACAIGUDISTES_ElsCatarres_P.png","width":3000,"height":3000},{"@type":"BreadcrumbList","@id":"https:\/\/halleyrecords.com\/es\/producte\/paracaigudistes\/#breadcrumb","itemListElement":[{"@type":"ListItem","position":1,"name":"Home","item":"https:\/\/halleyrecords.com\/es\/"},{"@type":"ListItem","position":2,"name":"Paracaigudistes"}]},{"@type":"WebSite","@id":"https:\/\/halleyrecords.com\/es\/#website","url":"https:\/\/halleyrecords.com\/es\/","name":"Halley Records","description":"","publisher":{"@id":"https:\/\/halleyrecords.com\/es\/#organization"},"potentialAction":[{"@type":"SearchAction","target":{"@type":"EntryPoint","urlTemplate":"https:\/\/halleyrecords.com\/es\/?s={search_term_string}"},"query-input":{"@type":"PropertyValueSpecification","valueRequired":true,"valueName":"search_term_string"}}],"inLanguage":"es"},{"@type":"Organization","@id":"https:\/\/halleyrecords.com\/es\/#organization","name":"Halley Records","url":"https:\/\/halleyrecords.com\/es\/","logo":{"@type":"ImageObject","inLanguage":"es","@id":"https:\/\/halleyrecords.com\/es\/#\/schema\/logo\/image\/","url":"https:\/\/halleyrecords.com\/wp-content\/uploads\/2025\/09\/Halley_logo_positiu.png","contentUrl":"https:\/\/halleyrecords.com\/wp-content\/uploads\/2025\/09\/Halley_logo_positiu.png","width":2008,"height":1521,"caption":"Halley Records"},"image":{"@id":"https:\/\/halleyrecords.com\/es\/#\/schema\/logo\/image\/"},"sameAs":["https:\/\/www.instagram.com\/halleyrecords"]}]}},"_links":{"self":[{"href":"https:\/\/halleyrecords.com\/es\/wp-json\/wp\/v2\/product\/1751","targetHints":{"allow":["GET"]}}],"collection":[{"href":"https:\/\/halleyrecords.com\/es\/wp-json\/wp\/v2\/product"}],"about":[{"href":"https:\/\/halleyrecords.com\/es\/wp-json\/wp\/v2\/types\/product"}],"wp:featuredmedia":[{"embeddable":true,"href":"https:\/\/halleyrecords.com\/es\/wp-json\/wp\/v2\/media\/519"}],"wp:attachment":[{"href":"https:\/\/halleyrecords.com\/es\/wp-json\/wp\/v2\/media?parent=1751"}],"wp:term":[{"taxonomy":"product_brand","embeddable":true,"href":"https:\/\/halleyrecords.com\/es\/wp-json\/wp\/v2\/product_brand?post=1751"},{"taxonomy":"product_cat","embeddable":true,"href":"https:\/\/halleyrecords.com\/es\/wp-json\/wp\/v2\/product_cat?post=1751"},{"taxonomy":"product_tag","embeddable":true,"href":"https:\/\/halleyrecords.com\/es\/wp-json\/wp\/v2\/product_tag?post=1751"}],"curies":[{"name":"wp","href":"https:\/\/api.w.org\/{rel}","templated":true}]}}