{"id":1759,"date":"2025-07-24T11:57:06","date_gmt":"2025-07-24T11:57:06","guid":{"rendered":"https:\/\/halleyrecords.com\/producte\/picants-obscenes-amor-i-penes\/"},"modified":"2025-08-28T10:46:12","modified_gmt":"2025-08-28T10:46:12","slug":"picants-obscenes-amor-i-penes","status":"publish","type":"product","link":"https:\/\/halleyrecords.com\/es\/producte\/picants-obscenes-amor-i-penes\/","title":{"rendered":"Picants, obscenes, amor i penes"},"content":{"rendered":"<p><em><strong>Picants, obscenes, amor i penes<\/strong><\/em> es el cuarto trabajo de <strong>Germ\u00e0 Negre<\/strong>, un EP irreverente y festivo que celebra la tradici\u00f3n oral desde el humor, la libertad y la desinhibici\u00f3n. El grupo de Banyoles vuelve a sus ra\u00edces con cuatro canciones que versionan y adaptan piezas populares, mezclando estilos como la pachanga holandesa, la jota, la cobla o ritmos caribe\u00f1os. Con colaboraciones como El Pony Pisador y la Cobla Bisbal Jove, el disco se convierte en una fiesta musical sin filtros. Fieles a su esencia, <strong>Germ\u00e0 Negre<\/strong> convierte la cultura popular en un espect\u00e1culo vivo, irreverente y compartido.<\/p>\n","protected":false},"excerpt":{"rendered":"<p>Picants, obscenes, amor i penes es el cuarto trabajo de Germ\u00e0 Negre, un EP irreverente y festivo que celebra la tradici\u00f3n oral desde el humor, la libertad y la desinhibici\u00f3n. El grupo de Banyoles vuelve a sus ra\u00edces con cuatro canciones que versionan y adaptan&#8230;<\/p>\n","protected":false},"featured_media":592,"template":"","meta":{"_acf_changed":false},"product_brand":[],"product_cat":[27],"product_tag":[],"class_list":{"0":"post-1759","1":"product","2":"type-product","3":"status-publish","4":"has-post-thumbnail","6":"product_cat-uncategorized-ca-es","8":"first","9":"instock","10":"shipping-taxable","11":"purchasable","12":"product-type-variable"},"bundled_by":[],"bundle_stock_status":"instock","bundle_stock_quantity":5,"bundle_virtual":false,"bundle_layout":"","bundle_add_to_cart_form_location":"","bundle_editable_in_cart":false,"bundle_sold_individually_context":"","bundle_item_grouping":"","bundle_min_size":"","bundle_max_size":"","bundle_price":[],"bundled_items":[],"bundle_sell_ids":[],"acf":[],"yoast_head":"<!-- This site is optimized with the Yoast SEO plugin v27.4 - https:\/\/yoast.com\/product\/yoast-seo-wordpress\/ -->\n<title>Picants, obscenes, amor i penes - Halley Records<\/title>\n<meta name=\"description\" content=\"Picants, obscenes, amor i penes es el cuarto trabajo de Germ\u00e0 Negre, un EP irreverente y festivo que celebra la tradici\u00f3n oral desde el humor\" \/>\n<meta name=\"robots\" content=\"index, follow, max-snippet:-1, max-image-preview:large, max-video-preview:-1\" \/>\n<link rel=\"canonical\" href=\"https:\/\/halleyrecords.com\/es\/producte\/picants-obscenes-amor-i-penes\/\" \/>\n<meta property=\"og:locale\" content=\"es_ES\" \/>\n<meta property=\"og:type\" content=\"article\" \/>\n<meta property=\"og:title\" content=\"Picants, obscenes, amor i penes - Halley Records\" \/>\n<meta property=\"og:description\" content=\"Picants, obscenes, amor i penes es el cuarto trabajo de Germ\u00e0 Negre, un EP irreverente y festivo que celebra la tradici\u00f3n oral desde el humor\" \/>\n<meta property=\"og:url\" content=\"https:\/\/halleyrecords.com\/es\/producte\/picants-obscenes-amor-i-penes\/\" \/>\n<meta property=\"og:site_name\" content=\"Halley Records\" \/>\n<meta property=\"article:modified_time\" content=\"2025-08-28T10:46:12+00:00\" \/>\n<meta property=\"og:image\" content=\"https:\/\/halleyrecords.com\/wp-content\/uploads\/2025\/05\/Picantsobscenesamoripenes_Germanegre_P.png\" \/>\n\t<meta property=\"og:image:width\" content=\"700\" \/>\n\t<meta property=\"og:image:height\" content=\"700\" \/>\n\t<meta property=\"og:image:type\" content=\"image\/png\" \/>\n<meta name=\"twitter:card\" content=\"summary_large_image\" \/>\n<meta name=\"twitter:label1\" content=\"Tiempo de lectura\" \/>\n\t<meta name=\"twitter:data1\" content=\"1 minuto\" \/>\n<script type=\"application\/ld+json\" class=\"yoast-schema-graph\">{\"@context\":\"https:\\\/\\\/schema.org\",\"@graph\":[{\"@type\":\"WebPage\",\"@id\":\"https:\\\/\\\/halleyrecords.com\\\/es\\\/producte\\\/picants-obscenes-amor-i-penes\\\/\",\"url\":\"https:\\\/\\\/halleyrecords.com\\\/es\\\/producte\\\/picants-obscenes-amor-i-penes\\\/\",\"name\":\"Picants, obscenes, amor i penes - Halley Records\",\"isPartOf\":{\"@id\":\"https:\\\/\\\/halleyrecords.com\\\/es\\\/#website\"},\"primaryImageOfPage\":{\"@id\":\"https:\\\/\\\/halleyrecords.com\\\/es\\\/producte\\\/picants-obscenes-amor-i-penes\\\/#primaryimage\"},\"image\":{\"@id\":\"https:\\\/\\\/halleyrecords.com\\\/es\\\/producte\\\/picants-obscenes-amor-i-penes\\\/#primaryimage\"},\"thumbnailUrl\":\"https:\\\/\\\/halleyrecords.com\\\/wp-content\\\/uploads\\\/2025\\\/05\\\/Picantsobscenesamoripenes_Germanegre_P.png\",\"datePublished\":\"2025-07-24T11:57:06+00:00\",\"dateModified\":\"2025-08-28T10:46:12+00:00\",\"description\":\"Picants, obscenes, amor i penes es el cuarto trabajo de Germ\u00e0 Negre, un EP irreverente y festivo que celebra la tradici\u00f3n oral desde el humor\",\"breadcrumb\":{\"@id\":\"https:\\\/\\\/halleyrecords.com\\\/es\\\/producte\\\/picants-obscenes-amor-i-penes\\\/#breadcrumb\"},\"inLanguage\":\"es\",\"potentialAction\":[{\"@type\":\"ReadAction\",\"target\":[\"https:\\\/\\\/halleyrecords.com\\\/es\\\/producte\\\/picants-obscenes-amor-i-penes\\\/\"]}]},{\"@type\":\"ImageObject\",\"inLanguage\":\"es\",\"@id\":\"https:\\\/\\\/halleyrecords.com\\\/es\\\/producte\\\/picants-obscenes-amor-i-penes\\\/#primaryimage\",\"url\":\"https:\\\/\\\/halleyrecords.com\\\/wp-content\\\/uploads\\\/2025\\\/05\\\/Picantsobscenesamoripenes_Germanegre_P.png\",\"contentUrl\":\"https:\\\/\\\/halleyrecords.com\\\/wp-content\\\/uploads\\\/2025\\\/05\\\/Picantsobscenesamoripenes_Germanegre_P.png\",\"width\":700,\"height\":700},{\"@type\":\"BreadcrumbList\",\"@id\":\"https:\\\/\\\/halleyrecords.com\\\/es\\\/producte\\\/picants-obscenes-amor-i-penes\\\/#breadcrumb\",\"itemListElement\":[{\"@type\":\"ListItem\",\"position\":1,\"name\":\"Home\",\"item\":\"https:\\\/\\\/halleyrecords.com\\\/es\\\/\"},{\"@type\":\"ListItem\",\"position\":2,\"name\":\"Picants, obscenes, amor i penes\"}]},{\"@type\":\"WebSite\",\"@id\":\"https:\\\/\\\/halleyrecords.com\\\/es\\\/#website\",\"url\":\"https:\\\/\\\/halleyrecords.com\\\/es\\\/\",\"name\":\"Halley Records\",\"description\":\"\",\"publisher\":{\"@id\":\"https:\\\/\\\/halleyrecords.com\\\/es\\\/#organization\"},\"potentialAction\":[{\"@type\":\"SearchAction\",\"target\":{\"@type\":\"EntryPoint\",\"urlTemplate\":\"https:\\\/\\\/halleyrecords.com\\\/es\\\/?s={search_term_string}\"},\"query-input\":{\"@type\":\"PropertyValueSpecification\",\"valueRequired\":true,\"valueName\":\"search_term_string\"}}],\"inLanguage\":\"es\"},{\"@type\":\"Organization\",\"@id\":\"https:\\\/\\\/halleyrecords.com\\\/es\\\/#organization\",\"name\":\"Halley Records\",\"url\":\"https:\\\/\\\/halleyrecords.com\\\/es\\\/\",\"logo\":{\"@type\":\"ImageObject\",\"inLanguage\":\"es\",\"@id\":\"https:\\\/\\\/halleyrecords.com\\\/es\\\/#\\\/schema\\\/logo\\\/image\\\/\",\"url\":\"https:\\\/\\\/halleyrecords.com\\\/wp-content\\\/uploads\\\/2025\\\/09\\\/Halley_logo_positiu.png\",\"contentUrl\":\"https:\\\/\\\/halleyrecords.com\\\/wp-content\\\/uploads\\\/2025\\\/09\\\/Halley_logo_positiu.png\",\"width\":2008,\"height\":1521,\"caption\":\"Halley Records\"},\"image\":{\"@id\":\"https:\\\/\\\/halleyrecords.com\\\/es\\\/#\\\/schema\\\/logo\\\/image\\\/\"},\"sameAs\":[\"https:\\\/\\\/www.instagram.com\\\/halleyrecords\"]}]}<\/script>\n<!-- \/ Yoast SEO plugin. -->","yoast_head_json":{"title":"Picants, obscenes, amor i penes - Halley Records","description":"Picants, obscenes, amor i penes es el cuarto trabajo de Germ\u00e0 Negre, un EP irreverente y festivo que celebra la tradici\u00f3n oral desde el humor","robots":{"index":"index","follow":"follow","max-snippet":"max-snippet:-1","max-image-preview":"max-image-preview:large","max-video-preview":"max-video-preview:-1"},"canonical":"https:\/\/halleyrecords.com\/es\/producte\/picants-obscenes-amor-i-penes\/","og_locale":"es_ES","og_type":"article","og_title":"Picants, obscenes, amor i penes - Halley Records","og_description":"Picants, obscenes, amor i penes es el cuarto trabajo de Germ\u00e0 Negre, un EP irreverente y festivo que celebra la tradici\u00f3n oral desde el humor","og_url":"https:\/\/halleyrecords.com\/es\/producte\/picants-obscenes-amor-i-penes\/","og_site_name":"Halley Records","article_modified_time":"2025-08-28T10:46:12+00:00","og_image":[{"width":700,"height":700,"url":"https:\/\/halleyrecords.com\/wp-content\/uploads\/2025\/05\/Picantsobscenesamoripenes_Germanegre_P.png","type":"image\/png"}],"twitter_card":"summary_large_image","twitter_misc":{"Tiempo de lectura":"1 minuto"},"schema":{"@context":"https:\/\/schema.org","@graph":[{"@type":"WebPage","@id":"https:\/\/halleyrecords.com\/es\/producte\/picants-obscenes-amor-i-penes\/","url":"https:\/\/halleyrecords.com\/es\/producte\/picants-obscenes-amor-i-penes\/","name":"Picants, obscenes, amor i penes - Halley Records","isPartOf":{"@id":"https:\/\/halleyrecords.com\/es\/#website"},"primaryImageOfPage":{"@id":"https:\/\/halleyrecords.com\/es\/producte\/picants-obscenes-amor-i-penes\/#primaryimage"},"image":{"@id":"https:\/\/halleyrecords.com\/es\/producte\/picants-obscenes-amor-i-penes\/#primaryimage"},"thumbnailUrl":"https:\/\/halleyrecords.com\/wp-content\/uploads\/2025\/05\/Picantsobscenesamoripenes_Germanegre_P.png","datePublished":"2025-07-24T11:57:06+00:00","dateModified":"2025-08-28T10:46:12+00:00","description":"Picants, obscenes, amor i penes es el cuarto trabajo de Germ\u00e0 Negre, un EP irreverente y festivo que celebra la tradici\u00f3n oral desde el humor","breadcrumb":{"@id":"https:\/\/halleyrecords.com\/es\/producte\/picants-obscenes-amor-i-penes\/#breadcrumb"},"inLanguage":"es","potentialAction":[{"@type":"ReadAction","target":["https:\/\/halleyrecords.com\/es\/producte\/picants-obscenes-amor-i-penes\/"]}]},{"@type":"ImageObject","inLanguage":"es","@id":"https:\/\/halleyrecords.com\/es\/producte\/picants-obscenes-amor-i-penes\/#primaryimage","url":"https:\/\/halleyrecords.com\/wp-content\/uploads\/2025\/05\/Picantsobscenesamoripenes_Germanegre_P.png","contentUrl":"https:\/\/halleyrecords.com\/wp-content\/uploads\/2025\/05\/Picantsobscenesamoripenes_Germanegre_P.png","width":700,"height":700},{"@type":"BreadcrumbList","@id":"https:\/\/halleyrecords.com\/es\/producte\/picants-obscenes-amor-i-penes\/#breadcrumb","itemListElement":[{"@type":"ListItem","position":1,"name":"Home","item":"https:\/\/halleyrecords.com\/es\/"},{"@type":"ListItem","position":2,"name":"Picants, obscenes, amor i penes"}]},{"@type":"WebSite","@id":"https:\/\/halleyrecords.com\/es\/#website","url":"https:\/\/halleyrecords.com\/es\/","name":"Halley Records","description":"","publisher":{"@id":"https:\/\/halleyrecords.com\/es\/#organization"},"potentialAction":[{"@type":"SearchAction","target":{"@type":"EntryPoint","urlTemplate":"https:\/\/halleyrecords.com\/es\/?s={search_term_string}"},"query-input":{"@type":"PropertyValueSpecification","valueRequired":true,"valueName":"search_term_string"}}],"inLanguage":"es"},{"@type":"Organization","@id":"https:\/\/halleyrecords.com\/es\/#organization","name":"Halley Records","url":"https:\/\/halleyrecords.com\/es\/","logo":{"@type":"ImageObject","inLanguage":"es","@id":"https:\/\/halleyrecords.com\/es\/#\/schema\/logo\/image\/","url":"https:\/\/halleyrecords.com\/wp-content\/uploads\/2025\/09\/Halley_logo_positiu.png","contentUrl":"https:\/\/halleyrecords.com\/wp-content\/uploads\/2025\/09\/Halley_logo_positiu.png","width":2008,"height":1521,"caption":"Halley Records"},"image":{"@id":"https:\/\/halleyrecords.com\/es\/#\/schema\/logo\/image\/"},"sameAs":["https:\/\/www.instagram.com\/halleyrecords"]}]}},"_links":{"self":[{"href":"https:\/\/halleyrecords.com\/es\/wp-json\/wp\/v2\/product\/1759","targetHints":{"allow":["GET"]}}],"collection":[{"href":"https:\/\/halleyrecords.com\/es\/wp-json\/wp\/v2\/product"}],"about":[{"href":"https:\/\/halleyrecords.com\/es\/wp-json\/wp\/v2\/types\/product"}],"wp:featuredmedia":[{"embeddable":true,"href":"https:\/\/halleyrecords.com\/es\/wp-json\/wp\/v2\/media\/592"}],"wp:attachment":[{"href":"https:\/\/halleyrecords.com\/es\/wp-json\/wp\/v2\/media?parent=1759"}],"wp:term":[{"taxonomy":"product_brand","embeddable":true,"href":"https:\/\/halleyrecords.com\/es\/wp-json\/wp\/v2\/product_brand?post=1759"},{"taxonomy":"product_cat","embeddable":true,"href":"https:\/\/halleyrecords.com\/es\/wp-json\/wp\/v2\/product_cat?post=1759"},{"taxonomy":"product_tag","embeddable":true,"href":"https:\/\/halleyrecords.com\/es\/wp-json\/wp\/v2\/product_tag?post=1759"}],"curies":[{"name":"wp","href":"https:\/\/api.w.org\/{rel}","templated":true}]}}