{"id":1779,"date":"2025-07-24T14:25:03","date_gmt":"2025-07-24T14:25:03","guid":{"rendered":"https:\/\/halleyrecords.com\/producte\/conmigo-tranquilo-ep\/"},"modified":"2025-08-28T11:19:24","modified_gmt":"2025-08-28T11:19:24","slug":"conmigo-tranquilo-ep","status":"publish","type":"product","link":"https:\/\/halleyrecords.com\/es\/producte\/conmigo-tranquilo-ep\/","title":{"rendered":"Conmigo, tranquilo (EP)"},"content":{"rendered":"<p><strong>Pau Lobo<\/strong>, voz de La Sra. Tomasa, se aleja de la fiesta y el espect\u00e1culo para ofrecer su obra m\u00e1s \u00edntima:<em><strong> Conmigo, tranquilo<\/strong><\/em>. Tres canciones nacidas del duelo por la p\u00e9rdida de su hermano Marc, que transforman el dolor en luz, serenidad y memoria eterna. Junto al productor Arnau Figueres, <strong>Pau<\/strong> se desnuda musicalmente para explorar nuevos colores sonoros y emociones profundas. \u201cDe repente\u201d, \u201cVuela\u201d y \u201cHace un tiempo ya\u201d son tres actos vitales que celebran el amor, la aceptaci\u00f3n y la paz. Un viaje breve pero intenso hacia la esencia de lo que somos.<\/p>\n","protected":false},"excerpt":{"rendered":"<p>Pau Lobo, voz de La Sra. Tomasa, se aleja de la fiesta y el espect\u00e1culo para ofrecer su obra m\u00e1s \u00edntima: Conmigo, tranquilo. Tres canciones nacidas del duelo por la p\u00e9rdida de su hermano Marc, que transforman el dolor en luz, serenidad y memoria eterna&#8230;.<\/p>\n","protected":false},"featured_media":891,"template":"","meta":{"_acf_changed":false},"product_brand":[],"product_cat":[27],"product_tag":[],"class_list":{"0":"post-1779","1":"product","2":"type-product","3":"status-publish","4":"has-post-thumbnail","6":"product_cat-uncategorized-ca-es","8":"first","9":"instock","10":"shipping-taxable","11":"purchasable","12":"product-type-variable"},"bundled_by":[],"bundle_stock_status":"instock","bundle_stock_quantity":30,"bundle_virtual":false,"bundle_layout":"","bundle_add_to_cart_form_location":"","bundle_editable_in_cart":false,"bundle_sold_individually_context":"","bundle_item_grouping":"","bundle_min_size":"","bundle_max_size":"","bundle_price":[],"bundled_items":[],"bundle_sell_ids":[],"acf":[],"yoast_head":"<!-- This site is optimized with the Yoast SEO plugin v27.4 - https:\/\/yoast.com\/product\/yoast-seo-wordpress\/ -->\n<title>Conmigo, tranquilo (EP) - Halley Records<\/title>\n<meta name=\"description\" content=\"Pau Lobo, voz de La Sra. Tomasa, se aleja de la fiesta y el espect\u00e1culo para ofrecer su obra m\u00e1s \u00edntima: Conmigo, tranquilo.\" \/>\n<meta name=\"robots\" content=\"index, follow, max-snippet:-1, max-image-preview:large, max-video-preview:-1\" \/>\n<link rel=\"canonical\" href=\"https:\/\/halleyrecords.com\/es\/producte\/conmigo-tranquilo-ep\/\" \/>\n<meta property=\"og:locale\" content=\"es_ES\" \/>\n<meta property=\"og:type\" content=\"article\" \/>\n<meta property=\"og:title\" content=\"Conmigo, tranquilo (EP) - Halley Records\" \/>\n<meta property=\"og:description\" content=\"Pau Lobo, voz de La Sra. Tomasa, se aleja de la fiesta y el espect\u00e1culo para ofrecer su obra m\u00e1s \u00edntima: Conmigo, tranquilo.\" \/>\n<meta property=\"og:url\" content=\"https:\/\/halleyrecords.com\/es\/producte\/conmigo-tranquilo-ep\/\" \/>\n<meta property=\"og:site_name\" content=\"Halley Records\" \/>\n<meta property=\"article:modified_time\" content=\"2025-08-28T11:19:24+00:00\" \/>\n<meta property=\"og:image\" content=\"https:\/\/halleyrecords.com\/wp-content\/uploads\/2025\/05\/Conmigotranquilo_PauLobo_P.png\" \/>\n\t<meta property=\"og:image:width\" content=\"700\" \/>\n\t<meta property=\"og:image:height\" content=\"700\" \/>\n\t<meta property=\"og:image:type\" content=\"image\/png\" \/>\n<meta name=\"twitter:card\" content=\"summary_large_image\" \/>\n<meta name=\"twitter:label1\" content=\"Tiempo de lectura\" \/>\n\t<meta name=\"twitter:data1\" content=\"1 minuto\" \/>\n<script type=\"application\/ld+json\" class=\"yoast-schema-graph\">{\"@context\":\"https:\\\/\\\/schema.org\",\"@graph\":[{\"@type\":\"WebPage\",\"@id\":\"https:\\\/\\\/halleyrecords.com\\\/es\\\/producte\\\/conmigo-tranquilo-ep\\\/\",\"url\":\"https:\\\/\\\/halleyrecords.com\\\/es\\\/producte\\\/conmigo-tranquilo-ep\\\/\",\"name\":\"Conmigo, tranquilo (EP) - Halley Records\",\"isPartOf\":{\"@id\":\"https:\\\/\\\/halleyrecords.com\\\/es\\\/#website\"},\"primaryImageOfPage\":{\"@id\":\"https:\\\/\\\/halleyrecords.com\\\/es\\\/producte\\\/conmigo-tranquilo-ep\\\/#primaryimage\"},\"image\":{\"@id\":\"https:\\\/\\\/halleyrecords.com\\\/es\\\/producte\\\/conmigo-tranquilo-ep\\\/#primaryimage\"},\"thumbnailUrl\":\"https:\\\/\\\/halleyrecords.com\\\/wp-content\\\/uploads\\\/2025\\\/05\\\/Conmigotranquilo_PauLobo_P.png\",\"datePublished\":\"2025-07-24T14:25:03+00:00\",\"dateModified\":\"2025-08-28T11:19:24+00:00\",\"description\":\"Pau Lobo, voz de La Sra. Tomasa, se aleja de la fiesta y el espect\u00e1culo para ofrecer su obra m\u00e1s \u00edntima: Conmigo, tranquilo.\",\"breadcrumb\":{\"@id\":\"https:\\\/\\\/halleyrecords.com\\\/es\\\/producte\\\/conmigo-tranquilo-ep\\\/#breadcrumb\"},\"inLanguage\":\"es\",\"potentialAction\":[{\"@type\":\"ReadAction\",\"target\":[\"https:\\\/\\\/halleyrecords.com\\\/es\\\/producte\\\/conmigo-tranquilo-ep\\\/\"]}]},{\"@type\":\"ImageObject\",\"inLanguage\":\"es\",\"@id\":\"https:\\\/\\\/halleyrecords.com\\\/es\\\/producte\\\/conmigo-tranquilo-ep\\\/#primaryimage\",\"url\":\"https:\\\/\\\/halleyrecords.com\\\/wp-content\\\/uploads\\\/2025\\\/05\\\/Conmigotranquilo_PauLobo_P.png\",\"contentUrl\":\"https:\\\/\\\/halleyrecords.com\\\/wp-content\\\/uploads\\\/2025\\\/05\\\/Conmigotranquilo_PauLobo_P.png\",\"width\":700,\"height\":700},{\"@type\":\"BreadcrumbList\",\"@id\":\"https:\\\/\\\/halleyrecords.com\\\/es\\\/producte\\\/conmigo-tranquilo-ep\\\/#breadcrumb\",\"itemListElement\":[{\"@type\":\"ListItem\",\"position\":1,\"name\":\"Home\",\"item\":\"https:\\\/\\\/halleyrecords.com\\\/es\\\/\"},{\"@type\":\"ListItem\",\"position\":2,\"name\":\"Conmigo, tranquilo (EP)\"}]},{\"@type\":\"WebSite\",\"@id\":\"https:\\\/\\\/halleyrecords.com\\\/es\\\/#website\",\"url\":\"https:\\\/\\\/halleyrecords.com\\\/es\\\/\",\"name\":\"Halley Records\",\"description\":\"\",\"publisher\":{\"@id\":\"https:\\\/\\\/halleyrecords.com\\\/es\\\/#organization\"},\"potentialAction\":[{\"@type\":\"SearchAction\",\"target\":{\"@type\":\"EntryPoint\",\"urlTemplate\":\"https:\\\/\\\/halleyrecords.com\\\/es\\\/?s={search_term_string}\"},\"query-input\":{\"@type\":\"PropertyValueSpecification\",\"valueRequired\":true,\"valueName\":\"search_term_string\"}}],\"inLanguage\":\"es\"},{\"@type\":\"Organization\",\"@id\":\"https:\\\/\\\/halleyrecords.com\\\/es\\\/#organization\",\"name\":\"Halley Records\",\"url\":\"https:\\\/\\\/halleyrecords.com\\\/es\\\/\",\"logo\":{\"@type\":\"ImageObject\",\"inLanguage\":\"es\",\"@id\":\"https:\\\/\\\/halleyrecords.com\\\/es\\\/#\\\/schema\\\/logo\\\/image\\\/\",\"url\":\"https:\\\/\\\/halleyrecords.com\\\/wp-content\\\/uploads\\\/2025\\\/09\\\/Halley_logo_positiu.png\",\"contentUrl\":\"https:\\\/\\\/halleyrecords.com\\\/wp-content\\\/uploads\\\/2025\\\/09\\\/Halley_logo_positiu.png\",\"width\":2008,\"height\":1521,\"caption\":\"Halley Records\"},\"image\":{\"@id\":\"https:\\\/\\\/halleyrecords.com\\\/es\\\/#\\\/schema\\\/logo\\\/image\\\/\"},\"sameAs\":[\"https:\\\/\\\/www.instagram.com\\\/halleyrecords\"]}]}<\/script>\n<!-- \/ Yoast SEO plugin. -->","yoast_head_json":{"title":"Conmigo, tranquilo (EP) - Halley Records","description":"Pau Lobo, voz de La Sra. Tomasa, se aleja de la fiesta y el espect\u00e1culo para ofrecer su obra m\u00e1s \u00edntima: Conmigo, tranquilo.","robots":{"index":"index","follow":"follow","max-snippet":"max-snippet:-1","max-image-preview":"max-image-preview:large","max-video-preview":"max-video-preview:-1"},"canonical":"https:\/\/halleyrecords.com\/es\/producte\/conmigo-tranquilo-ep\/","og_locale":"es_ES","og_type":"article","og_title":"Conmigo, tranquilo (EP) - Halley Records","og_description":"Pau Lobo, voz de La Sra. Tomasa, se aleja de la fiesta y el espect\u00e1culo para ofrecer su obra m\u00e1s \u00edntima: Conmigo, tranquilo.","og_url":"https:\/\/halleyrecords.com\/es\/producte\/conmigo-tranquilo-ep\/","og_site_name":"Halley Records","article_modified_time":"2025-08-28T11:19:24+00:00","og_image":[{"width":700,"height":700,"url":"https:\/\/halleyrecords.com\/wp-content\/uploads\/2025\/05\/Conmigotranquilo_PauLobo_P.png","type":"image\/png"}],"twitter_card":"summary_large_image","twitter_misc":{"Tiempo de lectura":"1 minuto"},"schema":{"@context":"https:\/\/schema.org","@graph":[{"@type":"WebPage","@id":"https:\/\/halleyrecords.com\/es\/producte\/conmigo-tranquilo-ep\/","url":"https:\/\/halleyrecords.com\/es\/producte\/conmigo-tranquilo-ep\/","name":"Conmigo, tranquilo (EP) - Halley Records","isPartOf":{"@id":"https:\/\/halleyrecords.com\/es\/#website"},"primaryImageOfPage":{"@id":"https:\/\/halleyrecords.com\/es\/producte\/conmigo-tranquilo-ep\/#primaryimage"},"image":{"@id":"https:\/\/halleyrecords.com\/es\/producte\/conmigo-tranquilo-ep\/#primaryimage"},"thumbnailUrl":"https:\/\/halleyrecords.com\/wp-content\/uploads\/2025\/05\/Conmigotranquilo_PauLobo_P.png","datePublished":"2025-07-24T14:25:03+00:00","dateModified":"2025-08-28T11:19:24+00:00","description":"Pau Lobo, voz de La Sra. Tomasa, se aleja de la fiesta y el espect\u00e1culo para ofrecer su obra m\u00e1s \u00edntima: Conmigo, tranquilo.","breadcrumb":{"@id":"https:\/\/halleyrecords.com\/es\/producte\/conmigo-tranquilo-ep\/#breadcrumb"},"inLanguage":"es","potentialAction":[{"@type":"ReadAction","target":["https:\/\/halleyrecords.com\/es\/producte\/conmigo-tranquilo-ep\/"]}]},{"@type":"ImageObject","inLanguage":"es","@id":"https:\/\/halleyrecords.com\/es\/producte\/conmigo-tranquilo-ep\/#primaryimage","url":"https:\/\/halleyrecords.com\/wp-content\/uploads\/2025\/05\/Conmigotranquilo_PauLobo_P.png","contentUrl":"https:\/\/halleyrecords.com\/wp-content\/uploads\/2025\/05\/Conmigotranquilo_PauLobo_P.png","width":700,"height":700},{"@type":"BreadcrumbList","@id":"https:\/\/halleyrecords.com\/es\/producte\/conmigo-tranquilo-ep\/#breadcrumb","itemListElement":[{"@type":"ListItem","position":1,"name":"Home","item":"https:\/\/halleyrecords.com\/es\/"},{"@type":"ListItem","position":2,"name":"Conmigo, tranquilo (EP)"}]},{"@type":"WebSite","@id":"https:\/\/halleyrecords.com\/es\/#website","url":"https:\/\/halleyrecords.com\/es\/","name":"Halley Records","description":"","publisher":{"@id":"https:\/\/halleyrecords.com\/es\/#organization"},"potentialAction":[{"@type":"SearchAction","target":{"@type":"EntryPoint","urlTemplate":"https:\/\/halleyrecords.com\/es\/?s={search_term_string}"},"query-input":{"@type":"PropertyValueSpecification","valueRequired":true,"valueName":"search_term_string"}}],"inLanguage":"es"},{"@type":"Organization","@id":"https:\/\/halleyrecords.com\/es\/#organization","name":"Halley Records","url":"https:\/\/halleyrecords.com\/es\/","logo":{"@type":"ImageObject","inLanguage":"es","@id":"https:\/\/halleyrecords.com\/es\/#\/schema\/logo\/image\/","url":"https:\/\/halleyrecords.com\/wp-content\/uploads\/2025\/09\/Halley_logo_positiu.png","contentUrl":"https:\/\/halleyrecords.com\/wp-content\/uploads\/2025\/09\/Halley_logo_positiu.png","width":2008,"height":1521,"caption":"Halley Records"},"image":{"@id":"https:\/\/halleyrecords.com\/es\/#\/schema\/logo\/image\/"},"sameAs":["https:\/\/www.instagram.com\/halleyrecords"]}]}},"_links":{"self":[{"href":"https:\/\/halleyrecords.com\/es\/wp-json\/wp\/v2\/product\/1779","targetHints":{"allow":["GET"]}}],"collection":[{"href":"https:\/\/halleyrecords.com\/es\/wp-json\/wp\/v2\/product"}],"about":[{"href":"https:\/\/halleyrecords.com\/es\/wp-json\/wp\/v2\/types\/product"}],"wp:featuredmedia":[{"embeddable":true,"href":"https:\/\/halleyrecords.com\/es\/wp-json\/wp\/v2\/media\/891"}],"wp:attachment":[{"href":"https:\/\/halleyrecords.com\/es\/wp-json\/wp\/v2\/media?parent=1779"}],"wp:term":[{"taxonomy":"product_brand","embeddable":true,"href":"https:\/\/halleyrecords.com\/es\/wp-json\/wp\/v2\/product_brand?post=1779"},{"taxonomy":"product_cat","embeddable":true,"href":"https:\/\/halleyrecords.com\/es\/wp-json\/wp\/v2\/product_cat?post=1779"},{"taxonomy":"product_tag","embeddable":true,"href":"https:\/\/halleyrecords.com\/es\/wp-json\/wp\/v2\/product_tag?post=1779"}],"curies":[{"name":"wp","href":"https:\/\/api.w.org\/{rel}","templated":true}]}}